{"id":23827,"date":"2024-04-05T18:17:23","date_gmt":"2024-04-05T18:17:23","guid":{"rendered":"https:\/\/grillsymbol.com\/?post_type=product&#038;p=23827"},"modified":"2024-09-11T11:14:40","modified_gmt":"2024-09-11T11:14:40","slug":"grillsymbol-grillrost-fur-fleisch-meat-griddle","status":"publish","type":"product","link":"https:\/\/www.grillsymbol.com\/de\/shop\/grillzubehor\/grillsymbol-grillrost-fur-fleisch-meat-griddle\/","title":{"rendered":"GrillSymbol Grillrost f\u00fcr Fleisch Meat Griddle"},"content":{"rendered":"<p>Das Besondere am Meat Griddle Grillrost ist das Verh\u00e4ltnis der Metalloberfl\u00e4che zu Luftspalten \u2013 dies verhindert das Verbrennen von Fleisch am offenen Feuer und verleiht dem Gericht wunderbare Farbe und einen guten rauchigen Geschmack. Dieser Grillrost speichert die Hitze sehr gut Dank Dicke und Gewicht des Materials. Diagonalmuster gibt dem Steak oder Burger ein gro\u00dfartiges Muster. <strong>Meat Griddle Grillrost<\/strong> eignet sich auch zum Grillen von Fisch, Gem\u00fcse usw.<\/p>\n<p>&nbsp;<\/p>\n<ul>\n<li>Material : 5 mm warmgewaltzter Stahl<\/li>\n<li>Ma\u00dfe: 50 x 33 cm<\/li>\n<li>Gewicht: 5,3 kg<\/li>\n<\/ul>\n<p>&nbsp;<\/p>\n","protected":false},"excerpt":{"rendered":"<p>5 mm <strong>Grillrost Meat Griddle<\/strong> f\u00fcr Fleisch in praktisches Design. Passend f\u00fcr folgende Modelle:<\/p>\n<p>&nbsp;<\/p>\n<ul>\n<li>Chef<\/li>\n<li>Chef XL<\/li>\n<li>Naked Chef<\/li>\n<li>Naked Chef XS<\/li>\n<li>Naked Chef XL<\/li>\n<\/ul>\n","protected":false},"featured_media":23860,"comment_status":"open","ping_status":"closed","template":"","meta":{"footnotes":""},"class_list":["post-23827","product","type-product","status-publish","has-post-thumbnail","hentry","product_cat-grillzubehor"],"_links":{"self":[{"href":"https:\/\/www.grillsymbol.com\/de\/wp-json\/wp\/v2\/product\/23827","targetHints":{"allow":["GET"]}}],"collection":[{"href":"https:\/\/www.grillsymbol.com\/de\/wp-json\/wp\/v2\/product"}],"about":[{"href":"https:\/\/www.grillsymbol.com\/de\/wp-json\/wp\/v2\/types\/product"}],"replies":[{"embeddable":true,"href":"https:\/\/www.grillsymbol.com\/de\/wp-json\/wp\/v2\/comments?post=23827"}],"version-history":[{"count":0,"href":"https:\/\/www.grillsymbol.com\/de\/wp-json\/wp\/v2\/product\/23827\/revisions"}],"wp:featuredmedia":[{"embeddable":true,"href":"https:\/\/www.grillsymbol.com\/de\/wp-json\/wp\/v2\/media\/23860"}],"wp:attachment":[{"href":"https:\/\/www.grillsymbol.com\/de\/wp-json\/wp\/v2\/media?parent=23827"}],"curies":[{"name":"wp","href":"https:\/\/api.w.org\/{rel}","templated":true}]}}