{"id":24427,"date":"2024-11-06T11:51:02","date_gmt":"2024-11-06T11:51:02","guid":{"rendered":"https:\/\/www.grillsymbol.com\/?post_type=product&#038;p=24427"},"modified":"2024-11-06T12:25:54","modified_gmt":"2024-11-06T12:25:54","slug":"grillsymbol-holzkohlegrill-naked-chef-xs-silver","status":"publish","type":"product","link":"https:\/\/www.grillsymbol.com\/de\/shop\/smoker-holzkohlegrills-und-holzkohlegrills\/grillsymbol-holzkohlegrill-naked-chef-xs-silver\/","title":{"rendered":"GrillSymbol Holzkohlegrill Naked Chef XS Silver"},"content":{"rendered":"<p>&nbsp;<\/p>\n<ul>\n<li>Material: 3 mm Edelstahl<\/li>\n<li>Ma\u00dfe: 55 x 35 x 77 cm (L\u00e4nge* Breite* H\u00f6he)<\/li>\n<li>Gewicht: 14 kg<\/li>\n<li>Kochbereich: 54 x 34 cm<\/li>\n<li>Das Set beinhaltet einen Grillrost aus Edelstahl mit den Massen 40 x 34 cm<\/li>\n<li>Naked Chef XS kann auch auf dem Tisch gestellt werden (ohne hohe Beine)<\/li>\n<li>Hohe Beine werden mit den mit Fl\u00fcgelschrauben<\/li>\n<li>Grillroste k\u00f6nnen als Zubeh\u00f6r dazu gekauft werden (passende Roste: ZigZag, Classic)<\/li>\n<li>Wird in Teilen geliefert, Montagezeit ca. 15-20 Minuten<\/li>\n<li>Am Grillboden sind L\u00f6cher, um das Wasser abzuf\u00fchren<\/li>\n<li><strong>Auf den Fotos abgebildeter Zubeh\u00f6r wie Grillspie\u00dfe, Roste usw. sind nicht im Set enthalten<\/strong><\/li>\n<\/ul>\n<h5><\/h5>\n","protected":false},"excerpt":{"rendered":"<p><strong>Naked Chef XS<\/strong> <strong>Silver<\/strong> ist ein kleiner und kompakter Holzkohlegrill in der Art von Barbecue- oder W\u00fcrstchengrills. Von seinen Massen klein, aber dennoch gro\u00df genug, um 2-3 kg Fleisch auf einmal zu grillen und eine Grillparty mit den Freunden zu feiern!<\/p>\n<p>Benutze zum Grillen Grillkohle, Brikette oder mache selbst die Kohle. Der Grillk\u00f6rper ist aus 3 mm Edelstahl, was die Temperaturen w\u00e4hrend des Grillens stabil h\u00e4lt.<\/p>\n","protected":false},"featured_media":26357,"comment_status":"open","ping_status":"closed","template":"","meta":{"footnotes":""},"class_list":["post-24427","product","type-product","status-publish","has-post-thumbnail","hentry","product_cat-smoker-holzkohlegrills-und-holzkohlegrills"],"_links":{"self":[{"href":"https:\/\/www.grillsymbol.com\/de\/wp-json\/wp\/v2\/product\/24427","targetHints":{"allow":["GET"]}}],"collection":[{"href":"https:\/\/www.grillsymbol.com\/de\/wp-json\/wp\/v2\/product"}],"about":[{"href":"https:\/\/www.grillsymbol.com\/de\/wp-json\/wp\/v2\/types\/product"}],"replies":[{"embeddable":true,"href":"https:\/\/www.grillsymbol.com\/de\/wp-json\/wp\/v2\/comments?post=24427"}],"version-history":[{"count":0,"href":"https:\/\/www.grillsymbol.com\/de\/wp-json\/wp\/v2\/product\/24427\/revisions"}],"wp:featuredmedia":[{"embeddable":true,"href":"https:\/\/www.grillsymbol.com\/de\/wp-json\/wp\/v2\/media\/26357"}],"wp:attachment":[{"href":"https:\/\/www.grillsymbol.com\/de\/wp-json\/wp\/v2\/media?parent=24427"}],"curies":[{"name":"wp","href":"https:\/\/api.w.org\/{rel}","templated":true}]}}