{"id":24465,"date":"2024-11-07T13:25:05","date_gmt":"2024-11-07T13:25:06","guid":{"rendered":"https:\/\/www.grillsymbol.com\/?post_type=product&#038;p=24465"},"modified":"2024-11-07T13:35:25","modified_gmt":"2024-11-07T13:35:25","slug":"petteri-wiimaa-insectenhotel-bee-s","status":"publish","type":"product","link":"https:\/\/www.grillsymbol.com\/de\/shop\/vogelfutterhaeuser-und-nistkaesten\/petteri-wiimaa-insectenhotel-bee-s\/","title":{"rendered":"Petteri Wiimaa Insektenhotel Bee-S"},"content":{"rendered":"<ul>\n<li style=\"font-weight: 400\"><span style=\"font-weight: 400\">Durchmesser: 30 cm<\/span><\/li>\n<li style=\"font-weight: 400\"><span style=\"font-weight: 400\">Tiefe: 10 cm<\/span><\/li>\n<li style=\"font-weight: 400\"><span style=\"font-weight: 400\">Material: 2 mm Cortenstahl<\/span><\/li>\n<li style=\"font-weight: 400\"><span style=\"font-weight: 400\">Gewicht: 3 kg<\/span><\/li>\n<li style=\"font-weight: 400\"><span style=\"font-weight: 400\">Das Produkt hat einen Aufh\u00e4ngehaken f\u00fcr die Wandaufh\u00e4ngung<\/span><\/li>\n<li style=\"font-weight: 400\"><span style=\"font-weight: 400\">Befestigung an der R\u00fcckwand mit Schrauben M5 und Muttern.\u00a0<\/span><\/li>\n<\/ul>\n<p>&nbsp;<\/p>\n<p><span style=\"font-weight: 400\">Das Produkt wird mit Holzf\u00fcllung geliefert.<\/span><\/p>\n<p><span style=\"font-weight: 400\">\u00a0<\/span><\/p>\n<p><span style=\"font-weight: 400\"><strong>NB!<\/strong> Produkte aus Cortenstahl werden mit unbehandelter Oberfl\u00e4che geliefert. Cortenstahl hat im Neuzustand die gleiche graue Farbe wie herk\u00f6mmlicher warmgewalzter Stahl. Die Anweisungen zur Alterung finden Sie auf unserer Website oder k\u00f6nnen direkt vom Produkt eingescannt werden.<\/span><\/p>\n<p><span style=\"font-weight: 400\">\u00a0<\/span><\/p>\n<p><a href=\"https:\/\/www.grillsymbol.com\/de\/ueber-die-materialien-und-bodenformen-der-pfannen\/corten-alterungsprozess\/\"><span style=\"font-weight: 400\">Klicken Sie hier, um die Anweisungen zur Alterung f\u00fcr Corten-Produkte zu sehen.<\/span><\/a><\/p>\n","protected":false},"excerpt":{"rendered":"<p><span style=\"font-weight: 400\">Das Insektenhotel Bee-S ist handgefertigt. Als Material wurde Cortenstahl verwendet, der dank seiner Witterungsbest\u00e4ndigkeit Jahrzehnte h\u00e4lt.<\/span><\/p>\n<p><span style=\"font-weight: 400\">Das Insektenhotel schafft ideale Bedingungen als Lebensraum f\u00fcr Nutzinsekten. Nutzinsekten sind solche, die den Garten best\u00e4uben, Sch\u00e4dlinge vernichten und Abf\u00e4lle beseitigen. Dank eines Insektenhotels hat Ihr Garten also eine geringere Sch\u00e4dlingspopulation, eine h\u00f6here Ernte dank verbesserter Best\u00e4ubung und eine sauberere Umwelt.<\/span><\/p>\n<p><span style=\"font-weight: 400\">Ein Insektenhotel ist f\u00fcr Kinder von gro\u00dfem Interesse \u2013 es ist interessant, Insekten bei der Arbeit zu beobachten, und dadurch lernt das Kind<\/span> <span style=\"font-weight: 400\">einen wichtigen Teil des Gleichgewichtes der Natur zu verstehen.<\/span><\/p>\n<p><b>Design von Petteri Wiimaa<\/b><\/p>\n","protected":false},"featured_media":24499,"comment_status":"open","ping_status":"closed","template":"","meta":{"footnotes":""},"class_list":["post-24465","product","type-product","status-publish","has-post-thumbnail","hentry","product_cat-vogelfutterhaeuser-und-nistkaesten"],"_links":{"self":[{"href":"https:\/\/www.grillsymbol.com\/de\/wp-json\/wp\/v2\/product\/24465","targetHints":{"allow":["GET"]}}],"collection":[{"href":"https:\/\/www.grillsymbol.com\/de\/wp-json\/wp\/v2\/product"}],"about":[{"href":"https:\/\/www.grillsymbol.com\/de\/wp-json\/wp\/v2\/types\/product"}],"replies":[{"embeddable":true,"href":"https:\/\/www.grillsymbol.com\/de\/wp-json\/wp\/v2\/comments?post=24465"}],"version-history":[{"count":0,"href":"https:\/\/www.grillsymbol.com\/de\/wp-json\/wp\/v2\/product\/24465\/revisions"}],"wp:featuredmedia":[{"embeddable":true,"href":"https:\/\/www.grillsymbol.com\/de\/wp-json\/wp\/v2\/media\/24499"}],"wp:attachment":[{"href":"https:\/\/www.grillsymbol.com\/de\/wp-json\/wp\/v2\/media?parent=24465"}],"curies":[{"name":"wp","href":"https:\/\/api.w.org\/{rel}","templated":true}]}}