{"id":24529,"date":"2024-11-08T11:40:16","date_gmt":"2024-11-08T11:40:16","guid":{"rendered":"https:\/\/www.grillsymbol.com\/?post_type=product&#038;p=24529"},"modified":"2025-05-02T09:14:15","modified_gmt":"2025-05-02T09:14:15","slug":"grillsymbol-deckel-aus-edelstahl-fur-feuerschale-lucas-mini","status":"publish","type":"product","link":"https:\/\/www.grillsymbol.com\/de\/shop\/feuerschalen\/grillsymbol-deckel-aus-edelstahl-fur-feuerschale-lucas-mini\/","title":{"rendered":"GrillSymbol Deckel aus Edelstahl f\u00fcr Feuerschale Lucas-Mini"},"content":{"rendered":"<ul>\n<li>Material: 2 mm Edelstahl<\/li>\n<li>Durchmesser: 60 cm<\/li>\n<li>Gewicht: 6 kg<\/li>\n<li>Zu Fixierung des Deckels werden die Ecken mit M6 Bolzen befestigt<\/li>\n<li>Montage: ca. 5-10 Minuten<\/li>\n<\/ul>\n<p>&nbsp;<\/p>\n","protected":false},"excerpt":{"rendered":"<p>Deckel aus Edelstahl f\u00fcr Feuerschale Lucas-Mini. Der Deckel gibt der Feuerschale \u00e4sthetisches Aussehen und deckt den Innenraum der Feuerschale. Auch hilft es das Innere haupts\u00e4chlich trocken zu halten.<\/p>\n<p><strong>Disain: Petteri Wiimaa<\/strong><\/p>\n","protected":false},"featured_media":25848,"comment_status":"open","ping_status":"closed","template":"","meta":{"footnotes":""},"class_list":["post-24529","product","type-product","status-publish","has-post-thumbnail","hentry","product_cat-feuerschalen"],"_links":{"self":[{"href":"https:\/\/www.grillsymbol.com\/de\/wp-json\/wp\/v2\/product\/24529","targetHints":{"allow":["GET"]}}],"collection":[{"href":"https:\/\/www.grillsymbol.com\/de\/wp-json\/wp\/v2\/product"}],"about":[{"href":"https:\/\/www.grillsymbol.com\/de\/wp-json\/wp\/v2\/types\/product"}],"replies":[{"embeddable":true,"href":"https:\/\/www.grillsymbol.com\/de\/wp-json\/wp\/v2\/comments?post=24529"}],"version-history":[{"count":0,"href":"https:\/\/www.grillsymbol.com\/de\/wp-json\/wp\/v2\/product\/24529\/revisions"}],"wp:featuredmedia":[{"embeddable":true,"href":"https:\/\/www.grillsymbol.com\/de\/wp-json\/wp\/v2\/media\/25848"}],"wp:attachment":[{"href":"https:\/\/www.grillsymbol.com\/de\/wp-json\/wp\/v2\/media?parent=24529"}],"curies":[{"name":"wp","href":"https:\/\/api.w.org\/{rel}","templated":true}]}}