{"id":24647,"date":"2024-11-14T12:28:42","date_gmt":"2024-11-14T12:28:42","guid":{"rendered":"https:\/\/www.grillsymbol.com\/?post_type=product&#038;p=24647"},"modified":"2024-11-14T12:40:16","modified_gmt":"2024-11-14T12:40:16","slug":"outlet-grillsymbol-au%ce%b2enkamin-enzo","status":"publish","type":"product","link":"https:\/\/www.grillsymbol.com\/de\/shop\/outlet-de\/outlet-grillsymbol-au%ce%b2enkamin-enzo\/","title":{"rendered":"OUTLET GrillSymbol Au\u03b2enkamin Enzo (prototyp)"},"content":{"rendered":"<p>&nbsp;<\/p>\n<ul>\n<li>Material: 3 mm Cortenstahl<\/li>\n<li>Ma\u00dfe: 132 x 43 x 37 cm (HxBxT)<\/li>\n<li>Ma\u00dfe Grillrost: 41 x 35 cm<\/li>\n<li>Gewicht: 50 kg<\/li>\n<li>Wird in 2 Teilen geliefert<\/li>\n<li>Montagezeit: 10-15 Minuten<\/li>\n<\/ul>\n<p>&nbsp;<\/p>\n<p><strong>Sicherheitsma\u00dfnahmen:<\/strong><\/p>\n<ul>\n<li>Kamin darf nicht auf Holz gestellt werden!<\/li>\n<li>W\u00e4hrend Benutzung nie ohne Aufsicht lassen, insbesondere, wenn in der N\u00e4he brennbare Materialien sind<\/li>\n<li>Nicht in der N\u00e4he von Holzw\u00e4nden o.\u00c4. aufstellen<\/li>\n<li>Holzlager darf nicht bis zum obersten Rand gef\u00fcllt sein w\u00e4hrend Feuer angez\u00fcndet ist<\/li>\n<\/ul>\n<p>&nbsp;<\/p>\n<p>&nbsp;<\/p>\n<p><strong>Achtung!<\/strong>\u00a0Die Produkte aus Corten Stahl werden unbehandelt geliefert und sind somit grau wie gew\u00f6hnlicher warmgewalzter Stahl. Anleitung zu Alterungsprozesses von Corten Stahl findest Du auf unserer Webseite oder kannst es direkt von dem Produkt Scannen.<\/p>\n<h5><\/h5>\n<h5><a href=\"https:\/\/www.grillsymbol.com\/de\/ueber-die-materialien-und-bodenformen-der-pfannen\/corten-alterungsprozess\/\" target=\"_blank\" rel=\"noopener\">Siehe hier: Alterungsleitfaden f\u00fcr Cor-Ten-Produkte<\/a><\/h5>\n","protected":false},"excerpt":{"rendered":"<p><strong>Enzo<\/strong> ist ein besonderer Au\u03b2enkamin. Hinter skandinavisch r\u00fcckhaltendes Design verbirgt sich italienisch warmes Herz. Z\u00fcnde das Feuer und jedes Zusammensein mit Familie und Freunden wird ein besonderer Moment und Ereignis!<\/p>\n<p>Aussenkamin ist aus wetterfesten und hochqualitativen 3mm Cortenstahl. In dem Kamin kann man Grillen, zu dem Set geh\u00f6rt ein Grillrost aus Edelstahl. Schau Dir auch unsere <strong>Enzo Holzlager<\/strong> an!<\/p>\n","protected":false},"featured_media":13852,"comment_status":"open","ping_status":"closed","template":"","meta":{"footnotes":""},"class_list":["post-24647","product","type-product","status-publish","has-post-thumbnail","hentry","product_cat-outlet-de"],"_links":{"self":[{"href":"https:\/\/www.grillsymbol.com\/de\/wp-json\/wp\/v2\/product\/24647","targetHints":{"allow":["GET"]}}],"collection":[{"href":"https:\/\/www.grillsymbol.com\/de\/wp-json\/wp\/v2\/product"}],"about":[{"href":"https:\/\/www.grillsymbol.com\/de\/wp-json\/wp\/v2\/types\/product"}],"replies":[{"embeddable":true,"href":"https:\/\/www.grillsymbol.com\/de\/wp-json\/wp\/v2\/comments?post=24647"}],"version-history":[{"count":0,"href":"https:\/\/www.grillsymbol.com\/de\/wp-json\/wp\/v2\/product\/24647\/revisions"}],"wp:featuredmedia":[{"embeddable":true,"href":"https:\/\/www.grillsymbol.com\/de\/wp-json\/wp\/v2\/media\/13852"}],"wp:attachment":[{"href":"https:\/\/www.grillsymbol.com\/de\/wp-json\/wp\/v2\/media?parent=24647"}],"curies":[{"name":"wp","href":"https:\/\/api.w.org\/{rel}","templated":true}]}}