{"id":24808,"date":"2025-01-09T08:54:35","date_gmt":"2025-01-09T08:54:36","guid":{"rendered":"https:\/\/www.grillsymbol.com\/?post_type=product&#038;p=24808"},"modified":"2026-03-23T11:08:38","modified_gmt":"2026-03-23T11:08:38","slug":"grillsymbol-edelstahlfeuerschale-luna-copper-%e2%88%85-119-cm","status":"publish","type":"product","link":"https:\/\/www.grillsymbol.com\/de\/shop\/feuerschalen\/grillsymbol-edelstahlfeuerschale-luna-copper-%e2%88%85-119-cm\/","title":{"rendered":"GrillSymbol Feuerstelle Luna Copper Black, \u00f8 119 cm"},"content":{"rendered":"<ul>\n<li>Die Feuerschale besteht aus 3 mm Cortenstahl.<\/li>\n<li>Die Au\u00dfenplatte und die Fu\u00dfplatten sind mit Kupfer beschichtet.<\/li>\n<li>Durchmesser: 119 cm<\/li>\n<li>H\u00f6he: 47 cm<\/li>\n<li>Gesamtgewicht des Sets: ca 200 kg (zur Lieferung auf Europalette verpackt)<\/li>\n<li>In der Mitte Korb f\u00fcr Holz \/ Asche, den man herausnehmen und putzen kann<\/li>\n<li>Im Set auch Granitkies, die zwischen 2 Ringen gestreut wird<\/li>\n<li>Feuerstelle st\u00fctzt sich mit 3 Beinen auf die Erde.<\/li>\n<li>Dank ihrer Gr\u00f6\u00dfe eignet sich auch f\u00fcr den \u00f6ffentlichen Raum: Bierg\u00e4rten der Restaurants, Golfzentren, Lagerfeuerpl\u00e4tze der Gemeinden, Dorfpl\u00e4tze usw.<\/li>\n<\/ul>\n<p>&nbsp;<\/p>\n<p><strong>Achtung:<\/strong><\/p>\n<p>Das Produkt darf nur auf festen, nicht brennbaren Untergrund installiert werden, da die Feuerschale w\u00e4hrend des Erhitzens sehr hei\u00df wird. Im Boden der Feuerschale befinden sich L\u00f6cher, aus denen kleine Kohlenst\u00fccke herausfallen k\u00f6nnen. \u00dcbersch\u00fcssiges Wasser kann aus den L\u00f6chern abflie\u00dfen, so wird vermieden, dass stehendes Wasser in der Feuerschale sich ansammelt.<\/p>\n","protected":false},"excerpt":{"rendered":"<p>Die gr\u00f6\u00dfte Feuerstelle in unserer Produktpalette.<\/p>\n<p>Die Feuerschale <strong>Luna Copper Black <\/strong>wird in Handarbeit aus Cortenstahl und Kupfer hergestellt. Der starke Rahmen aus Cortenstahl ist mit Kupfernieten auf ein d\u00fcnnes Kupferblech genietet.\u00a0 In die Endbearbeitung jedes Produkts sind viele Stunden geflossen, und das Ergebnis ist es wert! Im Freien wird das r\u00f6tliche Kupfer sein Aussehen ver\u00e4ndern, und schon nach einem Jahr sieht das Kupferfinish antik und einzigartig aus. Jeder Teil aus Kupfer hat eine einzigartige Farbkombination!<\/p>\n<p>Bereiche, die mit Kupferblech bedeckt sind, werden nicht hei\u00df, und W\u00e4rme ver\u00e4ndert weder die chemische Zusammensetzung noch das Aussehen des Kupfers. Wenn Sie jedoch die urspr\u00fcngliche r\u00f6tliche Farbe des Kupfers auf der Feuerstelle erhalten m\u00f6chten, empfehlen wir Ihnen, die Teile aus Kupfer sofort nach der Installation zu lackieren.<\/p>\n<p><strong>Disain: Petteri Wiimaa<\/strong><\/p>\n","protected":false},"featured_media":26297,"comment_status":"open","ping_status":"closed","template":"","meta":{"footnotes":""},"class_list":["post-24808","product","type-product","status-publish","has-post-thumbnail","hentry","product_cat-feuerschalen"],"_links":{"self":[{"href":"https:\/\/www.grillsymbol.com\/de\/wp-json\/wp\/v2\/product\/24808","targetHints":{"allow":["GET"]}}],"collection":[{"href":"https:\/\/www.grillsymbol.com\/de\/wp-json\/wp\/v2\/product"}],"about":[{"href":"https:\/\/www.grillsymbol.com\/de\/wp-json\/wp\/v2\/types\/product"}],"replies":[{"embeddable":true,"href":"https:\/\/www.grillsymbol.com\/de\/wp-json\/wp\/v2\/comments?post=24808"}],"version-history":[{"count":0,"href":"https:\/\/www.grillsymbol.com\/de\/wp-json\/wp\/v2\/product\/24808\/revisions"}],"wp:featuredmedia":[{"embeddable":true,"href":"https:\/\/www.grillsymbol.com\/de\/wp-json\/wp\/v2\/media\/26297"}],"wp:attachment":[{"href":"https:\/\/www.grillsymbol.com\/de\/wp-json\/wp\/v2\/media?parent=24808"}],"curies":[{"name":"wp","href":"https:\/\/api.w.org\/{rel}","templated":true}]}}