{"id":24826,"date":"2025-01-09T09:17:31","date_gmt":"2025-01-09T09:17:31","guid":{"rendered":"https:\/\/www.grillsymbol.com\/?post_type=product&#038;p=24826"},"modified":"2025-01-13T13:39:23","modified_gmt":"2025-01-13T13:39:23","slug":"grillsymbol-suppenstation-mit-gasbrenner-70-l","status":"publish","type":"product","link":"https:\/\/www.grillsymbol.com\/de\/shop\/unkategorisiert\/grillsymbol-suppenstation-mit-gasbrenner-70-l\/","title":{"rendered":"GrillSymbol Suppenkessel mit Gasbrenner Soup Station, 70 L"},"content":{"rendered":"<p><strong><span style=\"text-decoration: underline\">Heizger\u00e4t:<\/span><\/strong><\/p>\n<ul>\n<li><span style=\"font-weight: 400\"> Gasbrennerleistung 13,5 KW, kann sowohl im Freien als auch in Innenr\u00e4umen verwendet werden<\/span><\/li>\n<li><span style=\"font-weight: 400\"> Der Gasbrenner ist mit Thermoelementen ausgestattet, die bei Erl\u00f6schen der Flamme den Gasfluss abschalten<\/span><\/li>\n<li><span style=\"font-weight: 400\"> Der Brenner hat eine batteriebetriebene Click and Cook Elektroz\u00fcndung<\/span><\/li>\n<li><span style=\"font-weight: 400\"> CE1312 Brenner, Genehmigungsnummer 1312BS4973<\/span><\/li>\n<li><span style=\"font-weight: 400\"> Die \u00e4u\u00dferen Metallteile des Ger\u00e4ts sind aus Edelstahl gefertigt<\/span><\/li>\n<li><span style=\"font-weight: 400\"> H\u00f6he vom Boden bis zum Deckel des Suppentopfes: 89 cm<\/span><\/li>\n<li><span style=\"font-weight: 400\"> Reduzierst\u00fcck und 1,2 m Gasschlauch im Lieferumfang enthalten<\/span><\/li>\n<li><span style=\"font-weight: 400\"> Gewicht des Heizger\u00e4tes: 21 kg<\/span><\/li>\n<li><span style=\"font-weight: 400\"> Gasverbrauch: 1 kg pro Stunde bei maximaler Leistung<\/span><\/li>\n<\/ul>\n<p>&nbsp;<\/p>\n<p><span style=\"text-decoration: underline\"><strong>Suppentopf:<\/strong><\/span><\/p>\n<ul>\n<li><span style=\"font-weight: 400\"> Fassungsverm\u00f6gen 70 Liter<\/span><\/li>\n<li><span style=\"font-weight: 400\"> Abmessungen 45 x 45 cm, Gewicht 11 kg<\/span><\/li>\n<li><span style=\"font-weight: 400\"> Material des Suppentopfes: Edelstahl (G\u00fcteklasse 304)<\/span><\/li>\n<li><span style=\"font-weight: 400\"> Bodendicke 5 mm, f\u00fcr alle Herdarten geeignet<\/span><\/li>\n<li><span style=\"font-weight: 400\"> Verbr\u00fchungssichere Griffe aus Edeltahl<\/span><\/li>\n<li><span style=\"font-weight: 400\"> Deckel mit Dampfauslass\u00f6ffnungen<\/span><\/li>\n<\/ul>\n<p>&nbsp;<\/p>\n<p><b>HINWEIS! <\/b><span style=\"font-weight: 400\">Nicht in z\u00fcndf\u00e4higer Umgebung, auf brennbaren Oberfl\u00e4chen oder in der N\u00e4he von brennbaren Materialien lagern.<\/span><\/p>\n","protected":false},"excerpt":{"rendered":"<p><span style=\"font-weight: 400\">Der Suppenkessel <strong>Soup Station-70<\/strong> ist ein in Estland entwickelte Suppenkessel, der unter anderem in winterlichen Bedingungen getestet wurde und den man das ganze Jahr \u00fcber verwendet werden kann. Damit kann man bis zu 200 Personen verpflegen: Portion pro Person 300 g. Der Suppenkessel kann zum Kochen, Schmoren, Braten und Warmhalten verwendet werden.<\/span><\/p>\n<p><span style=\"font-weight: 400\">Aufstellzeit max. 5 Minuten: Beine und Sicherheitsplatten anbringen und das Ger\u00e4t an die Gasflasche anschlie\u00dfen.<\/span><\/p>\n<p><span style=\"font-weight: 400\">Ein halber Topf (35 Liter) mit Wasser erreicht die Siedetemperatur in 25-45 Minuten (+20\u00baC gegen\u00fcber +0\u00baC), ein voller Topf (ca. 70 Liter) in ca. 50-90 Minuten. Faktoren, die die Siedetemperatur beeinflussen, sind die Au\u00dfentemperatur, Wind, Niederschlag sowie die Ausgangstemperatur des Wassers und der zu erhitzenden Speise.<\/span><\/p>\n<p><span style=\"font-weight: 400\">Zielgruppe: Caterer f\u00fcr Gro\u00dfveranstaltungen, Gemeinden, Verteidigungseinrichtungen, Krankenh\u00e4user und andere Anbieter von kritischen Dienstleistungen.<\/span><\/p>\n<p><span style=\"font-weight: 400\">Es handelt sich um ein sehr kompaktes Produkt, das zusammen mit der Gasflasche in die meisten Pkws passt. Bei der Lagerung ist eine Ablagefl\u00e4che von 80 x 80 cm zu ber\u00fccksichtigen.<\/span><\/p>\n<p><b>Das Ger\u00e4t muss trocken gelagert werden.<\/b><\/p>\n","protected":false},"featured_media":35420,"comment_status":"open","ping_status":"closed","template":"","meta":{"footnotes":""},"class_list":{"0":"post-24826","1":"product","2":"type-product","3":"status-publish","4":"has-post-thumbnail","5":"hentry","6":"product_cat-krisenprodukte","9":"product_cat-unkategorisiert"},"_links":{"self":[{"href":"https:\/\/www.grillsymbol.com\/de\/wp-json\/wp\/v2\/product\/24826","targetHints":{"allow":["GET"]}}],"collection":[{"href":"https:\/\/www.grillsymbol.com\/de\/wp-json\/wp\/v2\/product"}],"about":[{"href":"https:\/\/www.grillsymbol.com\/de\/wp-json\/wp\/v2\/types\/product"}],"replies":[{"embeddable":true,"href":"https:\/\/www.grillsymbol.com\/de\/wp-json\/wp\/v2\/comments?post=24826"}],"version-history":[{"count":0,"href":"https:\/\/www.grillsymbol.com\/de\/wp-json\/wp\/v2\/product\/24826\/revisions"}],"wp:featuredmedia":[{"embeddable":true,"href":"https:\/\/www.grillsymbol.com\/de\/wp-json\/wp\/v2\/media\/35420"}],"wp:attachment":[{"href":"https:\/\/www.grillsymbol.com\/de\/wp-json\/wp\/v2\/media?parent=24826"}],"curies":[{"name":"wp","href":"https:\/\/api.w.org\/{rel}","templated":true}]}}