{"id":24844,"date":"2025-01-09T09:40:31","date_gmt":"2025-01-09T09:40:32","guid":{"rendered":"https:\/\/www.grillsymbol.com\/?post_type=product&#038;p=24844"},"modified":"2026-03-26T10:12:23","modified_gmt":"2026-03-26T10:12:23","slug":"grillsymbol-suppenstation-mit-gasbrenner-160-l","status":"publish","type":"product","link":"https:\/\/www.grillsymbol.com\/de\/shop\/unkategorisiert\/grillsymbol-suppenstation-mit-gasbrenner-160-l\/","title":{"rendered":"GrillSymbol Suppenkessel mit Gasbrenner Soup Station, 160 L"},"content":{"rendered":"<p><span style=\"text-decoration: underline\"><strong>Heizger\u00e4t:<\/strong><\/span><\/p>\n<ul>\n<li><span style=\"font-weight: 400\"> Gasbrennerleistung 25 KW, kann sowohl im Freienals auch in Innenr\u00e4umen verwendet werden<\/span><\/li>\n<li><span style=\"font-weight: 400\"> Der Gasbrenner ist mit Thermoelementen ausgestattet, die bei Erl\u00f6schen der Flamme den Gasfluss abschalten<\/span><\/li>\n<li><span style=\"font-weight: 400\"> Alle drei Kreise des Gasbrenners k\u00f6nnen separat eingestellt werden<\/span><\/li>\n<li><span style=\"font-weight: 400\"> Der Brenner hat eine batteriebetriebene Click- und Cook-Elektroz\u00fcndung<\/span><\/li>\n<li><span style=\"font-weight: 400\"> CE1312 Brenner, Genehmigungsnummer 1312BS4973<\/span><\/li>\n<li><span style=\"font-weight: 400\"> Die \u00e4u\u00dferen Metallteile des Ger\u00e4ts sind aus Edelstahl gefertigt<\/span><\/li>\n<li><span style=\"font-weight: 400\"> H\u00f6he vom Boden bis zum Deckel des Suppentopfes: 104 cm<\/span><\/li>\n<li><span style=\"font-weight: 400\"> Reduzierst\u00fcck und 1,2 m Gasschlauch im Lieferumfang enthalten<\/span><\/li>\n<li><span style=\"font-weight: 400\"> Gewicht des Heizger\u00e4tes: 35 kg<\/span><\/li>\n<li><span style=\"font-weight: 400\"> Gasverbrauch: max. 2 kg pro Stunde (wird nur beim Ankochen des Wassers verbraucht)<\/span><\/li>\n<\/ul>\n<p>&nbsp;<\/p>\n<p><span style=\"text-decoration: underline\"><strong>Suppentopf:<\/strong><\/span><\/p>\n<ul>\n<li><span style=\"font-weight: 400\"> Fassungsverm\u00f6gen 160 Liter (bis zu 450 Portionen).<\/span><\/li>\n<li><span style=\"font-weight: 400\"> Abmessungen 60 x 60 cm, Gewicht 19 kg.<\/span><\/li>\n<li><span style=\"font-weight: 400\"> Material des Suppentopfes: Edelstahl (G\u00fcteklasse 304).<\/span><\/li>\n<li><span style=\"font-weight: 400\"> Bodendicke 5,8 mm, auch f\u00fcr Induktionsherde geeignet.<\/span><\/li>\n<li><span style=\"font-weight: 400\"> Verbr\u00fchungssichere Griffe aus Edelstahl<\/span><\/li>\n<li><span style=\"font-weight: 400\"> Deckel mit Dampfauslass\u00f6ffnungen und einem Einh\u00e4ngehaken<\/span><\/li>\n<\/ul>\n<p>&nbsp;<\/p>\n<p><b>HINWEIS! <\/b><span style=\"font-weight: 400\">Das Ger\u00e4t darf nicht in z\u00fcndf\u00e4higer Umgebung, auf brennbaren Oberfl\u00e4chen oder in der N\u00e4he von brennbaren Materialien verwendet werden.<\/span><\/p>\n","protected":false},"excerpt":{"rendered":"<p><span style=\"font-weight: 400\">Der Suppenkessel <strong>Soup Station-160<\/strong> ist eine in Estland entwickelte und in nordischem Klima getestete Hochleistungs-Catering-Einheit. Damit kann man bis zu 450 Personen verpflegen: Portion pro Person 300 g.. Mit dem Suppenkessel k\u00f6nnen Speisen gekocht, geschmort, gebraten und warmgehalten werden.<\/span><\/p>\n<p><span style=\"font-weight: 400\">Aufstellzeit max. 10 Minuten: Beine und Sicherheitsplatten anbringen und das Ger\u00e4t an die Gasflasche anschlie\u00dfen.<\/span><\/p>\n<p><span style=\"font-weight: 400\">Ein halber Topf (80 Liter) mit Wasser braucht 20-40 Minuten, um die Siedetemperatur zu erreichen (+20 \u00baC gegen\u00fcber +0 \u00baC), ein voller Topf mit Wasser (ca. 160 Liter) braucht 40-80 Minuten. Faktoren, die die Siedetemperatur beeinflussen, sind die Au\u00dfentemperatur, Wind, Niederschlag und die Ausgangstemperatur des zu erhitzenden Wassers.<\/span><\/p>\n<p><span style=\"font-weight: 400\">Zielgruppe: Caterer f\u00fcr Gro\u00dfveranstaltungen, Gemeinden, Verteidigungseinrichtungen, Krankenh\u00e4user und andere Anbieter von kritischen Dienstleistungen.<\/span><\/p>\n<p><span style=\"font-weight: 400\">Es handelt sich um ein sehr kompaktes Produkt, das zusammen mit einer Gasflasche in ein Pkw mit einem gr\u00f6\u00dferen Kofferraum passt. Bei der Lagerung ist eine Ablagefl\u00e4che von 100 x 100 x 80 cm zu ber\u00fccksichtigen.<\/span><\/p>\n<p><span style=\"font-weight: 400\"><strong>Das Ger\u00e4t muss trocken gelagert werden.<\/strong><\/span><\/p>\n","protected":false},"featured_media":35413,"comment_status":"open","ping_status":"closed","template":"","meta":{"footnotes":""},"class_list":{"0":"post-24844","1":"product","2":"type-product","3":"status-publish","4":"has-post-thumbnail","5":"hentry","6":"product_cat-krisenprodukte","9":"product_cat-unkategorisiert"},"_links":{"self":[{"href":"https:\/\/www.grillsymbol.com\/de\/wp-json\/wp\/v2\/product\/24844","targetHints":{"allow":["GET"]}}],"collection":[{"href":"https:\/\/www.grillsymbol.com\/de\/wp-json\/wp\/v2\/product"}],"about":[{"href":"https:\/\/www.grillsymbol.com\/de\/wp-json\/wp\/v2\/types\/product"}],"replies":[{"embeddable":true,"href":"https:\/\/www.grillsymbol.com\/de\/wp-json\/wp\/v2\/comments?post=24844"}],"version-history":[{"count":0,"href":"https:\/\/www.grillsymbol.com\/de\/wp-json\/wp\/v2\/product\/24844\/revisions"}],"wp:featuredmedia":[{"embeddable":true,"href":"https:\/\/www.grillsymbol.com\/de\/wp-json\/wp\/v2\/media\/35413"}],"wp:attachment":[{"href":"https:\/\/www.grillsymbol.com\/de\/wp-json\/wp\/v2\/media?parent=24844"}],"curies":[{"name":"wp","href":"https:\/\/api.w.org\/{rel}","templated":true}]}}