{"id":24856,"date":"2025-01-09T09:54:14","date_gmt":"2025-01-09T09:54:15","guid":{"rendered":"https:\/\/www.grillsymbol.com\/?post_type=product&#038;p=24856"},"modified":"2025-01-13T13:43:13","modified_gmt":"2025-01-13T13:43:13","slug":"grillsymbol-suppenstation-mit-gasbrenner-36-l","status":"publish","type":"product","link":"https:\/\/www.grillsymbol.com\/de\/shop\/paella-brenner\/grillsymbol-suppenstation-mit-gasbrenner-36-l\/","title":{"rendered":"GrillSymbol Suppenkessel mit Gasbrenner Soup Station, 36 L"},"content":{"rendered":"<p><span style=\"text-decoration: underline\"><strong>Heizger\u00e4t:<\/strong><\/span><\/p>\n<ul>\n<li>Gasbrennerleistung 7 KW, kann sowohl im Freien als auch in Innenr\u00e4umen verwendet werden<\/li>\n<li>Der Gasbrenner ist mit Thermoelementen ausgestattet, die bei Erl\u00f6schen der Flamme den Gasfluss abschalten<\/li>\n<li>Der Brenner hat eine batteriebetriebene Click and Cook Elektroz\u00fcndung<\/li>\n<li>CE1312 Brenner, Genehmigungsnummer 1312BS4973<\/li>\n<li>Die \u00e4u\u00dferen Metallteile des Ger\u00e4ts sind aus Edelstahl gefertigt<\/li>\n<li>H\u00f6he vom Boden bis zum Deckel des Suppentopfes: 78 cm<\/li>\n<li>Reduzierst\u00fcck und 1,2 m Gasschlauch im Lieferumfang enthalten<\/li>\n<li>Gewicht des Heizger\u00e4tes: 14 kg<\/li>\n<li>Gasverbrauch: 1 kg pro Stunde bei maximaler Leistung<\/li>\n<\/ul>\n<p>&nbsp;<\/p>\n<p><strong><u>Suppentopf:<\/u><\/strong><\/p>\n<ul>\n<li>Fassungsverm\u00f6gen 36 Liter<\/li>\n<li>Abmessungen 36 x 36 cm, Gewicht 7 kg<\/li>\n<li>Material des Suppentopfes: Edelstahl (G\u00fcteklasse 304)<\/li>\n<li>Bodendicke 5 mm, f\u00fcr alle Herdarten geeignet<\/li>\n<li>Verbr\u00fchungssichere Griffe aus Edeltahl<\/li>\n<li>Deckel mit Dampfauslass\u00f6ffnungen und Deckelaufh\u00e4ngehaken<\/li>\n<\/ul>\n<p>&nbsp;<\/p>\n<p><strong>ACHTUNG! <\/strong>Nicht in z\u00fcndf\u00e4higer Umgebung, auf brennbaren Oberfl\u00e4chen oder in der N\u00e4he von brennbaren Materialien lagern.<\/p>\n","protected":false},"excerpt":{"rendered":"<p>Der Suppenkessel <strong>Soup Station-36<\/strong> ist ein in Estland entwickelte Suppenkessel, der unter anderem in winterlichen Bedingungen getestet. Damit kann man bis zu 100 Personen verpflegen: Portion pro Person 300 g. Der Suppenkessel kann zum Kochen, Schmoren, Braten und Warmhalten verwendet werden.<\/p>\n<p>Aufstellzeit max. 5 Minuten: Beine und Sicherheitsplatten anbringen und das Ger\u00e4t an die Gasflasche anschlie\u00dfen.<\/p>\n<p>Ein halber Topf (ca. 18 Liter) mit Wasser erreicht die Siedetemperatur in 20-30 Minuten (+20\u00baC gegen\u00fcber +0\u00baC), ein voller Topf (ca. 36 Liter) in ca. 35-70 Minuten. Faktoren, die die Siedetemperatur beeinflussen, sind die Au\u00dfentemperatur, Wind, Niederschlag sowie die Ausgangstemperatur des Wassers und der zu erhitzenden Speise.<\/p>\n<p>Zielgruppe: Catering f\u00fcr Gro\u00dfveranstaltungen, landwirtschaftliche Kleinstproduzenten, Gemeinden, Dorfverb\u00e4nde, Wander- und Outdoor-Veranstalter, Verteidigungseinrichtungen, Krankenh\u00e4user und Anbieter von lebenswichtigen Dienstleistungen.<\/p>\n<p>Es handelt sich um ein sehr kompaktes Produkt, das zusammen mit der Gasflasche in jedes PKW passt.<\/p>\n<p>Bei der Lagerung ist eine Ablagefl\u00e4che von 45 x 60 x 50 cm zu ber\u00fccksichtigen.<\/p>\n<p><strong>Das Ger\u00e4t muss trocken gelagert werden.<\/strong><\/p>\n","protected":false},"featured_media":35427,"comment_status":"open","ping_status":"closed","template":"","meta":{"footnotes":""},"class_list":["post-24856","product","type-product","status-publish","has-post-thumbnail","hentry","product_cat-paella-brenner","product_cat-krisenprodukte"],"_links":{"self":[{"href":"https:\/\/www.grillsymbol.com\/de\/wp-json\/wp\/v2\/product\/24856","targetHints":{"allow":["GET"]}}],"collection":[{"href":"https:\/\/www.grillsymbol.com\/de\/wp-json\/wp\/v2\/product"}],"about":[{"href":"https:\/\/www.grillsymbol.com\/de\/wp-json\/wp\/v2\/types\/product"}],"replies":[{"embeddable":true,"href":"https:\/\/www.grillsymbol.com\/de\/wp-json\/wp\/v2\/comments?post=24856"}],"version-history":[{"count":0,"href":"https:\/\/www.grillsymbol.com\/de\/wp-json\/wp\/v2\/product\/24856\/revisions"}],"wp:featuredmedia":[{"embeddable":true,"href":"https:\/\/www.grillsymbol.com\/de\/wp-json\/wp\/v2\/media\/35427"}],"wp:attachment":[{"href":"https:\/\/www.grillsymbol.com\/de\/wp-json\/wp\/v2\/media?parent=24856"}],"curies":[{"name":"wp","href":"https:\/\/api.w.org\/{rel}","templated":true}]}}