{"id":24876,"date":"2025-01-13T10:45:24","date_gmt":"2025-01-13T10:45:24","guid":{"rendered":"https:\/\/www.grillsymbol.com\/?post_type=product&#038;p=24876"},"modified":"2026-04-22T16:11:53","modified_gmt":"2026-04-22T16:11:53","slug":"grillsymbol-holzkohlegrill-chef-xl-silver","status":"publish","type":"product","link":"https:\/\/www.grillsymbol.com\/de\/shop\/smoker-holzkohlegrills-und-holzkohlegrills\/grillsymbol-holzkohlegrill-chef-xl-silver\/","title":{"rendered":"GrillSymbol Holzkohlegrill Chef XL Silver"},"content":{"rendered":"<ul>\n<li>Ma\u00dfe: 151 x 35 x 95 cm (Breite* Tiefe* H\u00f6he)<\/li>\n<li>Gewicht: 70 kg<\/li>\n<li>Kochbereich: 109 x 34 cm<\/li>\n<li>H\u00f6he: Ebene des Grillrosts 80 cm, mit Deckel 95 cm<\/li>\n<li>Ma\u00dfe des Grillrosts 50 x 33 cm (Zur Auswahl sind folgende Grillroste: ZZG, CG-1, VG, MG oder FTG.\u00a0<strong>Beim Bestellen schreibe Deine Pr\u00e4ferenz in das Feld der zus\u00e4tzlichen Information<\/strong>)<\/li>\n<li>Kapazit\u00e4t des Grillrosts: 1,5-2,5 kg Fleisch oder Grillw\u00fcrstchen<\/li>\n<li>Zum Grillen Holzkohle, Briketts oder machen Sie die Holzkohle selbst<\/li>\n<li>F\u00fcr Holzkohle hat der Grill 2 Holzkohleschalen aus\u00a0<strong>Edelstahl<\/strong>\u00a0\u2013 es vereinfacht das Entleeren<\/li>\n<li>An den Seiten des Grills sind Bel\u00fcftungs\u00f6ffnungen, die f\u00fcr den guten Luftaustausch sorgen<\/li>\n<li>Der Grillk\u00f6rper hat Kerben, die an allen vier Seiten die Grillspiesse fixieren helfen<\/li>\n<li>Der Deckel hat eine Bel\u00fcftungsklappe, mit der Luftaustausch reguliert werden kann<\/li>\n<li>Der Grillofen hat ein \u00e4u\u00dferes Thermometer mit Skala von 0 bis 300\u00b0C<\/li>\n<li>Der Deckel, die Seitenablage und das untere Regalsind aus Edelstahl<\/li>\n<\/ul>\n<p>&nbsp;<\/p>\n<p><strong>Achtung!<\/strong><\/p>\n<ul>\n<li>Das Produkt darf nicht auf einem Holzuntergrund montiert werden, da der Grill kleine \u00d6ffnungen hat, aus denen etwas Asche oder Funken herausfallen k\u00f6nnen.<\/li>\n<li>W\u00e4hrend heftigen Regen kann durch den kleinen Spalt zwischen den Deckel und dem Grillgeh\u00e4use etwas Wasser in den Grill rein fliessen. Das ist aber kein Problem \u2013 durch die L\u00fcftungsl\u00f6cher am Boden fliesst das Wasser raus und das Material wird nicht besch\u00e4digt, da EdelStahl best\u00e4ndig ist.<\/li>\n<li>W\u00e4hrend des Grillens und durch Hitze wir der Korpus aus rostfreiem Stahl teilweise Violet abf\u00e4rben. Bitte beachten, dass die Farbe der Au\u00dfenseiten des Grills mit der Zeit sich \u00e4ndern wird.<\/li>\n<\/ul>\n","protected":false},"excerpt":{"rendered":"<p><strong>Chef Holzkohlegrill<\/strong>\u00a0ist eine Kombination von alter Klassik und modernen Materialien. Alte klassische Form, praktische Details und moderne Materialien, Handarbeit.\u00a0<strong>Im Jahre 2024 haben wir ein neues Modell herausgebracht.<\/strong><\/p>\n<p>Der Materialeinsatz ist wie in alten guten Zeiten, keine Materialeinsparungen! Das Geh\u00e4use ist aus 3 mm Edelstahl, dieses Material h\u00e4lt beim Grillen die Temperatur stabil. Nicht weniger wichtig ist der aus 5 mm Stahl angefertigte Grillrost. Mit diesem Rost sind beste Geschmackerlebnisse garantiert!<\/p>\n<p>Die Beine des Grills und kleinere Details sind so gestaltet, dass diese aus den Materialresten anderer Produkte produziert werden k\u00f6nnen und somit die Umwelt geschont wird.<\/p>\n<p>Der Chef Grill wartet auf dich unter freiem Himmel und bei jedem Wetter 365 Tage im Jahr.<\/p>\n<p>&nbsp;<\/p>\n","protected":false},"featured_media":26043,"comment_status":"open","ping_status":"closed","template":"","meta":{"footnotes":""},"class_list":["post-24876","product","type-product","status-publish","has-post-thumbnail","hentry","product_cat-smoker-holzkohlegrills-und-holzkohlegrills"],"_links":{"self":[{"href":"https:\/\/www.grillsymbol.com\/de\/wp-json\/wp\/v2\/product\/24876","targetHints":{"allow":["GET"]}}],"collection":[{"href":"https:\/\/www.grillsymbol.com\/de\/wp-json\/wp\/v2\/product"}],"about":[{"href":"https:\/\/www.grillsymbol.com\/de\/wp-json\/wp\/v2\/types\/product"}],"replies":[{"embeddable":true,"href":"https:\/\/www.grillsymbol.com\/de\/wp-json\/wp\/v2\/comments?post=24876"}],"version-history":[{"count":1,"href":"https:\/\/www.grillsymbol.com\/de\/wp-json\/wp\/v2\/product\/24876\/revisions"}],"predecessor-version":[{"id":35525,"href":"https:\/\/www.grillsymbol.com\/de\/wp-json\/wp\/v2\/product\/24876\/revisions\/35525"}],"wp:featuredmedia":[{"embeddable":true,"href":"https:\/\/www.grillsymbol.com\/de\/wp-json\/wp\/v2\/media\/26043"}],"wp:attachment":[{"href":"https:\/\/www.grillsymbol.com\/de\/wp-json\/wp\/v2\/media?parent=24876"}],"curies":[{"name":"wp","href":"https:\/\/api.w.org\/{rel}","templated":true}]}}