{"id":24906,"date":"2025-01-13T17:50:13","date_gmt":"2025-01-14T08:07:46","guid":{"rendered":"https:\/\/www.grillsymbol.com\/?post_type=product&#038;p=24906"},"modified":"2025-01-14T08:07:46","modified_gmt":"2025-01-14T08:07:46","slug":"grillsymbol-kochtopf-mit-deckel-17-l","status":"publish","type":"product","link":"https:\/\/www.grillsymbol.com\/de\/shop\/grillausrustung\/grillsymbol-kochtopf-mit-deckel-17-l\/","title":{"rendered":"GrillSymbol Kochtopf &#8211; mit Deckel 17 L"},"content":{"rendered":"<ul>\n<li style=\"font-weight: 400\"><span style=\"font-weight: 400\">Fassungsverm\u00f6gen: 17 Liter (bis zu 50 Portionen)<\/span><\/li>\n<li style=\"font-weight: 400\"><span style=\"font-weight: 400\">Ma\u00dfe: 28 x 28 cm, Gewicht: 3.6 kg<\/span><\/li>\n<li style=\"font-weight: 400\"><span style=\"font-weight: 400\">Material des Suppentopfes: Edelstahl (G\u00fcteklasse 304)<\/span><\/li>\n<li style=\"font-weight: 400\"><span style=\"font-weight: 400\">Bodenst\u00e4rke: 3.8 mm, auch f\u00fcr Induktionsherde geeignet<\/span><\/li>\n<li style=\"font-weight: 400\"><span style=\"font-weight: 400\">Verbr\u00fchungssichere Griffe aus Edelstahl<\/span><\/li>\n<li style=\"font-weight: 400\"><span style=\"font-weight: 400\">Dampfauslass\u00f6ffnungen im Deckel<\/span><\/li>\n<li style=\"font-weight: 400\"><span style=\"font-weight: 400\">Sp\u00fclmaschinenfest<\/span><\/li>\n<\/ul>\n<p>&nbsp;<\/p>\n<p><span style=\"font-weight: 400\">Der Suppentopf hat einen dreischichtigen Sandwichboden aus Edelstahl, Aluminium und magnetischem Stahl. Diese L\u00f6sung sorgt f\u00fcr eine gleichm\u00e4\u00dfige W\u00e4rmeverteilung.<\/span><\/p>\n","protected":false},"excerpt":{"rendered":"<p><span style=\"font-weight: 400\">Kochtopf f\u00fcr den Einsatz zu Hause, in der Profik\u00fcche, im Hotel oder im Restaurant. Geeignet f\u00fcr alle Herdarten. Hergestellt aus hochwertigem Edelstahl AISI 304. Der dreischichtige Sandwichboden sorgt f\u00fcr eine gleichm\u00e4\u00dfige W\u00e4rmeverteilung.<\/span><\/p>\n","protected":false},"featured_media":25927,"comment_status":"open","ping_status":"closed","template":"","meta":{"footnotes":""},"class_list":["post-24906","product","type-product","status-publish","has-post-thumbnail","hentry","product_cat-grillausrustung"],"_links":{"self":[{"href":"https:\/\/www.grillsymbol.com\/de\/wp-json\/wp\/v2\/product\/24906","targetHints":{"allow":["GET"]}}],"collection":[{"href":"https:\/\/www.grillsymbol.com\/de\/wp-json\/wp\/v2\/product"}],"about":[{"href":"https:\/\/www.grillsymbol.com\/de\/wp-json\/wp\/v2\/types\/product"}],"replies":[{"embeddable":true,"href":"https:\/\/www.grillsymbol.com\/de\/wp-json\/wp\/v2\/comments?post=24906"}],"version-history":[{"count":0,"href":"https:\/\/www.grillsymbol.com\/de\/wp-json\/wp\/v2\/product\/24906\/revisions"}],"wp:featuredmedia":[{"embeddable":true,"href":"https:\/\/www.grillsymbol.com\/de\/wp-json\/wp\/v2\/media\/25927"}],"wp:attachment":[{"href":"https:\/\/www.grillsymbol.com\/de\/wp-json\/wp\/v2\/media?parent=24906"}],"curies":[{"name":"wp","href":"https:\/\/api.w.org\/{rel}","templated":true}]}}