{"id":25165,"date":"2025-05-20T12:30:54","date_gmt":"2025-05-20T12:30:55","guid":{"rendered":"https:\/\/www.grillsymbol.com\/shop\/uncategorized\/petteri-wiimaa-pflanzkubel-feuerschalesockel-h30-cm-o-200-cm\/"},"modified":"2026-01-14T09:08:56","modified_gmt":"2026-01-14T09:08:56","slug":"petteri-wiimaa-pflanzkubel-feuerschalesockel-h30-cm-o-200-cm","status":"publish","type":"product","link":"https:\/\/www.grillsymbol.com\/de\/shop\/pflanzkuebeln-aus-cortenstahl\/petteri-wiimaa-pflanzkubel-feuerschalesockel-h30-cm-o-200-cm\/","title":{"rendered":"Petteri Wiimaa multifunktioneller St\u00fctzwand f\u00fcr Pflanzk\u00fcbel oder Feuerschale H30 cm, \u00f8 200 cm"},"content":{"rendered":"<ul>\n<li style=\"font-weight: 400\"><span style=\"font-weight: 400\">Ring-230 besteht aus 2-3 mm starkem Cortenstahl <\/span><\/li>\n<li style=\"font-weight: 400\"><span style=\"font-weight: 400\">Durchmesser: 200 cm<\/span><\/li>\n<li style=\"font-weight: 400\"><span style=\"font-weight: 400\">H\u00f6he: 30 cm<\/span><\/li>\n<li style=\"font-weight: 400\"><span style=\"font-weight: 400\">Gewicht ca. 50 kg\u00a0<\/span><\/li>\n<li style=\"font-weight: 400\"><span style=\"font-weight: 400\">Das Produkt wird in f\u00fcnf Teilen geliefert, gesch\u00e4tzte Montagezeit 30 min<\/span><\/li>\n<li style=\"font-weight: 400\"><span style=\"font-weight: 400\">Es ist auch m\u00f6glich, ein Modell mit Boden und F\u00fc\u00dfen f\u00fcr den st\u00e4dtischen Einsatz zu bestellen, das bei Bedarf mit einer Schubkarre oder einem Gabelstapler bewegt werden kann.<\/span><\/li>\n<\/ul>\n<p>&nbsp;<\/p>\n<p><strong>Achtung! <\/strong><\/p>\n<p>Zus\u00e4tzliche Details, die auf den Produktbildern zu sehen sind, wie Steine, Feuerstelle usw., sind nicht im Preis der RING-Produkte enthalten.<\/p>\n<p>Die auf den Produktbildern abgebildeten zus\u00e4tzlichen Details, wie Steine, Feuerstelle usw., sind nicht im Preis der RING-Produkte enthalten.<\/p>\n<p>&nbsp;<\/p>\n<p><b>NB!<\/b><span style=\"font-weight: 400\"> Produkte aus Cortenstahl werden mit unbehandelter Oberfl\u00e4che geliefert. Im Neuzustand hat Cortenstahl die gleiche graue Farbe wie herk\u00f6mmlicher warmgewalzter Stahl. Anweisungen zur Alterung finden Sie auf unserer Website oder k\u00f6nnen direkt vom Produkt eingescannt werden.<\/span><\/p>\n<p>&nbsp;<\/p>\n<h4><a href=\"https:\/\/www.grillsymbol.com\/de\/ueber-die-materialien-und-bodenformen-der-pfannen\/corten-alterungsprozess\/\" target=\"_blank\" rel=\"noopener\">Siehe hier: Alterungsleitfaden f\u00fcr Cor-Ten-Produkte<\/a><\/h4>\n","protected":false},"excerpt":{"rendered":"<p><span style=\"font-weight: 400\">Hergestellt aus Cortenstahl. Die Produkte der Serie Ring k\u00f6nnen multifunktional eingesetzt werden: als Blumenbeet, als Baumgrenze, als Pflanzgef\u00e4\u00df oder als Rand einer Feuerstelle. Sowohl auf flachem Boden als auch auf geneigtem Relief, indem ein Teil des Durchmessers in den Boden gegraben wird. Das Produkt kann mit Erde, Dekosteinen, Sand, Holzst\u00fccken usw. bef\u00fcllt werden, je nachdem, welche Funktion es haben soll.<\/span><\/p>\n<p>&nbsp;<\/p>\n<p><b>Design von Petteri Wiimaa<\/b><\/p>\n<p>&nbsp;<\/p>\n<p><span style=\"font-weight: 400\">Cortenstahl ist fast reiner Kohlenstoffstahl, der jedoch so behandelt wird, dass auf seiner Oberfl\u00e4che eine Schutzschicht entsteht, die der Witterung standh\u00e4lt. Die Oberfl\u00e4chenschicht ist zun\u00e4chst gr\u00e4ulich, wird dann r\u00f6tlich-braun (ein rost\u00e4hnlicher Ton) und wird mit der Zeit noch dunkler. Bei richtiger Anwendung ist Cortenstahl ausdrucksstark, langlebig und wartungsfrei und h\u00e4lt der Zeit auf eine einzigartige Weise stand.<\/span><\/p>\n","protected":false},"featured_media":26246,"comment_status":"open","ping_status":"closed","template":"","meta":{"footnotes":""},"class_list":["post-25165","product","type-product","status-publish","has-post-thumbnail","hentry","product_cat-gartenzubehor","product_cat-pflanzkuebeln-aus-cortenstahl"],"_links":{"self":[{"href":"https:\/\/www.grillsymbol.com\/de\/wp-json\/wp\/v2\/product\/25165","targetHints":{"allow":["GET"]}}],"collection":[{"href":"https:\/\/www.grillsymbol.com\/de\/wp-json\/wp\/v2\/product"}],"about":[{"href":"https:\/\/www.grillsymbol.com\/de\/wp-json\/wp\/v2\/types\/product"}],"replies":[{"embeddable":true,"href":"https:\/\/www.grillsymbol.com\/de\/wp-json\/wp\/v2\/comments?post=25165"}],"version-history":[{"count":1,"href":"https:\/\/www.grillsymbol.com\/de\/wp-json\/wp\/v2\/product\/25165\/revisions"}],"predecessor-version":[{"id":32676,"href":"https:\/\/www.grillsymbol.com\/de\/wp-json\/wp\/v2\/product\/25165\/revisions\/32676"}],"wp:featuredmedia":[{"embeddable":true,"href":"https:\/\/www.grillsymbol.com\/de\/wp-json\/wp\/v2\/media\/26246"}],"wp:attachment":[{"href":"https:\/\/www.grillsymbol.com\/de\/wp-json\/wp\/v2\/media?parent=25165"}],"curies":[{"name":"wp","href":"https:\/\/api.w.org\/{rel}","templated":true}]}}