{"id":25217,"date":"2025-05-22T10:33:31","date_gmt":"2025-05-22T10:33:33","guid":{"rendered":"https:\/\/www.grillsymbol.com\/shop\/uncategorized\/argentinisches-grillrost-48-x-68-cm\/"},"modified":"2025-08-29T08:57:50","modified_gmt":"2025-08-29T08:57:50","slug":"grillsymbol-argentinien-grill-48-x-68-cm","status":"publish","type":"product","link":"https:\/\/www.grillsymbol.com\/de\/shop\/grillzubehor\/grillsymbol-argentinien-grill-48-x-68-cm\/","title":{"rendered":"GrillSymbol Grillmodul Argentinisches Asado 48 x 68 cm ARG-XXL"},"content":{"rendered":"<ul>\n<li style=\"font-weight: 400\"><span style=\"font-weight: 400\">Hergestellt aus rostfreiem Stahl (304)<\/span><\/li>\n<li style=\"font-weight: 400\"><span style=\"font-weight: 400\">Ma\u00dfe des Backblechs 68 x 49 cm<\/span><\/li>\n<li style=\"font-weight: 400\"><span style=\"font-weight: 400\">Mit Fettsammler und Rahmen: 69 x 52 cm<\/span><\/li>\n<li style=\"font-weight: 400\"><span style=\"font-weight: 400\">Gewicht ca. 15 kg <\/span><\/li>\n<li style=\"font-weight: 400\"><span style=\"font-weight: 400\">Die H\u00f6he des Regals kann mit Hilfe eines Hebemechanismus eingestellt werden (technische L\u00f6sung: Kurbel und Gewindeplatte)<\/span><\/li>\n<li style=\"font-weight: 400\"><span style=\"font-weight: 400\">Der Fettauffangbeh\u00e4lter ist leicht zu entleeren (NICHT w\u00e4hrend des Grillens!)<\/span><\/li>\n<li style=\"font-weight: 400\"><span style=\"font-weight: 400\">Geeignet f\u00fcr Chef-XXL und Chef-NXXL (beide Cor-Ten und Silver Modelle)<\/span><\/li>\n<li style=\"font-weight: 400\">Dank des Fettauffangbeh\u00e4lters und der V-f\u00f6rmigen Roste ist das Grillergebnis auf dem argentinischen Grillrost gleichm\u00e4\u00dfiger und der verbrannte Geschmack wird reduziert<\/li>\n<li style=\"font-weight: 400\">Genie\u00dfen Sie die besten Steaks, Rippchen, W\u00fcrstchen oder Gem\u00fcse mit dem GrillSymbol Argentine XXL!<\/li>\n<\/ul>\n<p>&nbsp;<\/p>\n<p><span style=\"font-weight: 400\">NB! Das Produkt wurde <\/span><span style=\"font-weight: 400\">passiviert<\/span><span style=\"font-weight: 400\">, d.h. es wurde einem chemischen Prozess unterzogen, der die Oxidschicht, Schwei\u00dfr\u00fcckst\u00e4nde und Bearbeitungsspuren von der Oberfl\u00e4che des Werkst\u00fccks entfernt. Dadurch ist der rostfreie Stahl korrosionsbest\u00e4ndiger und hat eine einheitliche gr\u00e4uliche Farbe.<\/span><\/p>\n","protected":false},"excerpt":{"rendered":"<p><span style=\"font-weight: 400\">Argentinischer Grillrost aus rostfreiem Stahl mit Hebemechanismus und Fettauffangbeh\u00e4lter. Der Fettauffangbeh\u00e4lter sorgt f\u00fcr ein besseres Kochergebnis, indem er die Flammen w\u00e4hrend des Kochens reduziert. Die V-f\u00f6rmigen Profile sind leicht abgeschr\u00e4gt und f\u00fchren die Fettauffangschale. All dies f\u00fchrt zu einem gleichm\u00e4\u00dfigeren Grillergebnis und weniger verbranntem Geschmack. Genie\u00dfen Sie die besten Steaks, Rippchen, W\u00fcrstchen oder Gem\u00fcse mit dem GrillSymbol Argentina XXL Grillrost!<\/span><\/p>\n","protected":false},"featured_media":25203,"comment_status":"open","ping_status":"closed","template":"","meta":{"footnotes":""},"class_list":["post-25217","product","type-product","status-publish","has-post-thumbnail","hentry","product_cat-grillzubehor"],"_links":{"self":[{"href":"https:\/\/www.grillsymbol.com\/de\/wp-json\/wp\/v2\/product\/25217","targetHints":{"allow":["GET"]}}],"collection":[{"href":"https:\/\/www.grillsymbol.com\/de\/wp-json\/wp\/v2\/product"}],"about":[{"href":"https:\/\/www.grillsymbol.com\/de\/wp-json\/wp\/v2\/types\/product"}],"replies":[{"embeddable":true,"href":"https:\/\/www.grillsymbol.com\/de\/wp-json\/wp\/v2\/comments?post=25217"}],"version-history":[{"count":0,"href":"https:\/\/www.grillsymbol.com\/de\/wp-json\/wp\/v2\/product\/25217\/revisions"}],"wp:featuredmedia":[{"embeddable":true,"href":"https:\/\/www.grillsymbol.com\/de\/wp-json\/wp\/v2\/media\/25203"}],"wp:attachment":[{"href":"https:\/\/www.grillsymbol.com\/de\/wp-json\/wp\/v2\/media?parent=25217"}],"curies":[{"name":"wp","href":"https:\/\/api.w.org\/{rel}","templated":true}]}}