{"id":25221,"date":"2025-05-22T12:11:13","date_gmt":"2025-05-22T12:11:14","guid":{"rendered":"https:\/\/www.grillsymbol.com\/shop\/uncategorized\/petteri-wiimaa-insektenhotel-bee-m\/"},"modified":"2025-05-22T12:11:14","modified_gmt":"2025-05-22T12:11:14","slug":"petteri-wiimaa-insektenhotel-bee-m","status":"publish","type":"product","link":"https:\/\/www.grillsymbol.com\/de\/shop\/vogelfutterhaeuser-und-nistkaesten\/petteri-wiimaa-insektenhotel-bee-m\/","title":{"rendered":"Petteri Wiimaa Insektenhotel Bee-M"},"content":{"rendered":"<ul>\n<li>Durchmesser: 49 cm<\/li>\n<li>Tiefe: 10 cm<\/li>\n<li>Material: 2 mm Cortenstahl<\/li>\n<li>Gewicht: 7 kg<\/li>\n<li>Das Produkt hat einen Aufh\u00e4ngehaken f\u00fcr die Wandaufh\u00e4ngung<\/li>\n<li>Befestigung an der R\u00fcckwand mit Schrauben M5 und Muttern.<\/li>\n<\/ul>\n<p>&nbsp;<\/p>\n<p>Das Produkt wird mit Holzf\u00fcllung geliefert.<\/p>\n<p>&nbsp;<\/p>\n<p><strong>NB!<\/strong>\u00a0Produkte aus Cortenstahl werden mit unbehandelter Oberfl\u00e4che geliefert. Cortenstahl hat im Neuzustand die gleiche graue Farbe wie herk\u00f6mmlicher warmgewalzter Stahl. Die Anweisungen zur Alterung finden Sie auf unserer Website oder k\u00f6nnen direkt vom Produkt eingescannt werden.<\/p>\n<p>&nbsp;<\/p>\n<p><a href=\"https:\/\/www.grillsymbol.com\/de\/ueber-die-materialien-und-bodenformen-der-pfannen\/corten-alterungsprozess\/\">Klicken Sie hier, um die Anweisungen zur Alterung f\u00fcr Corten-Produkte zu sehen.<\/a><\/p>\n","protected":false},"excerpt":{"rendered":"<p>Das Insektenhotel Bee-M ist handgefertigt. Als Material wurde Cortenstahl verwendet, der dank seiner Witterungsbest\u00e4ndigkeit Jahrzehnte h\u00e4lt.<\/p>\n<p>Das Insektenhotel schafft ideale Bedingungen als Lebensraum f\u00fcr Nutzinsekten. Nutzinsekten sind solche, die den Garten best\u00e4uben, Sch\u00e4dlinge vernichten und Abf\u00e4lle beseitigen. Dank eines Insektenhotels hat Ihr Garten also eine geringere Sch\u00e4dlingspopulation, eine h\u00f6here Ernte dank verbesserter Best\u00e4ubung und eine sauberere Umwelt.<\/p>\n<p>Ein Insektenhotel ist f\u00fcr Kinder von gro\u00dfem Interesse \u2013 es ist interessant, Insekten bei der Arbeit zu beobachten, und dadurch lernt das Kind\u00a0einen wichtigen Teil des Gleichgewichtes der Natur zu verstehen.<\/p>\n<p><b>Design von Petteri Wiimaa<\/b><\/p>\n","protected":false},"featured_media":24493,"comment_status":"open","ping_status":"closed","template":"","meta":{"footnotes":""},"class_list":["post-25221","product","type-product","status-publish","has-post-thumbnail","hentry","product_cat-vogelfutterhaeuser-und-nistkaesten"],"_links":{"self":[{"href":"https:\/\/www.grillsymbol.com\/de\/wp-json\/wp\/v2\/product\/25221","targetHints":{"allow":["GET"]}}],"collection":[{"href":"https:\/\/www.grillsymbol.com\/de\/wp-json\/wp\/v2\/product"}],"about":[{"href":"https:\/\/www.grillsymbol.com\/de\/wp-json\/wp\/v2\/types\/product"}],"replies":[{"embeddable":true,"href":"https:\/\/www.grillsymbol.com\/de\/wp-json\/wp\/v2\/comments?post=25221"}],"version-history":[{"count":0,"href":"https:\/\/www.grillsymbol.com\/de\/wp-json\/wp\/v2\/product\/25221\/revisions"}],"wp:featuredmedia":[{"embeddable":true,"href":"https:\/\/www.grillsymbol.com\/de\/wp-json\/wp\/v2\/media\/24493"}],"wp:attachment":[{"href":"https:\/\/www.grillsymbol.com\/de\/wp-json\/wp\/v2\/media?parent=25221"}],"curies":[{"name":"wp","href":"https:\/\/api.w.org\/{rel}","templated":true}]}}