{"id":25276,"date":"2025-05-23T08:50:25","date_gmt":"2025-05-23T08:50:27","guid":{"rendered":"https:\/\/www.grillsymbol.com\/shop\/uncategorized\/grillsymbol-holzkohlegrill-chef-xxl-silver\/"},"modified":"2026-04-22T15:48:31","modified_gmt":"2026-04-22T15:48:31","slug":"grillsymbol-holzkohlegrill-chef-xxl-silver","status":"publish","type":"product","link":"https:\/\/www.grillsymbol.com\/de\/shop\/smoker-holzkohlegrills-und-holzkohlegrills\/grillsymbol-holzkohlegrill-chef-xxl-silver\/","title":{"rendered":"GrillSymbol Holzkohlegrill Chef XXL Silver"},"content":{"rendered":"<p><span style=\"text-decoration: underline;\"><strong>Technische Daten:<\/strong><\/span><\/p>\n<ul>\n<li>Abmessungen: 179 x 63 x 113 cm (Breite x Tiefe x H\u00f6he)<\/li>\n<li>Gewicht: ca. 120 kg<\/li>\n<li>Kochbereich: 116 x 62 cm<\/li>\n<li>H\u00f6he: Ebene des Grillrostes 91 cm, mit Deckel 113 cm<\/li>\n<li><strong>Alle Teile des Grills sind aus Edelstahl!<\/strong><\/li>\n<li>Ma\u00dfe der Grillroste 61 x 38 cm (ein Rost wiegt etwa 10 kg)<\/li>\n<li>Im Lieferumfang des Grills Chef-XXL sind 3 Grillroste aus Edelstahl enthalten: Meat-XXL inox, FTG-XXL inox, Classic-XXL inox.<\/li>\n<li>Als Zubeh\u00f6r sind verf\u00fcgbar unterschiedliche Modelle der Grillroste, eine Wok-Pfanne mit Adapter und Grillspie\u00dfe SKEW-77<\/li>\n<li>Benutzen Sie zum Grillen Holzkohle oder Briketts<\/li>\n<li>F\u00fcr Holzkohle hat der Grill 2 Holzkohleschalen aus Edelstahl \u2013 es vereinfacht das Entleeren In der tieferen Wanne kann man Holzkohle auch vor brennen<\/li>\n<li>An den Seiten des Grills sind Bel\u00fcftungs\u00f6ffnungen, die f\u00fcr den Luftaustausch sorgen<\/li>\n<li>Der Grillk\u00f6rper hat Kerben, in denen man die Grillspie\u00dfe auf allen vier Seiten fixieren kann<\/li>\n<li>Der Deckel hat drei Bel\u00fcftungsklappen, mit denen der Luftaustausch reguliert werden kann<\/li>\n<li>Im Deckel ist ein \u00e4u\u00dferes Thermometer mit Skala von 0 bis 300\u00b0C<\/li>\n<li>R\u00e4der, die einen Gummi\u00fcberzug und einen geraden Lauf haben: Durchmesser 100 mm<\/li>\n<\/ul>\n<p>&nbsp;<\/p>\n<p><strong>Das Produkt wird zusammengebaut geliefert<\/strong>. Sie m\u00fcssen nur die Seitenregale befestigen und die Schutzfolie von den Edelstahl-Teilen entfernen (Zeitaufwand 15\u201320 Minuten)<\/p>\n<p>&nbsp;<\/p>\n<p><strong>NB! Wichtig:<\/strong><\/p>\n<p>&nbsp;<\/p>\n<ul>\n<li>Obwohl w\u00e4hrend heftigen Regen durch den sehr kleinen Spalt zwischen den Deckel und dem Grillgeh\u00e4use etwas Wasser in den Grill flie\u00dfen kann, ist das kein Problem \u2013 durch die L\u00fcftungsl\u00f6cher am Boden flie\u00dft das Wasser in Eimern und besch\u00e4digt nicht das Material.<\/li>\n<\/ul>\n<p>&nbsp;<\/p>\n<ul>\n<li>Das Produkt darf man nicht auf einen Untergrund aus Holz stellen, da der Grill kleine \u00d6ffnungen hat, durch die geringe Mengen an Asche und Funken herausfallen k\u00f6nnen. Wir empfehlen den Grill auf einen feuerfesten Untergrund zu stellen oder als Zubeh\u00f6r die Grundplatte aus Cortenstahl oder aus Edelstahl zu kaufen.<\/li>\n<\/ul>\n<p>&nbsp;<\/p>\n<ul>\n<li>Wegen des Grillens und der Hitze bekommt das Edelstahl-Geh\u00e4use violette Stellen. Man muss damit rechnen, dass die Au\u00dfenfl\u00e4che des Grills im Laufe der Zeit ihre Farbe wechselt.<\/li>\n<\/ul>\n","protected":false},"excerpt":{"rendered":"<p><strong>Chef-XXL Silver\u00a0<\/strong>ist ein Holzkohlegrill mit einem riesigen Grillbereich, bei dessen Fertigung an Materialien nicht gespart wurde und Dank dessen h\u00e4lt er Jahrzehnte<strong>.\u00a0<\/strong>Bei Bedarf kann man auf dem Grill den gesamten Grillbereich von 116 x 62 cm benutzen. Von seiner Gr\u00f6\u00dfe und Produktivit\u00e4t her passt Chef-XXL Silver sowohl auf die Terrasse eines Restaurants als auch in den Innenhof eines richtigen Grillliebhabers.<\/p>\n<p>Der Materialeinsatz ist wie in alten guten Zeiten, keine Materialeinsparungen! Das Grillgeh\u00e4use ist aus 3 mm <strong>Edelstahl<\/strong>, dieses Material h\u00e4lt beim Grillen die Temperatur stabil. Noch toller sind die aus Edelstahl angefertigte massive Grillroste. Damit das beste Grillergebnis garantiert ist!<\/p>\n<p>Edelstahl ist als Material witterungsbest\u00e4ndig \u2013 der Grill Chef-XXL Silver wartet auf Sie das ganze Jahr \u00fcber, auch unter freiem Himmel und bei jedem Wetter.<\/p>\n","protected":false},"featured_media":25749,"comment_status":"open","ping_status":"closed","template":"","meta":{"footnotes":""},"class_list":["post-25276","product","type-product","status-publish","has-post-thumbnail","hentry","product_cat-smoker-holzkohlegrills-und-holzkohlegrills"],"_links":{"self":[{"href":"https:\/\/www.grillsymbol.com\/de\/wp-json\/wp\/v2\/product\/25276","targetHints":{"allow":["GET"]}}],"collection":[{"href":"https:\/\/www.grillsymbol.com\/de\/wp-json\/wp\/v2\/product"}],"about":[{"href":"https:\/\/www.grillsymbol.com\/de\/wp-json\/wp\/v2\/types\/product"}],"replies":[{"embeddable":true,"href":"https:\/\/www.grillsymbol.com\/de\/wp-json\/wp\/v2\/comments?post=25276"}],"version-history":[{"count":1,"href":"https:\/\/www.grillsymbol.com\/de\/wp-json\/wp\/v2\/product\/25276\/revisions"}],"predecessor-version":[{"id":35554,"href":"https:\/\/www.grillsymbol.com\/de\/wp-json\/wp\/v2\/product\/25276\/revisions\/35554"}],"wp:featuredmedia":[{"embeddable":true,"href":"https:\/\/www.grillsymbol.com\/de\/wp-json\/wp\/v2\/media\/25749"}],"wp:attachment":[{"href":"https:\/\/www.grillsymbol.com\/de\/wp-json\/wp\/v2\/media?parent=25276"}],"curies":[{"name":"wp","href":"https:\/\/api.w.org\/{rel}","templated":true}]}}