{"id":25420,"date":"2025-05-29T08:24:01","date_gmt":"2025-05-29T08:24:02","guid":{"rendered":"https:\/\/www.grillsymbol.com\/shop\/uncategorized\/grillsymbol-kabelloses-fleischthermometer-4-fuhler\/"},"modified":"2025-05-29T08:24:02","modified_gmt":"2025-05-29T08:24:02","slug":"grillsymbol-kabelloses-fleischthermometer-4-fuhler","status":"publish","type":"product","link":"https:\/\/www.grillsymbol.com\/de\/shop\/grillzubehor\/grillsymbol-kabelloses-fleischthermometer-4-fuhler\/","title":{"rendered":"GrillSymbol kabelloses Fleischthermometer, 4 F\u00fchler"},"content":{"rendered":"<ul>\n<li style=\"font-weight: 400\"><span style=\"font-weight: 400\">Digitales Thermometer<\/span><\/li>\n<li style=\"font-weight: 400\"><span style=\"font-weight: 400\">Inklusive 4 Edelstahlf\u00fchler mit 1,2 m hitzebest\u00e4ndigem Draht<\/span><\/li>\n<li style=\"font-weight: 400\"><span style=\"font-weight: 400\">Betriebsreichweite zwischen Sender und Empf\u00e4nger: bis zu 150 m<\/span><\/li>\n<li style=\"font-weight: 400\"><span style=\"font-weight: 400\">Messgenauigkeit: \u00b11\u00b0C<\/span><\/li>\n<li style=\"font-weight: 400\"><span style=\"font-weight: 400\">Temperaturbereich: -30\u00b0C bis +300\u00b0C<\/span><\/li>\n<li style=\"font-weight: 400\"><span style=\"font-weight: 400\">F\u00fchler: Edelstahl, Durchmesser 3,8 mm, Spitzendurchmesser 2,2 mm, L\u00e4nge 140 mm<\/span><\/li>\n<li style=\"font-weight: 400\"><span style=\"font-weight: 400\">Stromversorgung: 4 x AAA-Batterien (im Lieferumfang enthalten)<\/span><\/li>\n<\/ul>\n","protected":false},"excerpt":{"rendered":"<p><span style=\"font-weight: 400\">Kabelloses LCD digitales Lebensmittelthermometer mit Bluetooth und 4 F\u00fchlern. Das Set enth\u00e4lt einen Sender, einen Empf\u00e4nger und 4 Edelstahlsensoren.<\/span><\/p>\n","protected":false},"featured_media":25412,"comment_status":"open","ping_status":"closed","template":"","meta":{"footnotes":""},"class_list":["post-25420","product","type-product","status-publish","has-post-thumbnail","hentry","product_cat-grillzubehor"],"_links":{"self":[{"href":"https:\/\/www.grillsymbol.com\/de\/wp-json\/wp\/v2\/product\/25420","targetHints":{"allow":["GET"]}}],"collection":[{"href":"https:\/\/www.grillsymbol.com\/de\/wp-json\/wp\/v2\/product"}],"about":[{"href":"https:\/\/www.grillsymbol.com\/de\/wp-json\/wp\/v2\/types\/product"}],"replies":[{"embeddable":true,"href":"https:\/\/www.grillsymbol.com\/de\/wp-json\/wp\/v2\/comments?post=25420"}],"version-history":[{"count":0,"href":"https:\/\/www.grillsymbol.com\/de\/wp-json\/wp\/v2\/product\/25420\/revisions"}],"wp:featuredmedia":[{"embeddable":true,"href":"https:\/\/www.grillsymbol.com\/de\/wp-json\/wp\/v2\/media\/25412"}],"wp:attachment":[{"href":"https:\/\/www.grillsymbol.com\/de\/wp-json\/wp\/v2\/media?parent=25420"}],"curies":[{"name":"wp","href":"https:\/\/api.w.org\/{rel}","templated":true}]}}