{"id":25430,"date":"2025-05-29T08:58:57","date_gmt":"2025-05-29T08:58:58","guid":{"rendered":"https:\/\/www.grillsymbol.com\/shop\/uncategorized\/grillsymbol-fleischinjektor-3-nadeln-wing-design\/"},"modified":"2025-05-29T08:58:58","modified_gmt":"2025-05-29T08:58:58","slug":"grillsymbol-fleischinjektor-3-nadeln-wing-design","status":"publish","type":"product","link":"https:\/\/www.grillsymbol.com\/de\/shop\/grillzubehor\/grillsymbol-fleischinjektor-3-nadeln-wing-design\/","title":{"rendered":"GrillSymbol Fleischinjektor + 3 Nadeln (Wing Design)"},"content":{"rendered":"<ul>\n<li style=\"font-weight: 400\"><span style=\"font-weight: 400\">Hergestellt aus Edelstahl, Klasse 304<\/span><\/li>\n<li style=\"font-weight: 400\"><span style=\"font-weight: 400\">Fassungsverm\u00f6gen: 100 ml<\/span><\/li>\n<li style=\"font-weight: 400\"><span style=\"font-weight: 400\">Enth\u00e4lt 3 starke Edelstahlnadeln<\/span><\/li>\n<li style=\"font-weight: 400\"><span style=\"font-weight: 400\">Eine der Nadeln hat seitliche \u00d6ffnungen f\u00fcr eine gleichm\u00e4\u00dfigere Verteilung der Marinade<\/span><\/li>\n<li style=\"font-weight: 400\"><span style=\"font-weight: 400\">Druckbest\u00e4ndig, kein Auslaufen w\u00e4hrend der Injektion<\/span><\/li>\n<li><span style=\"font-weight: 400\">Ergonomischer Griff mit einem Ring<\/span><\/li>\n<\/ul>\n","protected":false},"excerpt":{"rendered":"<p><span style=\"font-weight: 400\">Fleischspritze aus Edelstahl zum W\u00fcrzen gr\u00f6\u00dferer Fleischst\u00fccke. Das Set enth\u00e4lt 3 langlebige Nadeln aus Edelstahl. Das Einspritzen von Marinade verk\u00fcrzt die Zeit zum Marinieren und sorgt f\u00fcr einen gleichm\u00e4\u00dfigen Geschmack im Fleisch.<\/span><\/p>\n","protected":false},"featured_media":25422,"comment_status":"open","ping_status":"closed","template":"","meta":{"footnotes":""},"class_list":["post-25430","product","type-product","status-publish","has-post-thumbnail","hentry","product_cat-grillzubehor"],"_links":{"self":[{"href":"https:\/\/www.grillsymbol.com\/de\/wp-json\/wp\/v2\/product\/25430","targetHints":{"allow":["GET"]}}],"collection":[{"href":"https:\/\/www.grillsymbol.com\/de\/wp-json\/wp\/v2\/product"}],"about":[{"href":"https:\/\/www.grillsymbol.com\/de\/wp-json\/wp\/v2\/types\/product"}],"replies":[{"embeddable":true,"href":"https:\/\/www.grillsymbol.com\/de\/wp-json\/wp\/v2\/comments?post=25430"}],"version-history":[{"count":0,"href":"https:\/\/www.grillsymbol.com\/de\/wp-json\/wp\/v2\/product\/25430\/revisions"}],"wp:featuredmedia":[{"embeddable":true,"href":"https:\/\/www.grillsymbol.com\/de\/wp-json\/wp\/v2\/media\/25422"}],"wp:attachment":[{"href":"https:\/\/www.grillsymbol.com\/de\/wp-json\/wp\/v2\/media?parent=25430"}],"curies":[{"name":"wp","href":"https:\/\/api.w.org\/{rel}","templated":true}]}}