{"id":25477,"date":"2025-05-30T07:54:11","date_gmt":"2025-05-30T07:54:12","guid":{"rendered":"https:\/\/www.grillsymbol.com\/shop\/uncategorized\/grillsymbol-smart-wireless-fleischthermometer-mit-4-sonden\/"},"modified":"2025-05-30T07:54:12","modified_gmt":"2025-05-30T07:54:12","slug":"grillsymbol-smart-wireless-fleischthermometer-mit-4-sonden","status":"publish","type":"product","link":"https:\/\/www.grillsymbol.com\/de\/shop\/grillzubehor\/grillsymbol-smart-wireless-fleischthermometer-mit-4-sonden\/","title":{"rendered":"GrillSymbol Smart Wireless Fleischthermometer, mit 4 Sonden"},"content":{"rendered":"<ul>\n<li style=\"font-weight: 400\"><span style=\"font-weight: 400\">Verbindet sich mit dem Telefon \u00fcber die PROBE PLUS App (iOS und Android)<\/span><\/li>\n<li style=\"font-weight: 400\"><span style=\"font-weight: 400\">Reichweite zwischen F\u00fchler und Ladestation: bis zu 50 m<\/span><\/li>\n<li style=\"font-weight: 400\"><span style=\"font-weight: 400\">Reichweite zwischen F\u00fchler und Telefon: bis zu 80 m<\/span><\/li>\n<li style=\"font-weight: 400\"><span style=\"font-weight: 400\">Messbereich des F\u00fchlers: -10\u2103 bis 100\u2103<\/span><\/li>\n<li style=\"font-weight: 400\"><span style=\"font-weight: 400\">Temperaturtoleranz des F\u00fchlers: &lt; 100\u00b0C, F\u00fchlerspitze &lt; 300\u00b0C<\/span><\/li>\n<li style=\"font-weight: 400\"><span style=\"font-weight: 400\">F\u00fchlermaterial: Edelstahl 304, F\u00fchlerspitze aus hitzebest\u00e4ndigem Kunststoff<\/span><\/li>\n<li style=\"font-weight: 400\"><span style=\"font-weight: 400\">Messgenauigkeit: \u00b11\u00b0C<\/span><\/li>\n<li style=\"font-weight: 400\"><span style=\"font-weight: 400\">Abmessungen des F\u00fchlers: 123,4 x 11,6 mm, Durchmesser: 5,5 mm<\/span><\/li>\n<li style=\"font-weight: 400\"><span style=\"font-weight: 400\">Abmessungen des Ladeger\u00e4ts: 146 x 158 x 23,5 mm<\/span><\/li>\n<li style=\"font-weight: 400\"><span style=\"font-weight: 400\">Batterietyp: F\u00fchler mit Superkondensator; Fernbedienung mit Li-Ionen-Akku, 2000 mAh<\/span><\/li>\n<li style=\"font-weight: 400\"><span style=\"font-weight: 400\">Ladezeit: F\u00fchler ca. 20-30 Minuten; Fernbedienung ca. 6 Stunden<\/span><\/li>\n<li style=\"font-weight: 400\"><span style=\"font-weight: 400\">Nutzungsdauer: F\u00fchler bis zu 24 Stunden bei 25\u00b0C, \u00fcber 16 Stunden bei 75\u00b0C; Fernbedienung (voll aufgeladen) \u00fcber 300 Stunden<\/span><\/li>\n<li style=\"font-weight: 400\"><span style=\"font-weight: 400\">Wasserdicht: F\u00fchler JA, Fernbedienung NEIN<\/span><\/li>\n<li style=\"font-weight: 400\"><span style=\"font-weight: 400\">Fallsicher: F\u00fchler JA, Fernbedienung NEIN<\/span><\/li>\n<\/ul>\n","protected":false},"excerpt":{"rendered":"<p><span style=\"font-weight: 400\">Kabelloses Thermometer mit vier F\u00fchlern, einschlie\u00dflich Ladestation und Fernbedienung. Das Thermometer hat einen Arbeitsbereich von bis zu 50 Metern, erweiterbar \u00fcber Telefon und Wi-Fi-Netzwerk. Das Set umfasst 4 F\u00fchler, eine Fernbedienung und eine Ladestation aus Bambus.<\/span><\/p>\n<p><span style=\"font-weight: 400\">Das Thermometer ist einfach zu bedienen. Das Telefon (oder die Fernbedienung) signalisiert, wenn das Fleisch fertig ist.<\/span><\/p>\n","protected":false},"featured_media":25469,"comment_status":"open","ping_status":"closed","template":"","meta":{"footnotes":""},"class_list":["post-25477","product","type-product","status-publish","has-post-thumbnail","hentry","product_cat-grillzubehor"],"_links":{"self":[{"href":"https:\/\/www.grillsymbol.com\/de\/wp-json\/wp\/v2\/product\/25477","targetHints":{"allow":["GET"]}}],"collection":[{"href":"https:\/\/www.grillsymbol.com\/de\/wp-json\/wp\/v2\/product"}],"about":[{"href":"https:\/\/www.grillsymbol.com\/de\/wp-json\/wp\/v2\/types\/product"}],"replies":[{"embeddable":true,"href":"https:\/\/www.grillsymbol.com\/de\/wp-json\/wp\/v2\/comments?post=25477"}],"version-history":[{"count":0,"href":"https:\/\/www.grillsymbol.com\/de\/wp-json\/wp\/v2\/product\/25477\/revisions"}],"wp:featuredmedia":[{"embeddable":true,"href":"https:\/\/www.grillsymbol.com\/de\/wp-json\/wp\/v2\/media\/25469"}],"wp:attachment":[{"href":"https:\/\/www.grillsymbol.com\/de\/wp-json\/wp\/v2\/media?parent=25477"}],"curies":[{"name":"wp","href":"https:\/\/api.w.org\/{rel}","templated":true}]}}