{"id":25631,"date":"2025-07-10T13:11:58","date_gmt":"2025-07-10T13:11:59","guid":{"rendered":"https:\/\/www.grillsymbol.com\/shop\/uncategorized\/grillsymbol-hitzebestandige-handschuhe-grose-10\/"},"modified":"2025-07-10T13:11:59","modified_gmt":"2025-07-10T13:11:59","slug":"grillsymbol-hitzebestandige-handschuhe-grose-10","status":"publish","type":"product","link":"https:\/\/www.grillsymbol.com\/de\/shop\/grillzubehor\/grillsymbol-hitzebestandige-handschuhe-grose-10\/","title":{"rendered":"GrillSymbol Hitzebest\u00e4ndige Handschuhe, Gr\u00f6\u00dfe 10"},"content":{"rendered":"<ul>\n<li><span style=\"font-weight: 400\">HRG-Handschuhe bieten Schutz gegen alle Arten von Hitze<\/span><\/li>\n<li><span style=\"font-weight: 400\">Hergestellt aus Para- und Meta-Aramidfasern (dem gleichen Material, das auch in Feuerwehruniformen verwendet wird)<\/span><\/li>\n<li><span style=\"font-weight: 400\">Bietet einen l\u00e4nger anhaltenden Schutz gegen Hitze als nur ein paar Sekunden<\/span><\/li>\n<li><span style=\"font-weight: 400\">Die Innenseite des Handschuhs ist mit einem atmungsaktiven und weichen Baumwollfutter ausgekleidet<\/span><\/li>\n<li><span style=\"font-weight: 400\">Die verl\u00e4ngerte Stulpe sch\u00fctzt auch das Handgelenk<\/span><\/li>\n<li><span style=\"font-weight: 400\">Gr\u00f6\u00dfe 10<\/span><\/li>\n<\/ul>\n","protected":false},"excerpt":{"rendered":"<p><span style=\"font-weight: 400\">Extrem hitzebest\u00e4ndige Handschuhe f\u00fcr Arbeiten unter hei\u00dfen Bedingungen wie Grillen, Lagerfeuer, Arbeiten am Herd oder Ofen usw.<\/span><\/p>\n","protected":false},"featured_media":25619,"comment_status":"open","ping_status":"closed","template":"","meta":{"footnotes":""},"class_list":["post-25631","product","type-product","status-publish","has-post-thumbnail","hentry","product_cat-grillzubehor"],"_links":{"self":[{"href":"https:\/\/www.grillsymbol.com\/de\/wp-json\/wp\/v2\/product\/25631","targetHints":{"allow":["GET"]}}],"collection":[{"href":"https:\/\/www.grillsymbol.com\/de\/wp-json\/wp\/v2\/product"}],"about":[{"href":"https:\/\/www.grillsymbol.com\/de\/wp-json\/wp\/v2\/types\/product"}],"replies":[{"embeddable":true,"href":"https:\/\/www.grillsymbol.com\/de\/wp-json\/wp\/v2\/comments?post=25631"}],"version-history":[{"count":0,"href":"https:\/\/www.grillsymbol.com\/de\/wp-json\/wp\/v2\/product\/25631\/revisions"}],"wp:featuredmedia":[{"embeddable":true,"href":"https:\/\/www.grillsymbol.com\/de\/wp-json\/wp\/v2\/media\/25619"}],"wp:attachment":[{"href":"https:\/\/www.grillsymbol.com\/de\/wp-json\/wp\/v2\/media?parent=25631"}],"curies":[{"name":"wp","href":"https:\/\/api.w.org\/{rel}","templated":true}]}}