{"id":35220,"date":"2026-02-17T12:54:49","date_gmt":"2026-02-17T12:54:51","guid":{"rendered":"https:\/\/www.grillsymbol.com\/shop\/uncategorized\/grillsymbol-feuerschale-elias-xl\/"},"modified":"2026-03-30T19:39:59","modified_gmt":"2026-03-30T19:39:59","slug":"grillsymbol-feuerschale-elias-xl","status":"publish","type":"product","link":"https:\/\/www.grillsymbol.com\/de\/shop\/unkategorisiert\/grillsymbol-feuerschale-elias-xl\/","title":{"rendered":"GrillSymbol Feuerschale Elias XL"},"content":{"rendered":"<ul>\n<li>Material der Au\u00dfenpanele: 3 mm Cor-Ten Stahl<\/li>\n<li>Durchmesser: 116 cm<\/li>\n<li>H\u00f6he: 40 cm<\/li>\n<li>Gesamtgewicht des Sets: ca 55 kg<\/li>\n<li>In der Mitte Korb f\u00fcr Holz \/ Asche, den man herausnehmen und putzen kann<\/li>\n<li>Feuerstelle st\u00fctzt sich mit 3 Beinen auf die Erde<\/li>\n<li>Dank ihrer Gr\u00f6\u00dfe eignet sich auch in den \u00f6ffentlichen Raum: Bierg\u00e4rten der Restaurants, Golfzentren, Lagerfeuerpl\u00e4tze der Gemeinden, Dorfpl\u00e4tze usw.<\/li>\n<\/ul>\n<p>Das Produkt darf nur auf festen, nicht brennbaren Untergrund installiert werden, da die Feuerschale w\u00e4hrend des Erhitzens sehr hei\u00df wird. Im Boden der Feuerschale befinden sich L\u00f6cher, aus denen kleine Kohlenst\u00fccke herausfallen k\u00f6nnen. \u00dcbersch\u00fcssiges Wasser kann aus den L\u00f6chern abflie\u00dfen, so wird vermieden, dass stehendes Wasser in der Feuerschale sich ansammelt.<\/p>\n<p><strong>Achtung!<\/strong>\u00a0Die Produkte aus Corten Stahl werden unbehandelt geliefert und sind somit grau wie gew\u00f6hnlicher warmgewalzter Stahl. Anleitung zu Alterungsprozesses von Corten Stahl findest Du auf unserer Webseite oder kannst es direkt von dem Produkt Scannen.<\/p>\n<h5><a href=\"https:\/\/www.grillsymbol.com\/de\/ueber-die-materialien-und-bodenformen-der-pfannen\/corten-alterungsprozess\/\" target=\"_blank\" rel=\"noopener\">Siehe hier: Alterungsleitfaden f\u00fcr Cor-Ten-Produkte<\/a><\/h5>\n","protected":false},"excerpt":{"rendered":"<p>Disain: Petteri Wiimaa<\/p>\n<p>Hergestellt aus Cor-Ten Stahl, der fast reiner Kohlenstoffstahl ist, aber wetterfest bearbeitet, so dass ein Schutzschicht gegen Wettereinfl\u00fcsse entsteht. Die Oberfl\u00e4che ist anfangs grau, wird aber durch Wettereinfl\u00fcsse r\u00f6tlichbraun (Farbe ist \u00e4hnlich dem Rost), mit der Zeit wird die Farbe etwas dunkler. Bei bestimmungsgem\u00e4\u00dfer Verwendung ist Cor-Ten Stahl ausdrucksstark, pflegefrei und h\u00e4lt auf einzigartige Weise lang in gutem Zustand.<\/p>\n","protected":false},"featured_media":23928,"comment_status":"open","ping_status":"closed","template":"","meta":{"footnotes":""},"class_list":["post-35220","product","type-product","status-publish","has-post-thumbnail","hentry","product_cat-unkategorisiert"],"_links":{"self":[{"href":"https:\/\/www.grillsymbol.com\/de\/wp-json\/wp\/v2\/product\/35220","targetHints":{"allow":["GET"]}}],"collection":[{"href":"https:\/\/www.grillsymbol.com\/de\/wp-json\/wp\/v2\/product"}],"about":[{"href":"https:\/\/www.grillsymbol.com\/de\/wp-json\/wp\/v2\/types\/product"}],"replies":[{"embeddable":true,"href":"https:\/\/www.grillsymbol.com\/de\/wp-json\/wp\/v2\/comments?post=35220"}],"version-history":[{"count":0,"href":"https:\/\/www.grillsymbol.com\/de\/wp-json\/wp\/v2\/product\/35220\/revisions"}],"wp:featuredmedia":[{"embeddable":true,"href":"https:\/\/www.grillsymbol.com\/de\/wp-json\/wp\/v2\/media\/23928"}],"wp:attachment":[{"href":"https:\/\/www.grillsymbol.com\/de\/wp-json\/wp\/v2\/media?parent=35220"}],"curies":[{"name":"wp","href":"https:\/\/api.w.org\/{rel}","templated":true}]}}