{"id":35926,"date":"2026-04-30T15:07:58","date_gmt":"2026-04-30T15:07:58","guid":{"rendered":"https:\/\/www.grillsymbol.com\/shop\/uncategorized\/grillsymbol-gusseisentopf-dutch-oven\/"},"modified":"2026-04-30T15:07:58","modified_gmt":"2026-04-30T15:07:58","slug":"grillsymbol-gusseisentopf-dutch-oven","status":"publish","type":"product","link":"https:\/\/www.grillsymbol.com\/de\/shop\/grillzubehor\/grillsymbol-gusseisentopf-dutch-oven\/","title":{"rendered":"GrillSymbol Gusseisentopf \u201eDutch Oven"},"content":{"rendered":"","protected":false},"excerpt":{"rendered":"<p>Dutch Oven\u201c ist ein klassischer robuster Gusseisentopf, der perfekt auf das Lagerfeuer, den Grill und in den Ofen passt. Dank dem dicken Gusseisen h\u00e4lt der Topf die Hitze gleichm\u00e4\u00dfig und lange und gew\u00e4hrleistet damit saftige Eint\u00f6pfe, Suppen und Geb\u00e4ck. Klassisches \u201eDutch Oven\u201c Design mit einem robusten Deckel und Griff macht die Nutzung sowohl zu Hause als auch in der Natur bequem.<\/p>\n","protected":false},"featured_media":35875,"comment_status":"open","ping_status":"closed","template":"","meta":{"footnotes":""},"class_list":["post-35926","product","type-product","status-publish","has-post-thumbnail","hentry","product_cat-grillzubehor"],"_links":{"self":[{"href":"https:\/\/www.grillsymbol.com\/de\/wp-json\/wp\/v2\/product\/35926","targetHints":{"allow":["GET"]}}],"collection":[{"href":"https:\/\/www.grillsymbol.com\/de\/wp-json\/wp\/v2\/product"}],"about":[{"href":"https:\/\/www.grillsymbol.com\/de\/wp-json\/wp\/v2\/types\/product"}],"replies":[{"embeddable":true,"href":"https:\/\/www.grillsymbol.com\/de\/wp-json\/wp\/v2\/comments?post=35926"}],"version-history":[{"count":0,"href":"https:\/\/www.grillsymbol.com\/de\/wp-json\/wp\/v2\/product\/35926\/revisions"}],"wp:featuredmedia":[{"embeddable":true,"href":"https:\/\/www.grillsymbol.com\/de\/wp-json\/wp\/v2\/media\/35875"}],"wp:attachment":[{"href":"https:\/\/www.grillsymbol.com\/de\/wp-json\/wp\/v2\/media?parent=35926"}],"curies":[{"name":"wp","href":"https:\/\/api.w.org\/{rel}","templated":true}]}}