{"id":3762,"date":"2017-04-11T06:12:28","date_gmt":"2017-04-11T06:12:53","guid":{"rendered":"https:\/\/www.grillsymbol.com\/shop\/uncategorized\/riesenpfanne-gs-960-inox\/"},"modified":"2026-01-08T00:02:31","modified_gmt":"2026-01-08T00:02:31","slug":"grillsymbol-paella-pfanne-grill-pro-960-inox","status":"publish","type":"product","link":"https:\/\/www.grillsymbol.com\/de\/shop\/paella-pfanne-grills\/grillsymbol-paella-pfanne-grill-pro-960-inox\/","title":{"rendered":"GrillSymbol Paella Pfanne Grill PRO-960 inox"},"content":{"rendered":"<p>&nbsp;<\/p>\n<ul type=\"&quot;&quot;&quot;&quot;disc&quot;&quot;&quot;&quot;\">\n<li>Material: 5 mm Edelstahl<\/li>\n<li>Durchmesser:\u00a096 cm<\/li>\n<li>Bodendurchmesser:\u00a085 cm<\/li>\n<li>Kapazit\u00e4t:\u00a050 Portionen<\/li>\n<li>H\u00f6he: 85 cm<\/li>\n<li>H\u00f6he der Pfannenseite: 5 cm<\/li>\n<li>Gewicht: Pfanne 32 kg, gesamt 55 kg<\/li>\n<li>Brenner: 21 kW, Durchmesser\u00a0600 mm<\/li>\n<li>Gasverbrauch bei der Vollleistung 1,5 kg\/h, in \u00fcblichen Bedingungen 0,5-1 kg\/h<\/li>\n<li>Die passende D\u00fcse wird in dem Betrieb komplektiert und entspricht die Voraussetzungen im Zielland der Bestellung.<\/li>\n<li>Alle drei Ringe der Brenner k\u00f6nnen getrennt reguliert werden<\/li>\n<li>Dreifach Windschutz<\/li>\n<li>Der Brenner hat einen batteriegetriebenen Elektroz\u00fcnder<\/li>\n<li>Beine sind abnehmbar und werden mit Bolzen (Schmetterling) befestigt<\/li>\n<li>Gas Regler und Schlauch sind nicht im Set enthalten!<\/li>\n<li>Das Produkt entspricht den Anforderungen der Richtlinie 2009\/142\/EC<\/li>\n<li>CE 1336-10<\/li>\n<\/ul>\n<p><strong><!-- [if gte mso 9]&gt;--><\/p>\n<p><!-- [if gte mso 10]&gt;--><\/p>\n<p> \/* Style Definitions *\/<br \/> table.MsoNormalTable<br \/>        {mso-style-name:\\&#8220;Table Normal\\&#8220;;<br \/>        mso-tstyle-rowband-size:0;<br \/>        mso-tstyle-colband-size:0;<br \/>        mso-style-noshow:yes;<br \/>        mso-style-priority:99;<br \/>        mso-style-qformat:yes;<br \/>        mso-style-parent:\\&#8220;\\&#8220;;<br \/>        mso-padding-alt:0cm 5.4pt 0cm 5.4pt;<br \/>        mso-para-margin-top:0cm;<br \/>        mso-para-margin-right:0cm;<br \/>        mso-para-margin-bottom:10.0pt;<br \/>        mso-para-margin-left:0cm;<br \/>        line-height:115%;<br \/>        mso-pagination:widow-orphan;<br \/>        font-size:12.0pt;<br \/>        mso-bidi-font-size:11.0pt;<br \/>        font-family:\\&#8220;Times New Roman\\&#8220;,\\&#8220;serif\\&#8220;;<br \/>        mso-bidi-font-family:\\&#8220;Times New Roman\\&#8220;;<br \/>        mso-bidi-theme-font:minor-bidi;<br \/>        mso-ansi-language:SV;<br \/>        mso-fareast-language:EN-US;}<br \/><\/strong><\/p>\n","protected":false},"excerpt":{"rendered":"<p>Eine<strong> Edelstahlpfanne <\/strong>mit hohem Rand und sehr guten Brateigenschaften. Durch ihre Gr\u00f6\u00dfe erm\u00f6glicht viele Portionen schnell zu zubereiten.<\/p>\n<p>PRO-960 inox erm\u00f6glicht Zubereitung allerlei Gerichte sowohl aus vorgebackenem als auch frischen Rohstoff. Sie k\u00f6nnen gleichzeitig 50-80 Portionen zubereiten, dies h\u00e4ngt von dem Gericht ab. Der 5 cm hoher Rand l\u00e4sst auch Essen schmoren und d\u00e4mpfen (unter dem Deckel), was ein gro\u00dfer Vorteil im Vergleich zu Pfannen mit niedrigem Rand ist. Verwenden Sie nur Ihre Fantasie und bereiten Sie sich ein leckeres Gericht zu!<\/p>\n","protected":false},"featured_media":15580,"comment_status":"open","ping_status":"closed","template":"","meta":{"footnotes":""},"class_list":["post-3762","product","type-product","status-publish","has-post-thumbnail","hentry","product_cat-paella-pfanne-grills"],"_links":{"self":[{"href":"https:\/\/www.grillsymbol.com\/de\/wp-json\/wp\/v2\/product\/3762","targetHints":{"allow":["GET"]}}],"collection":[{"href":"https:\/\/www.grillsymbol.com\/de\/wp-json\/wp\/v2\/product"}],"about":[{"href":"https:\/\/www.grillsymbol.com\/de\/wp-json\/wp\/v2\/types\/product"}],"replies":[{"embeddable":true,"href":"https:\/\/www.grillsymbol.com\/de\/wp-json\/wp\/v2\/comments?post=3762"}],"version-history":[{"count":0,"href":"https:\/\/www.grillsymbol.com\/de\/wp-json\/wp\/v2\/product\/3762\/revisions"}],"wp:featuredmedia":[{"embeddable":true,"href":"https:\/\/www.grillsymbol.com\/de\/wp-json\/wp\/v2\/media\/15580"}],"wp:attachment":[{"href":"https:\/\/www.grillsymbol.com\/de\/wp-json\/wp\/v2\/media?parent=3762"}],"curies":[{"name":"wp","href":"https:\/\/api.w.org\/{rel}","templated":true}]}}