{"id":3825,"date":"2017-04-11T06:19:55","date_gmt":"2017-04-11T06:20:15","guid":{"rendered":"https:\/\/www.grillsymbol.com\/shop\/uncategorized\/riesenpfanne-gs-720\/"},"modified":"2026-03-31T10:37:37","modified_gmt":"2026-03-31T10:37:37","slug":"grillsymbol-paella-pfanne-grill-pro-720","status":"publish","type":"product","link":"https:\/\/www.grillsymbol.com\/de\/shop\/paella-pfanne-grills\/grillsymbol-paella-pfanne-grill-pro-720\/","title":{"rendered":"GrillSymbol Paella Pfanne Grill PRO-720"},"content":{"rendered":"<p>&nbsp;<\/p>\n<div>\n<ul type=\"&quot;&quot;&quot;&quot;disc&quot;&quot;&quot;&quot;\">\n<li>Material Pfanne: 5 mm Stahl<\/li>\n<li>Durchmesser: 72 cm<\/li>\n<li>Bodendurchmesser: 61 cm<\/li>\n<li>Kapazit\u00e4t: 20-30 Portionen<\/li>\n<li>H\u00f6he: 85 cm<\/li>\n<li>H\u00f6he der Pfannenseite: 5 cm<\/li>\n<li>Gewicht: Pfanne 14 kg, insgesamt 30 kg<\/li>\n<li>Brenner: 11,4 kW, Durchmesser 40 cm<\/li>\n<li>Gasverbrauch bei der Vollleistung 1 kg\/h, in \u00fcblichen Bedingungen 0,3-0,6 kg\/h<\/li>\n<li>Achtung! Die passende D\u00fcse wird in dem Betrieb komplektiert und entspricht die Voraussetzungen im Zielland der Bestellung.<\/li>\n<li>Die zwei Ringe der Brenner k\u00f6nnen getrennt reguliert werden<\/li>\n<li>Dreifach Windschutz<\/li>\n<li>Der Brenner hat einen batteriegetriebenen Elektroz\u00fcnder<\/li>\n<li>Beine sind abnehmbar und werden mit Bolzen (Schmetterling) befestigt<\/li>\n<li>Gas Regler und Schlauch sind nicht im Set enthalten!<\/li>\n<li>Das Produkt entspricht den Anforderungen der Richtlinie 2009\/142\/EC<\/li>\n<li>CE 1336-10<\/li>\n<\/ul>\n<p><strong><!-- [if gte mso 9]&gt;--><\/strong><\/p>\n<p><!-- [if gte mso 10]&gt;--><\/p>\n<p>\/* Style Definitions *\/<br \/>\ntable.MsoNormalTable<br \/>\n{mso-style-name:\\&#8220;Table Normal\\&#8220;;<br \/>\nmso-tstyle-rowband-size:0;<br \/>\nmso-tstyle-colband-size:0;<br \/>\nmso-style-noshow:yes;<br \/>\nmso-style-priority:99;<br \/>\nmso-style-qformat:yes;<br \/>\nmso-style-parent:\\&#8220;\\&#8220;;<br \/>\nmso-padding-alt:0cm 5.4pt 0cm 5.4pt;<br \/>\nmso-para-margin-top:0cm;<br \/>\nmso-para-margin-right:0cm;<br \/>\nmso-para-margin-bottom:10.0pt;<br \/>\nmso-para-margin-left:0cm;<br \/>\nline-height:115%;<br \/>\nmso-pagination:widow-orphan;<br \/>\nfont-size:12.0pt;<br \/>\nmso-bidi-font-size:11.0pt;<br \/>\nfont-family:\\&#8220;Times New Roman\\&#8220;,\\&#8220;serif\\&#8220;;<br \/>\nmso-bidi-font-family:\\&#8220;Times New Roman\\&#8220;;<br \/>\nmso-bidi-theme-font:minor-bidi;<br \/>\nmso-ansi-language:SV;<br \/>\nmso-fareast-language:EN-US;}<\/p>\n<\/div>\n","protected":false},"excerpt":{"rendered":"<p>Eine\u00a0<strong>Stahlpfanne\u00a0<\/strong>mit hohem Rand und sehr guten Brateigenschaften, die sich ideal zu Zubereitung von Fleisch-, Fisch-, Gem\u00fcse- und allerlei Reisgerichte eignet. Durch ihre Gr\u00f6\u00dfe erm\u00f6glicht viele Portionen schnell zu zubereiten.<\/p>\n<p>PRO-720 erm\u00f6glicht Zubereitung allerlei Gerichte sowohl aus vorgebackenem als auch frischen Rohstoff. Sie k\u00f6nnen gleichzeitig 20-30 Portionen zubereiten, dies h\u00e4ngt von dem Gericht ab. Der 5 cm hoher Rand l\u00e4sst auch Essen schmoren und d\u00e4mpfen (unter dem Deckel), was ein gro\u00dfer Vorteil im Vergleich zu Pfannen mit niedrigem Rand ist. Verwenden Sie nur Ihre Fantasie und bereiten Sie sich ein leckeres Gericht zu!<\/p>\n","protected":false},"featured_media":15688,"comment_status":"open","ping_status":"closed","template":"","meta":{"footnotes":""},"class_list":{"0":"post-3825","1":"product","2":"type-product","3":"status-publish","4":"has-post-thumbnail","5":"hentry","6":"product_cat-paella-pfanne-grills","10":"product_cat-unkategorisiert"},"_links":{"self":[{"href":"https:\/\/www.grillsymbol.com\/de\/wp-json\/wp\/v2\/product\/3825","targetHints":{"allow":["GET"]}}],"collection":[{"href":"https:\/\/www.grillsymbol.com\/de\/wp-json\/wp\/v2\/product"}],"about":[{"href":"https:\/\/www.grillsymbol.com\/de\/wp-json\/wp\/v2\/types\/product"}],"replies":[{"embeddable":true,"href":"https:\/\/www.grillsymbol.com\/de\/wp-json\/wp\/v2\/comments?post=3825"}],"version-history":[{"count":0,"href":"https:\/\/www.grillsymbol.com\/de\/wp-json\/wp\/v2\/product\/3825\/revisions"}],"wp:featuredmedia":[{"embeddable":true,"href":"https:\/\/www.grillsymbol.com\/de\/wp-json\/wp\/v2\/media\/15688"}],"wp:attachment":[{"href":"https:\/\/www.grillsymbol.com\/de\/wp-json\/wp\/v2\/media?parent=3825"}],"curies":[{"name":"wp","href":"https:\/\/api.w.org\/{rel}","templated":true}]}}