{"id":3888,"date":"2017-04-11T06:22:40","date_gmt":"2017-04-11T06:23:16","guid":{"rendered":"https:\/\/www.grillsymbol.com\/shop\/uncategorized\/bbq-smoker-q-700-2\/"},"modified":"2026-04-29T06:00:24","modified_gmt":"2026-04-29T06:00:24","slug":"grillsymbol-smoker-holzkohlegrill-smoky-beast","status":"publish","type":"product","link":"https:\/\/www.grillsymbol.com\/de\/shop\/smoker-holzkohlegrills-und-holzkohlegrills\/grillsymbol-smoker-holzkohlegrill-smoky-beast\/","title":{"rendered":"GrillSymbol Smoker Holzkohlegrill Smoky Beast SONDERANGEBOT: Zubeh\u00f6r im Wert von 138 \u20ac inklusive"},"content":{"rendered":"<p>&nbsp;<\/p>\n<p><strong>Im Preis enthalten:<\/strong> eine Kohleschale, ein Modul f\u00fcr die Grillbriketts, drei F\u00e4cher.<\/p>\n<p>&nbsp;<\/p>\n<ul>\n<li>Material: 3 mm Cortenstahl<\/li>\n<li>Gewicht: 100 kg<\/li>\n<li>Der Backbereich und die Heizkammer k\u00f6nnen voneinander getrennt werden, die Schornsteine lassen sich abnehmen<\/li>\n<li>Der Smoker-Holzkohlegrill wird nicht lackiert<\/li>\n<li>Unzerbrechlicher Grillrost (5 mm rostfreier Stahl)<\/li>\n<li>Der Garbereich betr\u00e4gt 70 x 50 cm<\/li>\n<li>Zwei Grillroste auf verschiedenen Ebenen mit den Abmessungen 69 x 49 cm und 69 x 36 cm. Material: rostfreier Stahl<\/li>\n<li>Kapazit\u00e4t: auf zwei Roste passen ca. 20 kg kulinarische Rippen<\/li>\n<li>Schornsteine auf beiden Seiten garantieren eine gleichm\u00e4\u00dfige W\u00e4rmeverteilung<\/li>\n<li>Wasser kann durch ein spezielles Rohr in die Wasserwanne zugegossen werden, der Grillofen braucht dazu nicht ge\u00f6ffnet zu werden<\/li>\n<li>Das Fett flie\u00dft durch die daf\u00fcr bestimmte Wanne und tropft in einen speziellen Eimer<\/li>\n<li><strong>Ab April 2025 sind die Ascheschublade sowie die Fett-, Wasser- und Kohleschalen aus Edelstahl. Eine Rostbehandlung der Schalen zu Beginn der Grillsaison ist dann nicht mehr n\u00f6tig!<\/strong><\/li>\n<li>Am Ende der Schornsteine befinden sich Schieber, mit deren Hilfe die Temperatur im Ofen geregelt werden kann<\/li>\n<li>Der Smoker-Holzkohlegrill verf\u00fcgt \u00fcber ein \u00e4u\u00dferes Thermometer (0-300\u00b0C)<\/li>\n<li>Die Tiefe der Heizkammer betr\u00e4gt 48 cm, am Boden befindet sich ein Gussrost<\/li>\n<li>Auf dem vorderen Teil der Heizkammer befindet sich eine 20 x 20 cm Herdplatte, auf der Mop-So\u00dfen aufgew\u00e4rmt werden k\u00f6nnen<\/li>\n<li>Die T\u00fcr l\u00e4sst sich aus zwei Positionen schlie\u00dfen \u2013 eine gute M\u00f6glichkeit, um die Temperatur zu regulieren<\/li>\n<li>Die T\u00fcr der Heizkammer hat eine Doppelwand und h\u00e4lt der Hitze somit besser stand<\/li>\n<\/ul>\n<p>&nbsp;<\/p>\n<p>Der Smoker-Holzkohlegrill braucht im Winter weder in Innenr\u00e4umen gelagert noch bedeckt werden, da der rostfreie Cortenstahl jedem Wetter standh\u00e4lt. Gleichzeitig h\u00e4lt der Stahl Temperaturschwankungen gut aus \u2013 Br\u00fcche oder Spr\u00fcnge brauchen nicht bef\u00fcrchtet zu werden.<\/p>\n<p>Wenn Sie Ihren Grill von einem Platz zum n\u00e4chsten transportieren oder einem Freund oder Nachbarn leihen m\u00f6chten, ist dies sehr leicht: der Smoker-Holzkohlegrill kann einfach auf der Lagefl\u00e4che eines Lasters transportiert werden. Es handelt sich nicht um ein zerbrechliches Produkt, das mit gro\u00dfer Vorsicht behandelt werden muss.<\/p>\n<p>Viele unserer Kunden sind mit einem keramischen Grill des Kamado-Typs, einem Pellettgrill und dem Smoky Beast Smoker-Holzkohlegrill ausgestattet. Sie benutzen den \u201eBeast\u201c dann, wenn sie klassische Barbecue-Gerichte mit nat\u00fcrlichem Rauchgeschmack zubereiten, oder R\u00e4ucherschinken und -fisch machen wollen.<\/p>\n<p><strong>Smoker-Holzkohlegrills <\/strong>werden unbehandelt geliefert und sind grau. Die Kochsalzl\u00f6sung kann den Alterungsprozess beschleunigen. Genauere Infos finden Sie hier:<\/p>\n<p>&nbsp;<\/p>\n<blockquote class=\"wp-embedded-content\" data-secret=\"uoRsyHyijG\"><p><a href=\"https:\/\/www.grillsymbol.com\/de\/ueber-die-materialien-und-bodenformen-der-pfannen\/corten-alterungsprozess\/\">Corten Alterungsprozess<\/a><\/p><\/blockquote>\n<p><iframe loading=\"lazy\" class=\"wp-embedded-content\" sandbox=\"allow-scripts\" security=\"restricted\" style=\"position: absolute; visibility: hidden;\" title=\"&#8222;Corten Alterungsprozess&#8220; &#8211; GrillSymbol\" src=\"https:\/\/www.grillsymbol.com\/de\/ueber-die-materialien-und-bodenformen-der-pfannen\/corten-alterungsprozess\/embed\/#?secret=4gTDDlNc3B#?secret=uoRsyHyijG\" data-secret=\"uoRsyHyijG\" width=\"600\" height=\"338\" frameborder=\"0\" marginwidth=\"0\" marginheight=\"0\" scrolling=\"no\"><\/iframe><\/p>\n","protected":false},"excerpt":{"rendered":"<p><strong>Als Geschenk erhalten Sie ein <a href=\"https:\/\/www.grillsymbol.com\/de\/shop\/bbq-accessories\/grillsymbol-smart-wireless-fleischthermometer-mit-2-sonden\/\">Thermometer und <\/a><a href=\"https:\/\/www.grillsymbol.com\/de\/shop\/bbq-accessories\/grillsymbol-spieche-37-3-stk\/\">Spie\u00dfe 37 cm<\/a> im Wert von 138 Euro!<\/strong><\/p>\n<p>Klassischer Smoker-Holzkohlegrill Smoky Beast mit zwei Schornsteinen, mit dessen Verwendung die besten Geschmackserlebnisse erzielt werden. Er wird\u00a0aus Cortenstahl handgefertigt. Beim Garen von Barbecue-Gut kann der Grill <strong>sowohl mit Holz<\/strong> <strong>als auch mit Holzkohle<\/strong> geheizt werden. Weiterhin kann er auch als <strong>Kohlegrill<\/strong> verwendet werden. W\u00e4hrend die Hitze beim Garen oder R\u00e4uchern von unten aus den Heizkammern kommt, gibt es zum Grillen einen spezielle Kohleschale, die unter den Grillrosten angebracht wird.<\/p>\n<p>Die rotbraune Farbe des Cortenstahls ist mit Details aus rostfreiem Stahl versehen, wodurch der Smoky Beast sich mit seinem effektvollen Aussehen deutlich von den anderen seiner Art unterscheidet. Der Inhalt leidet jedoch nicht unter diesem Aussehen, da mit den Modellen der letzten Generation so einige Grillmeisterschaften gewonnen wurden.<\/p>\n<p>Der <strong>Smoky Beast<\/strong> ist von der Kapazit\u00e4t her gr\u00f6\u00dfer als die gr\u00f6\u00dften Modelle der keramischen Kamado Grills. (Kennzeichnungen XL, Big Joe\/ Pro Joe). Die Gesamtfl\u00e4che beider Grillroste zusammen betr\u00e4gt 5865 cm2.<\/p>\n<p><strong>NB! Ab April 2025 sind die Ascheschublade sowie die Fett-, Wasser- und Kohleschalen aus Edelstahl. Eine Rostbehandlung der Schalen zu Beginn der Grillsaison ist dann nicht mehr n\u00f6tig!<\/strong><\/p>\n","protected":false},"featured_media":22234,"comment_status":"open","ping_status":"closed","template":"","meta":{"footnotes":""},"class_list":["post-3888","product","type-product","status-publish","has-post-thumbnail","hentry","product_cat-smoker-holzkohlegrills-und-holzkohlegrills"],"_links":{"self":[{"href":"https:\/\/www.grillsymbol.com\/de\/wp-json\/wp\/v2\/product\/3888","targetHints":{"allow":["GET"]}}],"collection":[{"href":"https:\/\/www.grillsymbol.com\/de\/wp-json\/wp\/v2\/product"}],"about":[{"href":"https:\/\/www.grillsymbol.com\/de\/wp-json\/wp\/v2\/types\/product"}],"replies":[{"embeddable":true,"href":"https:\/\/www.grillsymbol.com\/de\/wp-json\/wp\/v2\/comments?post=3888"}],"version-history":[{"count":1,"href":"https:\/\/www.grillsymbol.com\/de\/wp-json\/wp\/v2\/product\/3888\/revisions"}],"predecessor-version":[{"id":35585,"href":"https:\/\/www.grillsymbol.com\/de\/wp-json\/wp\/v2\/product\/3888\/revisions\/35585"}],"wp:featuredmedia":[{"embeddable":true,"href":"https:\/\/www.grillsymbol.com\/de\/wp-json\/wp\/v2\/media\/22234"}],"wp:attachment":[{"href":"https:\/\/www.grillsymbol.com\/de\/wp-json\/wp\/v2\/media?parent=3888"}],"curies":[{"name":"wp","href":"https:\/\/api.w.org\/{rel}","templated":true}]}}