{"id":3954,"date":"2017-04-11T06:32:51","date_gmt":"2017-04-11T06:33:10","guid":{"rendered":"https:\/\/www.grillsymbol.com\/shop\/uncategorized\/riesenpfanne-gs-720-inox\/"},"modified":"2026-04-29T07:09:50","modified_gmt":"2026-04-29T07:09:50","slug":"grillsymbol-paella-pfanne-grill-pro-720-inox","status":"publish","type":"product","link":"https:\/\/www.grillsymbol.com\/de\/shop\/paella-pfanne-grills\/grillsymbol-paella-pfanne-grill-pro-720-inox\/","title":{"rendered":"GrillSymbol Paella Pfanne Grill PRO-720 inox"},"content":{"rendered":"<p>&nbsp;<\/p>\n<ul type=\"&quot;&quot;&quot;&quot;disc&quot;&quot;&quot;&quot;\">\n<li>Material: 3 mm Edelstahl<\/li>\n<li>Durchmesser: 72 cm<\/li>\n<li>Bodendurchmesser: 61 cm<\/li>\n<li>Kapazit\u00e4t: 20-30 Portionen<\/li>\n<li>H\u00f6he: 85 cm<\/li>\n<li>H\u00f6he der Pfannenseite: 5 cm<\/li>\n<li>Gewicht: Pfanne 10 kg, gesamt 23 kg<\/li>\n<li>Brenner: 11,4 kW, Durchmesser 40 cm<\/li>\n<li>Gasverbrauch bei der Vollleistung 1 kg\/h, in \u00fcblichen Bedingungen 0,3-0,6 kg\/h<\/li>\n<li>Achtung! Die passende D\u00fcse wird in dem Betrieb komplektiert und entspricht die Voraussetzungen im Zielland der Bestellung.<\/li>\n<li>Zwei Ringe der Brenner k\u00f6nnen getrennt reguliert werden<\/li>\n<li>Dreifach Windschutz<\/li>\n<li>Der Brenner hat einen batteriegetriebenen Elektroz\u00fcnder<\/li>\n<li>Beine sind abnehmbar und werden mit Bolzen (Schmetterling) befestigt<\/li>\n<li>Gas Regler und Schlauch sind nicht im Set enthalten!<\/li>\n<li>Das Produkt entspricht den Anforderungen der Richtlinie 2009\/142\/EC<\/li>\n<li>CE 1336-10<\/li>\n<\/ul>\n<p>&nbsp;<\/p>\n<p><strong>Achtung!<\/strong> Der Deckel ist in dem Set nicht enthalten!<\/p>\n<p><!-- [if gte mso 9]&gt;--><\/p>\n<p><!-- [if gte mso 10]&gt;--><\/p>\n<p>\/* Style Definitions *\/<br \/>\ntable.MsoNormalTable<br \/>\n{mso-style-name:\\&#8220;Table Normal\\&#8220;;<br \/>\nmso-tstyle-rowband-size:0;<br \/>\nmso-tstyle-colband-size:0;<br \/>\nmso-style-noshow:yes;<br \/>\nmso-style-priority:99;<br \/>\nmso-style-qformat:yes;<br \/>\nmso-style-parent:\\&#8220;\\&#8220;;<br \/>\nmso-padding-alt:0cm 5.4pt 0cm 5.4pt;<br \/>\nmso-para-margin-top:0cm;<br \/>\nmso-para-margin-right:0cm;<br \/>\nmso-para-margin-bottom:10.0pt;<br \/>\nmso-para-margin-left:0cm;<br \/>\nline-height:115%;<br \/>\nmso-pagination:widow-orphan;<br \/>\nfont-size:12.0pt;<br \/>\nmso-bidi-font-size:11.0pt;<br \/>\nfont-family:\\&#8220;Times New Roman\\&#8220;,\\&#8220;serif\\&#8220;;<br \/>\nmso-bidi-font-family:\\&#8220;Times New Roman\\&#8220;;<br \/>\nmso-bidi-theme-font:minor-bidi;<br \/>\nmso-ansi-language:SV;<br \/>\nmso-fareast-language:EN-US;}<\/p>\n","protected":false},"excerpt":{"rendered":"<p>Eine <strong>Edelstahlpfanne\u00a0<\/strong>mit hohem Rand und sehr guten Brateigenschaften. Durch ihre Gr\u00f6\u00dfe erm\u00f6glicht viele Portionen schnell zu zubereiten.<\/p>\n<p>PRO-720 inox erm\u00f6glicht Zubereitung allerlei Gerichte sowohl aus vorgebackenem als auch frischen Rohstoff. Sie k\u00f6nnen gleichzeitig 20 Portionen zubereiten. Der 5 cm hoher Rand l\u00e4sst auch Essen schmoren und d\u00e4mpfen (unter dem Deckel), was ein gro\u00dfer Vorteil im Vergleich zu Pfannen mit niedrigem Rand ist. Verwenden Sie nur Ihre Fantasie und bereiten Sie sich ein leckeres Gericht zu!<\/p>\n","protected":false},"featured_media":15739,"comment_status":"open","ping_status":"closed","template":"","meta":{"footnotes":""},"class_list":["post-3954","product","type-product","status-publish","has-post-thumbnail","hentry","product_cat-paella-pfanne-grills"],"_links":{"self":[{"href":"https:\/\/www.grillsymbol.com\/de\/wp-json\/wp\/v2\/product\/3954","targetHints":{"allow":["GET"]}}],"collection":[{"href":"https:\/\/www.grillsymbol.com\/de\/wp-json\/wp\/v2\/product"}],"about":[{"href":"https:\/\/www.grillsymbol.com\/de\/wp-json\/wp\/v2\/types\/product"}],"replies":[{"embeddable":true,"href":"https:\/\/www.grillsymbol.com\/de\/wp-json\/wp\/v2\/comments?post=3954"}],"version-history":[{"count":1,"href":"https:\/\/www.grillsymbol.com\/de\/wp-json\/wp\/v2\/product\/3954\/revisions"}],"predecessor-version":[{"id":35844,"href":"https:\/\/www.grillsymbol.com\/de\/wp-json\/wp\/v2\/product\/3954\/revisions\/35844"}],"wp:featuredmedia":[{"embeddable":true,"href":"https:\/\/www.grillsymbol.com\/de\/wp-json\/wp\/v2\/media\/15739"}],"wp:attachment":[{"href":"https:\/\/www.grillsymbol.com\/de\/wp-json\/wp\/v2\/media?parent=3954"}],"curies":[{"name":"wp","href":"https:\/\/api.w.org\/{rel}","templated":true}]}}