{"id":3975,"date":"2017-04-11T06:34:28","date_gmt":"2017-04-11T06:34:46","guid":{"rendered":"https:\/\/www.grillsymbol.com\/shop\/uncategorized\/riesenpfanne-gs-580\/"},"modified":"2026-03-31T09:05:32","modified_gmt":"2026-03-31T09:05:32","slug":"grillsymbol-paella-pfanne-grill-pro-580","status":"publish","type":"product","link":"https:\/\/www.grillsymbol.com\/de\/shop\/paella-pfanne-grills\/grillsymbol-paella-pfanne-grill-pro-580\/","title":{"rendered":"GrillSymbol Paella Pfanne Grill PRO-580"},"content":{"rendered":"<p><!-- [if gte mso 9]><xml>\n<w:WordDocument>\n<w:View>Normal<\/w:View>\n<w:Zoom>0<\/w:Zoom>\n<w:TrackMoves\/>\n<w:TrackFormatting\/>\n<w:HyphenationZone>21<\/w:HyphenationZone>\n<w:PunctuationKerning\/>\n<w:ValidateAgainstSchemas\/>\n<w:SaveIfXMLInvalid>false<\/w:SaveIfXMLInvalid>\n<w:IgnoreMixedContent>false<\/w:IgnoreMixedContent>\n<w:AlwaysShowPlaceholderText>false<\/w:AlwaysShowPlaceholderText>\n<w:DoNotPromoteQF\/>\n<w:LidThemeOther>ET<\/w:LidThemeOther>\n<w:LidThemeAsian>X-NONE<\/w:LidThemeAsian>\n<w:LidThemeComplexScript>X-NONE<\/w:LidThemeComplexScript>\n<w:Compatibility>\n<w:BreakWrappedTables\/>\n<w:SnapToGridInCell\/>\n<w:WrapTextWithPunct\/>\n<w:UseAsianBreakRules\/>\n<w:DontGrowAutofit\/>\n<w:SplitPgBreakAndParaMark\/>\n<w:DontVertAlignCellWithSp\/>\n<w:DontBreakConstrainedForcedTables\/>\n<w:DontVertAlignInTxbx\/>\n<w:Word11KerningPairs\/>\n<w:CachedColBalance\/>\n<\/w:Compatibility>\n<m:mathPr>\n<m:mathFont m:val=\\\"Cambria Math\\\"\/>\n<m:brkBin m:val=\\\"before\\\"\/>\n<m:brkBinSub m:val=\\\"--\\\"\/>\n<m:smallFrac m:val=\\\"off\\\"\/>\n<m:dispDef\/>\n<m:lMargin m:val=\\\"0\\\"\/>\n<m:rMargin m:val=\\\"0\\\"\/>\n<m:defJc m:val=\\\"centerGroup\\\"\/>\n<m:wrapIndent m:val=\\\"1440\\\"\/>\n<m:intLim m:val=\\\"subSup\\\"\/>\n<m:naryLim m:val=\\\"undOvr\\\"\/>\n<\/m:mathPr><\/w:WordDocument>\n<\/xml><![endif]--><\/p>\n<p>&nbsp;<\/p>\n<ul type=\"\\&quot;&quot;&quot;disc&quot;&quot;\\&quot;\">\n<li>Material Pfanne: 3 mm Stahl<\/li>\n<li>Durchmesser: 58 cm<\/li>\n<li>Bodendurchmesser: 48 cm<\/li>\n<li>Kapazit\u00e4t: ca 12-20 Portionen<\/li>\n<li>H\u00f6he: 85 cm<\/li>\n<li>H\u00f6he der Pfannenseite: 5 cm<\/li>\n<li>Gewicht: Pfanne 9 kg, insgesamt 18 kg<\/li>\n<li>Brenner: 11,4 kW, Durchmesser 40 cm<\/li>\n<li>Gasverbrauch bei der Vollleistung 1 kg\/h, in \u00fcblichen Bedingungen 0,3-0,6 kg\/h<\/li>\n<li>Achtung! Die passende D\u00fcse wird in dem Betrieb komplektiert und entspricht die Voraussetzungen im Zielland der Bestellung.<\/li>\n<li>Die zwei Ringe der Brenner k\u00f6nnen getrennt reguliert werden<\/li>\n<li>Dreifach Windschutz<\/li>\n<li>Der Brenner hat einen batteriegetriebenen Elektroz\u00fcnder<\/li>\n<li>Beine sind abnehmbar und werden mit Bolzen (Schmetterling) befestigt<\/li>\n<li>Gas Regler und Schlauch sind nicht im Set enthalten!<\/li>\n<\/ul>\n<p><!-- [if gte mso 9]><xml>\n<w:LatentStyles DefLockedState=\\\"false\\\" DefUnhideWhenUsed=\\\"true\\\" DefSemiHidden=\\\"true\\\" DefQFormat=\\\"false\\\" DefPriority=\\\"99\\\" LatentStyleCount=\\\"267\\\">\n<w:LsdException Locked=\\\"false\\\" Priority=\\\"0\\\" SemiHidden=\\\"false\\\" UnhideWhenUsed=\\\"false\\\" QFormat=\\\"true\\\" Name=\\\"Normal\\\"\/>\n<w:LsdException Locked=\\\"false\\\" Priority=\\\"9\\\" SemiHidden=\\\"false\\\" UnhideWhenUsed=\\\"false\\\" QFormat=\\\"true\\\" Name=\\\"heading 1\\\"\/>\n<w:LsdException Locked=\\\"false\\\" Priority=\\\"9\\\" QFormat=\\\"true\\\" Name=\\\"heading 2\\\"\/>\n<w:LsdException Locked=\\\"false\\\" Priority=\\\"9\\\" QFormat=\\\"true\\\" Name=\\\"heading 3\\\"\/>\n<w:LsdException Locked=\\\"false\\\" Priority=\\\"9\\\" QFormat=\\\"true\\\" Name=\\\"heading 4\\\"\/>\n<w:LsdException Locked=\\\"false\\\" Priority=\\\"9\\\" QFormat=\\\"true\\\" Name=\\\"heading 5\\\"\/>\n<w:LsdException Locked=\\\"false\\\" Priority=\\\"9\\\" QFormat=\\\"true\\\" Name=\\\"heading 6\\\"\/>\n<w:LsdException Locked=\\\"false\\\" Priority=\\\"9\\\" QFormat=\\\"true\\\" Name=\\\"heading 7\\\"\/>\n<w:LsdException Locked=\\\"false\\\" Priority=\\\"9\\\" QFormat=\\\"true\\\" Name=\\\"heading 8\\\"\/>\n<w:LsdException Locked=\\\"false\\\" Priority=\\\"9\\\" QFormat=\\\"true\\\" Name=\\\"heading 9\\\"\/>\n<w:LsdException Locked=\\\"false\\\" Priority=\\\"39\\\" Name=\\\"toc 1\\\"\/>\n<w:LsdException Locked=\\\"false\\\" Priority=\\\"39\\\" Name=\\\"toc 2\\\"\/>\n<w:LsdException Locked=\\\"false\\\" Priority=\\\"39\\\" Name=\\\"toc 3\\\"\/>\n<w:LsdException Locked=\\\"false\\\" Priority=\\\"39\\\" Name=\\\"toc 4\\\"\/>\n<w:LsdException Locked=\\\"false\\\" Priority=\\\"39\\\" Name=\\\"toc 5\\\"\/>\n<w:LsdException Locked=\\\"false\\\" Priority=\\\"39\\\" Name=\\\"toc 6\\\"\/>\n<w:LsdException Locked=\\\"false\\\" Priority=\\\"39\\\" Name=\\\"toc 7\\\"\/>\n<w:LsdException Locked=\\\"false\\\" Priority=\\\"39\\\" Name=\\\"toc 8\\\"\/>\n<w:LsdException Locked=\\\"false\\\" Priority=\\\"39\\\" Name=\\\"toc 9\\\"\/>\n<w:LsdException Locked=\\\"false\\\" Priority=\\\"35\\\" QFormat=\\\"true\\\" Name=\\\"caption\\\"\/>\n<w:LsdException Locked=\\\"false\\\" Priority=\\\"10\\\" SemiHidden=\\\"false\\\" UnhideWhenUsed=\\\"false\\\" QFormat=\\\"true\\\" Name=\\\"Title\\\"\/>\n<w:LsdException Locked=\\\"false\\\" Priority=\\\"1\\\" Name=\\\"Default Paragraph Font\\\"\/>\n<w:LsdException Locked=\\\"false\\\" Priority=\\\"11\\\" SemiHidden=\\\"false\\\" UnhideWhenUsed=\\\"false\\\" QFormat=\\\"true\\\" Name=\\\"Subtitle\\\"\/>\n<w:LsdException Locked=\\\"false\\\" Priority=\\\"22\\\" SemiHidden=\\\"false\\\" UnhideWhenUsed=\\\"false\\\" QFormat=\\\"true\\\" Name=\\\"Strong\\\"\/>\n<w:LsdException Locked=\\\"false\\\" Priority=\\\"20\\\" SemiHidden=\\\"false\\\" UnhideWhenUsed=\\\"false\\\" QFormat=\\\"true\\\" Name=\\\"Emphasis\\\"\/>\n<w:LsdException Locked=\\\"false\\\" Priority=\\\"59\\\" SemiHidden=\\\"false\\\" UnhideWhenUsed=\\\"false\\\" Name=\\\"Table Grid\\\"\/>\n<w:LsdException Locked=\\\"false\\\" UnhideWhenUsed=\\\"false\\\" Name=\\\"Placeholder Text\\\"\/>\n<w:LsdException Locked=\\\"false\\\" Priority=\\\"1\\\" SemiHidden=\\\"false\\\" UnhideWhenUsed=\\\"false\\\" QFormat=\\\"true\\\" Name=\\\"No Spacing\\\"\/>\n<w:LsdException Locked=\\\"false\\\" Priority=\\\"60\\\" SemiHidden=\\\"false\\\" UnhideWhenUsed=\\\"false\\\" Name=\\\"Light Shading\\\"\/>\n<w:LsdException Locked=\\\"false\\\" Priority=\\\"61\\\" SemiHidden=\\\"false\\\" UnhideWhenUsed=\\\"false\\\" Name=\\\"Light List\\\"\/>\n<w:LsdException Locked=\\\"false\\\" Priority=\\\"62\\\" SemiHidden=\\\"false\\\" UnhideWhenUsed=\\\"false\\\" Name=\\\"Light Grid\\\"\/>\n<w:LsdException Locked=\\\"false\\\" Priority=\\\"63\\\" SemiHidden=\\\"false\\\" UnhideWhenUsed=\\\"false\\\" Name=\\\"Medium Shading 1\\\"\/>\n<w:LsdException Locked=\\\"false\\\" Priority=\\\"64\\\" SemiHidden=\\\"false\\\" UnhideWhenUsed=\\\"false\\\" Name=\\\"Medium Shading 2\\\"\/>\n<w:LsdException Locked=\\\"false\\\" Priority=\\\"65\\\" SemiHidden=\\\"false\\\" UnhideWhenUsed=\\\"false\\\" Name=\\\"Medium List 1\\\"\/>\n<w:LsdException Locked=\\\"false\\\" Priority=\\\"66\\\" SemiHidden=\\\"false\\\" UnhideWhenUsed=\\\"false\\\" Name=\\\"Medium List 2\\\"\/>\n<w:LsdException Locked=\\\"false\\\" Priority=\\\"67\\\" SemiHidden=\\\"false\\\" UnhideWhenUsed=\\\"false\\\" Name=\\\"Medium Grid 1\\\"\/>\n<w:LsdException Locked=\\\"false\\\" Priority=\\\"68\\\" SemiHidden=\\\"false\\\" UnhideWhenUsed=\\\"false\\\" Name=\\\"Medium Grid 2\\\"\/>\n<w:LsdException Locked=\\\"false\\\" Priority=\\\"69\\\" SemiHidden=\\\"false\\\" UnhideWhenUsed=\\\"false\\\" Name=\\\"Medium Grid 3\\\"\/>\n<w:LsdException Locked=\\\"false\\\" Priority=\\\"70\\\" SemiHidden=\\\"false\\\" UnhideWhenUsed=\\\"false\\\" Name=\\\"Dark List\\\"\/>\n<w:LsdException Locked=\\\"false\\\" Priority=\\\"71\\\" SemiHidden=\\\"false\\\" UnhideWhenUsed=\\\"false\\\" Name=\\\"Colorful Shading\\\"\/>\n<w:LsdException Locked=\\\"false\\\" Priority=\\\"72\\\" SemiHidden=\\\"false\\\" UnhideWhenUsed=\\\"false\\\" Name=\\\"Colorful List\\\"\/>\n<w:LsdException Locked=\\\"false\\\" Priority=\\\"73\\\" SemiHidden=\\\"false\\\" UnhideWhenUsed=\\\"false\\\" Name=\\\"Colorful Grid\\\"\/>\n<w:LsdException Locked=\\\"false\\\" Priority=\\\"60\\\" SemiHidden=\\\"false\\\" UnhideWhenUsed=\\\"false\\\" Name=\\\"Light Shading Accent 1\\\"\/>\n<w:LsdException Locked=\\\"false\\\" Priority=\\\"61\\\" SemiHidden=\\\"false\\\" UnhideWhenUsed=\\\"false\\\" Name=\\\"Light List Accent 1\\\"\/>\n<w:LsdException Locked=\\\"false\\\" Priority=\\\"62\\\" SemiHidden=\\\"false\\\" UnhideWhenUsed=\\\"false\\\" Name=\\\"Light Grid Accent 1\\\"\/>\n<w:LsdException Locked=\\\"false\\\" Priority=\\\"63\\\" SemiHidden=\\\"false\\\" UnhideWhenUsed=\\\"false\\\" Name=\\\"Medium Shading 1 Accent 1\\\"\/>\n<w:LsdException Locked=\\\"false\\\" Priority=\\\"64\\\" SemiHidden=\\\"false\\\" UnhideWhenUsed=\\\"false\\\" Name=\\\"Medium Shading 2 Accent 1\\\"\/>\n<w:LsdException Locked=\\\"false\\\" Priority=\\\"65\\\" SemiHidden=\\\"false\\\" UnhideWhenUsed=\\\"false\\\" Name=\\\"Medium List 1 Accent 1\\\"\/>\n<w:LsdException Locked=\\\"false\\\" UnhideWhenUsed=\\\"false\\\" Name=\\\"Revision\\\"\/>\n<w:LsdException Locked=\\\"false\\\" Priority=\\\"34\\\" SemiHidden=\\\"false\\\" UnhideWhenUsed=\\\"false\\\" QFormat=\\\"true\\\" Name=\\\"List Paragraph\\\"\/>\n<w:LsdException Locked=\\\"false\\\" Priority=\\\"29\\\" SemiHidden=\\\"false\\\" UnhideWhenUsed=\\\"false\\\" QFormat=\\\"true\\\" Name=\\\"Quote\\\"\/>\n<w:LsdException Locked=\\\"false\\\" Priority=\\\"30\\\" SemiHidden=\\\"false\\\" UnhideWhenUsed=\\\"false\\\" QFormat=\\\"true\\\" Name=\\\"Intense Quote\\\"\/>\n<w:LsdException Locked=\\\"false\\\" Priority=\\\"66\\\" SemiHidden=\\\"false\\\" UnhideWhenUsed=\\\"false\\\" Name=\\\"Medium List 2 Accent 1\\\"\/>\n<w:LsdException Locked=\\\"false\\\" Priority=\\\"67\\\" SemiHidden=\\\"false\\\" UnhideWhenUsed=\\\"false\\\" Name=\\\"Medium Grid 1 Accent 1\\\"\/>\n<w:LsdException Locked=\\\"false\\\" Priority=\\\"68\\\" SemiHidden=\\\"false\\\" UnhideWhenUsed=\\\"false\\\" Name=\\\"Medium Grid 2 Accent 1\\\"\/>\n<w:LsdException Locked=\\\"false\\\" Priority=\\\"69\\\" SemiHidden=\\\"false\\\" UnhideWhenUsed=\\\"false\\\" Name=\\\"Medium Grid 3 Accent 1\\\"\/>\n<w:LsdException Locked=\\\"false\\\" Priority=\\\"70\\\" SemiHidden=\\\"false\\\" UnhideWhenUsed=\\\"false\\\" Name=\\\"Dark List Accent 1\\\"\/>\n<w:LsdException Locked=\\\"false\\\" Priority=\\\"71\\\" SemiHidden=\\\"false\\\" UnhideWhenUsed=\\\"false\\\" Name=\\\"Colorful Shading Accent 1\\\"\/>\n<w:LsdException Locked=\\\"false\\\" Priority=\\\"72\\\" SemiHidden=\\\"false\\\" UnhideWhenUsed=\\\"false\\\" Name=\\\"Colorful List Accent 1\\\"\/>\n<w:LsdException Locked=\\\"false\\\" Priority=\\\"73\\\" SemiHidden=\\\"false\\\" UnhideWhenUsed=\\\"false\\\" Name=\\\"Colorful Grid Accent 1\\\"\/>\n<w:LsdException Locked=\\\"false\\\" Priority=\\\"60\\\" SemiHidden=\\\"false\\\" UnhideWhenUsed=\\\"false\\\" Name=\\\"Light Shading Accent 2\\\"\/>\n<w:LsdException Locked=\\\"false\\\" Priority=\\\"61\\\" SemiHidden=\\\"false\\\" UnhideWhenUsed=\\\"false\\\" Name=\\\"Light List Accent 2\\\"\/>\n<w:LsdException Locked=\\\"false\\\" Priority=\\\"62\\\" SemiHidden=\\\"false\\\" UnhideWhenUsed=\\\"false\\\" Name=\\\"Light Grid Accent 2\\\"\/>\n<w:LsdException Locked=\\\"false\\\" Priority=\\\"63\\\" SemiHidden=\\\"false\\\" UnhideWhenUsed=\\\"false\\\" Name=\\\"Medium Shading 1 Accent 2\\\"\/>\n<w:LsdException Locked=\\\"false\\\" Priority=\\\"64\\\" SemiHidden=\\\"false\\\" UnhideWhenUsed=\\\"false\\\" Name=\\\"Medium Shading 2 Accent 2\\\"\/>\n<w:LsdException Locked=\\\"false\\\" Priority=\\\"65\\\" SemiHidden=\\\"false\\\" UnhideWhenUsed=\\\"false\\\" Name=\\\"Medium List 1 Accent 2\\\"\/>\n<w:LsdException Locked=\\\"false\\\" Priority=\\\"66\\\" SemiHidden=\\\"false\\\" UnhideWhenUsed=\\\"false\\\" Name=\\\"Medium List 2 Accent 2\\\"\/>\n<w:LsdException Locked=\\\"false\\\" Priority=\\\"67\\\" SemiHidden=\\\"false\\\" UnhideWhenUsed=\\\"false\\\" Name=\\\"Medium Grid 1 Accent 2\\\"\/>\n<w:LsdException Locked=\\\"false\\\" Priority=\\\"68\\\" SemiHidden=\\\"false\\\" UnhideWhenUsed=\\\"false\\\" Name=\\\"Medium Grid 2 Accent 2\\\"\/>\n<w:LsdException Locked=\\\"false\\\" Priority=\\\"69\\\" SemiHidden=\\\"false\\\" UnhideWhenUsed=\\\"false\\\" Name=\\\"Medium Grid 3 Accent 2\\\"\/>\n<w:LsdException Locked=\\\"false\\\" Priority=\\\"70\\\" SemiHidden=\\\"false\\\" UnhideWhenUsed=\\\"false\\\" Name=\\\"Dark List Accent 2\\\"\/>\n<w:LsdException Locked=\\\"false\\\" Priority=\\\"71\\\" SemiHidden=\\\"false\\\" UnhideWhenUsed=\\\"false\\\" Name=\\\"Colorful Shading Accent 2\\\"\/>\n<w:LsdException Locked=\\\"false\\\" Priority=\\\"72\\\" SemiHidden=\\\"false\\\" UnhideWhenUsed=\\\"false\\\" Name=\\\"Colorful List Accent 2\\\"\/>\n<w:LsdException Locked=\\\"false\\\" Priority=\\\"73\\\" SemiHidden=\\\"false\\\" UnhideWhenUsed=\\\"false\\\" Name=\\\"Colorful Grid Accent 2\\\"\/>\n<w:LsdException Locked=\\\"false\\\" Priority=\\\"60\\\" SemiHidden=\\\"false\\\" UnhideWhenUsed=\\\"false\\\" Name=\\\"Light Shading Accent 3\\\"\/>\n<w:LsdException Locked=\\\"false\\\" Priority=\\\"61\\\" SemiHidden=\\\"false\\\" UnhideWhenUsed=\\\"false\\\" Name=\\\"Light List Accent 3\\\"\/>\n<w:LsdException Locked=\\\"false\\\" Priority=\\\"62\\\" SemiHidden=\\\"false\\\" UnhideWhenUsed=\\\"false\\\" Name=\\\"Light Grid Accent 3\\\"\/>\n<w:LsdException Locked=\\\"false\\\" Priority=\\\"63\\\" SemiHidden=\\\"false\\\" UnhideWhenUsed=\\\"false\\\" Name=\\\"Medium Shading 1 Accent 3\\\"\/>\n<w:LsdException Locked=\\\"false\\\" Priority=\\\"64\\\" SemiHidden=\\\"false\\\" UnhideWhenUsed=\\\"false\\\" Name=\\\"Medium Shading 2 Accent 3\\\"\/>\n<w:LsdException Locked=\\\"false\\\" Priority=\\\"65\\\" SemiHidden=\\\"false\\\" UnhideWhenUsed=\\\"false\\\" Name=\\\"Medium List 1 Accent 3\\\"\/>\n<w:LsdException Locked=\\\"false\\\" Priority=\\\"66\\\" SemiHidden=\\\"false\\\" UnhideWhenUsed=\\\"false\\\" Name=\\\"Medium List 2 Accent 3\\\"\/>\n<w:LsdException Locked=\\\"false\\\" Priority=\\\"67\\\" SemiHidden=\\\"false\\\" UnhideWhenUsed=\\\"false\\\" Name=\\\"Medium Grid 1 Accent 3\\\"\/>\n<w:LsdException Locked=\\\"false\\\" Priority=\\\"68\\\" SemiHidden=\\\"false\\\" UnhideWhenUsed=\\\"false\\\" Name=\\\"Medium Grid 2 Accent 3\\\"\/>\n<w:LsdException Locked=\\\"false\\\" Priority=\\\"69\\\" SemiHidden=\\\"false\\\" UnhideWhenUsed=\\\"false\\\" Name=\\\"Medium Grid 3 Accent 3\\\"\/>\n<w:LsdException Locked=\\\"false\\\" Priority=\\\"70\\\" SemiHidden=\\\"false\\\" UnhideWhenUsed=\\\"false\\\" Name=\\\"Dark List Accent 3\\\"\/>\n<w:LsdException Locked=\\\"false\\\" Priority=\\\"71\\\" SemiHidden=\\\"false\\\" UnhideWhenUsed=\\\"false\\\" Name=\\\"Colorful Shading Accent 3\\\"\/>\n<w:LsdException Locked=\\\"false\\\" Priority=\\\"72\\\" SemiHidden=\\\"false\\\" UnhideWhenUsed=\\\"false\\\" Name=\\\"Colorful List Accent 3\\\"\/>\n<w:LsdException Locked=\\\"false\\\" Priority=\\\"73\\\" SemiHidden=\\\"false\\\" UnhideWhenUsed=\\\"false\\\" Name=\\\"Colorful Grid Accent 3\\\"\/>\n<w:LsdException Locked=\\\"false\\\" Priority=\\\"60\\\" SemiHidden=\\\"false\\\" UnhideWhenUsed=\\\"false\\\" Name=\\\"Light Shading Accent 4\\\"\/>\n<w:LsdException Locked=\\\"false\\\" Priority=\\\"61\\\" SemiHidden=\\\"false\\\" UnhideWhenUsed=\\\"false\\\" Name=\\\"Light List Accent 4\\\"\/>\n<w:LsdException Locked=\\\"false\\\" Priority=\\\"62\\\" SemiHidden=\\\"false\\\" UnhideWhenUsed=\\\"false\\\" Name=\\\"Light Grid Accent 4\\\"\/>\n<w:LsdException Locked=\\\"false\\\" Priority=\\\"63\\\" SemiHidden=\\\"false\\\" UnhideWhenUsed=\\\"false\\\" Name=\\\"Medium Shading 1 Accent 4\\\"\/>\n<w:LsdException Locked=\\\"false\\\" Priority=\\\"64\\\" SemiHidden=\\\"false\\\" UnhideWhenUsed=\\\"false\\\" Name=\\\"Medium Shading 2 Accent 4\\\"\/>\n<w:LsdException Locked=\\\"false\\\" Priority=\\\"65\\\" SemiHidden=\\\"false\\\" UnhideWhenUsed=\\\"false\\\" Name=\\\"Medium List 1 Accent 4\\\"\/>\n<w:LsdException Locked=\\\"false\\\" Priority=\\\"66\\\" SemiHidden=\\\"false\\\" UnhideWhenUsed=\\\"false\\\" Name=\\\"Medium List 2 Accent 4\\\"\/>\n<w:LsdException Locked=\\\"false\\\" Priority=\\\"67\\\" SemiHidden=\\\"false\\\" UnhideWhenUsed=\\\"false\\\" Name=\\\"Medium Grid 1 Accent 4\\\"\/>\n<w:LsdException Locked=\\\"false\\\" Priority=\\\"68\\\" SemiHidden=\\\"false\\\" UnhideWhenUsed=\\\"false\\\" Name=\\\"Medium Grid 2 Accent 4\\\"\/>\n<w:LsdException Locked=\\\"false\\\" Priority=\\\"69\\\" SemiHidden=\\\"false\\\" UnhideWhenUsed=\\\"false\\\" Name=\\\"Medium Grid 3 Accent 4\\\"\/>\n<w:LsdException Locked=\\\"false\\\" Priority=\\\"70\\\" SemiHidden=\\\"false\\\" UnhideWhenUsed=\\\"false\\\" Name=\\\"Dark List Accent 4\\\"\/>\n<w:LsdException Locked=\\\"false\\\" Priority=\\\"71\\\" SemiHidden=\\\"false\\\" UnhideWhenUsed=\\\"false\\\" Name=\\\"Colorful Shading Accent 4\\\"\/>\n<w:LsdException Locked=\\\"false\\\" Priority=\\\"72\\\" SemiHidden=\\\"false\\\" UnhideWhenUsed=\\\"false\\\" Name=\\\"Colorful List Accent 4\\\"\/>\n<w:LsdException Locked=\\\"false\\\" Priority=\\\"73\\\" SemiHidden=\\\"false\\\" UnhideWhenUsed=\\\"false\\\" Name=\\\"Colorful Grid Accent 4\\\"\/>\n<w:LsdException Locked=\\\"false\\\" Priority=\\\"60\\\" SemiHidden=\\\"false\\\" UnhideWhenUsed=\\\"false\\\" Name=\\\"Light Shading Accent 5\\\"\/>\n<w:LsdException Locked=\\\"false\\\" Priority=\\\"61\\\" SemiHidden=\\\"false\\\" UnhideWhenUsed=\\\"false\\\" Name=\\\"Light List Accent 5\\\"\/>\n<w:LsdException Locked=\\\"false\\\" Priority=\\\"62\\\" SemiHidden=\\\"false\\\" UnhideWhenUsed=\\\"false\\\" Name=\\\"Light Grid Accent 5\\\"\/>\n<w:LsdException Locked=\\\"false\\\" Priority=\\\"63\\\" SemiHidden=\\\"false\\\" UnhideWhenUsed=\\\"false\\\" Name=\\\"Medium Shading 1 Accent 5\\\"\/>\n<w:LsdException Locked=\\\"false\\\" Priority=\\\"64\\\" SemiHidden=\\\"false\\\" UnhideWhenUsed=\\\"false\\\" Name=\\\"Medium Shading 2 Accent 5\\\"\/>\n<w:LsdException Locked=\\\"false\\\" Priority=\\\"65\\\" SemiHidden=\\\"false\\\" UnhideWhenUsed=\\\"false\\\" Name=\\\"Medium List 1 Accent 5\\\"\/>\n<w:LsdException Locked=\\\"false\\\" Priority=\\\"66\\\" SemiHidden=\\\"false\\\" UnhideWhenUsed=\\\"false\\\" Name=\\\"Medium List 2 Accent 5\\\"\/>\n<w:LsdException Locked=\\\"false\\\" Priority=\\\"67\\\" SemiHidden=\\\"false\\\" UnhideWhenUsed=\\\"false\\\" Name=\\\"Medium Grid 1 Accent 5\\\"\/>\n<w:LsdException Locked=\\\"false\\\" Priority=\\\"68\\\" SemiHidden=\\\"false\\\" UnhideWhenUsed=\\\"false\\\" Name=\\\"Medium Grid 2 Accent 5\\\"\/>\n<w:LsdException Locked=\\\"false\\\" Priority=\\\"69\\\" SemiHidden=\\\"false\\\" UnhideWhenUsed=\\\"false\\\" Name=\\\"Medium Grid 3 Accent 5\\\"\/>\n<w:LsdException Locked=\\\"false\\\" Priority=\\\"70\\\" SemiHidden=\\\"false\\\" UnhideWhenUsed=\\\"false\\\" Name=\\\"Dark List Accent 5\\\"\/>\n<w:LsdException Locked=\\\"false\\\" Priority=\\\"71\\\" SemiHidden=\\\"false\\\" UnhideWhenUsed=\\\"false\\\" Name=\\\"Colorful Shading Accent 5\\\"\/>\n<w:LsdException Locked=\\\"false\\\" Priority=\\\"72\\\" SemiHidden=\\\"false\\\" UnhideWhenUsed=\\\"false\\\" Name=\\\"Colorful List Accent 5\\\"\/>\n<w:LsdException Locked=\\\"false\\\" Priority=\\\"73\\\" SemiHidden=\\\"false\\\" UnhideWhenUsed=\\\"false\\\" Name=\\\"Colorful Grid Accent 5\\\"\/>\n<w:LsdException Locked=\\\"false\\\" Priority=\\\"60\\\" SemiHidden=\\\"false\\\" UnhideWhenUsed=\\\"false\\\" Name=\\\"Light Shading Accent 6\\\"\/>\n<w:LsdException Locked=\\\"false\\\" Priority=\\\"61\\\" SemiHidden=\\\"false\\\" UnhideWhenUsed=\\\"false\\\" Name=\\\"Light List Accent 6\\\"\/>\n<w:LsdException Locked=\\\"false\\\" Priority=\\\"62\\\" SemiHidden=\\\"false\\\" UnhideWhenUsed=\\\"false\\\" Name=\\\"Light Grid Accent 6\\\"\/>\n<w:LsdException Locked=\\\"false\\\" Priority=\\\"63\\\" SemiHidden=\\\"false\\\" UnhideWhenUsed=\\\"false\\\" Name=\\\"Medium Shading 1 Accent 6\\\"\/>\n<w:LsdException Locked=\\\"false\\\" Priority=\\\"64\\\" SemiHidden=\\\"false\\\" UnhideWhenUsed=\\\"false\\\" Name=\\\"Medium Shading 2 Accent 6\\\"\/>\n<w:LsdException Locked=\\\"false\\\" Priority=\\\"65\\\" SemiHidden=\\\"false\\\" UnhideWhenUsed=\\\"false\\\" Name=\\\"Medium List 1 Accent 6\\\"\/>\n<w:LsdException Locked=\\\"false\\\" Priority=\\\"66\\\" SemiHidden=\\\"false\\\" UnhideWhenUsed=\\\"false\\\" Name=\\\"Medium List 2 Accent 6\\\"\/>\n<w:LsdException Locked=\\\"false\\\" Priority=\\\"67\\\" SemiHidden=\\\"false\\\" UnhideWhenUsed=\\\"false\\\" Name=\\\"Medium Grid 1 Accent 6\\\"\/>\n<w:LsdException Locked=\\\"false\\\" Priority=\\\"68\\\" SemiHidden=\\\"false\\\" UnhideWhenUsed=\\\"false\\\" Name=\\\"Medium Grid 2 Accent 6\\\"\/>\n<w:LsdException Locked=\\\"false\\\" Priority=\\\"69\\\" SemiHidden=\\\"false\\\" UnhideWhenUsed=\\\"false\\\" Name=\\\"Medium Grid 3 Accent 6\\\"\/>\n<w:LsdException Locked=\\\"false\\\" Priority=\\\"70\\\" SemiHidden=\\\"false\\\" UnhideWhenUsed=\\\"false\\\" Name=\\\"Dark List Accent 6\\\"\/>\n<w:LsdException Locked=\\\"false\\\" Priority=\\\"71\\\" SemiHidden=\\\"false\\\" UnhideWhenUsed=\\\"false\\\" Name=\\\"Colorful Shading Accent 6\\\"\/>\n<w:LsdException Locked=\\\"false\\\" Priority=\\\"72\\\" SemiHidden=\\\"false\\\" UnhideWhenUsed=\\\"false\\\" Name=\\\"Colorful List Accent 6\\\"\/>\n<w:LsdException Locked=\\\"false\\\" Priority=\\\"73\\\" SemiHidden=\\\"false\\\" UnhideWhenUsed=\\\"false\\\" Name=\\\"Colorful Grid Accent 6\\\"\/>\n<w:LsdException Locked=\\\"false\\\" Priority=\\\"19\\\" SemiHidden=\\\"false\\\" UnhideWhenUsed=\\\"false\\\" QFormat=\\\"true\\\" Name=\\\"Subtle Emphasis\\\"\/>\n<w:LsdException Locked=\\\"false\\\" Priority=\\\"21\\\" SemiHidden=\\\"false\\\" UnhideWhenUsed=\\\"false\\\" QFormat=\\\"true\\\" Name=\\\"Intense Emphasis\\\"\/>\n<w:LsdException Locked=\\\"false\\\" Priority=\\\"31\\\" SemiHidden=\\\"false\\\" UnhideWhenUsed=\\\"false\\\" QFormat=\\\"true\\\" Name=\\\"Subtle Reference\\\"\/>\n<w:LsdException Locked=\\\"false\\\" Priority=\\\"32\\\" SemiHidden=\\\"false\\\" UnhideWhenUsed=\\\"false\\\" QFormat=\\\"true\\\" Name=\\\"Intense Reference\\\"\/>\n<w:LsdException Locked=\\\"false\\\" Priority=\\\"33\\\" SemiHidden=\\\"false\\\" UnhideWhenUsed=\\\"false\\\" QFormat=\\\"true\\\" Name=\\\"Book Title\\\"\/>\n<w:LsdException Locked=\\\"false\\\" Priority=\\\"37\\\" Name=\\\"Bibliography\\\"\/>\n<w:LsdException Locked=\\\"false\\\" Priority=\\\"39\\\" QFormat=\\\"true\\\" Name=\\\"TOC Heading\\\"\/>\n<\/w:LatentStyles>\n<\/xml><![endif]--><!-- [if gte mso 10]>\n\n\n\n<style>\n \/* Style Definitions *\/<br \/> table.MsoNormalTable<br \/>        {mso-style-name:\\\"Table Normal\\\";<br \/>        mso-tstyle-rowband-size:0;<br \/>        mso-tstyle-colband-size:0;<br \/>        mso-style-noshow:yes;<br \/>        mso-style-priority:99;<br \/>        mso-style-qformat:yes;<br \/>        mso-style-parent:\\\"\\\";<br \/>        mso-padding-alt:0cm 5.4pt 0cm 5.4pt;<br \/>        mso-para-margin-top:0cm;<br \/>        mso-para-margin-right:0cm;<br \/>        mso-para-margin-bottom:10.0pt;<br \/>        mso-para-margin-left:0cm;<br \/>        line-height:115%;<br \/>        mso-pagination:widow-orphan;<br \/>        font-size:12.0pt;<br \/>        mso-bidi-font-size:11.0pt;<br \/>        font-family:\\\"Times New Roman\\\",\\\"serif\\\";<br \/>        mso-bidi-font-family:\\\"Times New Roman\\\";<br \/>        mso-bidi-theme-font:minor-bidi;<br \/>        mso-ansi-language:SV;<br \/>        mso-fareast-language:EN-US;}<br \/><\/style>\n\n<![endif]--><\/p>\n","protected":false},"excerpt":{"rendered":"<p>Eine\u00a0<strong>Stahlpfanne\u00a0<\/strong>mit hohem Rand und sehr guten Brateigenschaften, die sich ideal zu Zubereitung von Fleisch-, Fisch-, Gem\u00fcse- und allerlei Reisgerichte eignet. Durch ihre Gr\u00f6\u00dfe erm\u00f6glicht viele Portionen schnell zu zubereiten.<\/p>\n<p>PRO-580 erm\u00f6glicht Zubereitung allerlei Gerichte sowohl aus vorgebackenem als auch frischen Rohstoff. Sie k\u00f6nnen gleichzeitig 12-20 Portionen zubereiten, dies h\u00e4ngt von dem Gericht ab. Der 5 cm hoher Rand l\u00e4sst auch Essen schmoren und d\u00e4mpfen (unter dem Deckel), was ein gro\u00dfer Vorteil im Vergleich zu Pfannen mit niedrigem Rand ist. Verwenden Sie nur Ihre Fantasie und bereiten Sie sich ein leckeres Gericht zu!<\/p>\n","protected":false},"featured_media":8095,"comment_status":"open","ping_status":"closed","template":"","meta":{"footnotes":""},"class_list":["post-3975","product","type-product","status-publish","has-post-thumbnail","hentry","product_cat-paella-pfanne-grills"],"_links":{"self":[{"href":"https:\/\/www.grillsymbol.com\/de\/wp-json\/wp\/v2\/product\/3975","targetHints":{"allow":["GET"]}}],"collection":[{"href":"https:\/\/www.grillsymbol.com\/de\/wp-json\/wp\/v2\/product"}],"about":[{"href":"https:\/\/www.grillsymbol.com\/de\/wp-json\/wp\/v2\/types\/product"}],"replies":[{"embeddable":true,"href":"https:\/\/www.grillsymbol.com\/de\/wp-json\/wp\/v2\/comments?post=3975"}],"version-history":[{"count":0,"href":"https:\/\/www.grillsymbol.com\/de\/wp-json\/wp\/v2\/product\/3975\/revisions"}],"wp:featuredmedia":[{"embeddable":true,"href":"https:\/\/www.grillsymbol.com\/de\/wp-json\/wp\/v2\/media\/8095"}],"wp:attachment":[{"href":"https:\/\/www.grillsymbol.com\/de\/wp-json\/wp\/v2\/media?parent=3975"}],"curies":[{"name":"wp","href":"https:\/\/api.w.org\/{rel}","templated":true}]}}