{"id":4056,"date":"2017-04-11T06:37:27","date_gmt":"2017-04-11T06:37:27","guid":{"rendered":"https:\/\/www.grillsymbol.com\/shop\/uncategorized\/gasbrenner-5-kw\/"},"modified":"2022-05-25T11:13:31","modified_gmt":"2022-05-25T11:13:31","slug":"grillsymbol-paella-brenner-fuer-au%ce%b2enbetrieb-b200","status":"publish","type":"product","link":"https:\/\/www.grillsymbol.com\/de\/shop\/paella-brenner\/grillsymbol-paella-brenner-fuer-au%ce%b2enbetrieb-b200\/","title":{"rendered":"GrillSymbol Paella Brenner f\u00fcr Au\u03b2enbetrieb B200"},"content":{"rendered":"<p><!-- [if gte mso 9]&gt;--><\/p>\n<p>Normal<br \/>\n0<\/p>\n<p>21<\/p>\n<p>false<br \/>\nfalse<br \/>\nfalse<\/p>\n<p>ET<br \/>\nX-NONE<br \/>\nX-NONE<\/p>\n<p>&nbsp;<\/p>\n<ul>\n<li>Brenner: 5 kW, Durchmesser: 20 cm<\/li>\n<li>Gasverbrauch bei der Vollleistung 0,5 kg\/h, in \u00fcblichen Bedingungen 0,2-0,4 kg\/h<\/li>\n<\/ul>\n<p><!-- [if gte mso 9]&gt;--><\/p>\n<p><!-- [if gte mso 10]&gt;--><\/p>\n<p> \/* Style Definitions *\/<br \/> table.MsoNormalTable<br \/>        {mso-style-name:\\&#8220;Table Normal\\&#8220;;<br \/>        mso-tstyle-rowband-size:0;<br \/>        mso-tstyle-colband-size:0;<br \/>        mso-style-noshow:yes;<br \/>        mso-style-priority:99;<br \/>        mso-style-qformat:yes;<br \/>        mso-style-parent:\\&#8220;\\&#8220;;<br \/>        mso-padding-alt:0cm 5.4pt 0cm 5.4pt;<br \/>        mso-para-margin-top:0cm;<br \/>        mso-para-margin-right:0cm;<br \/>        mso-para-margin-bottom:10.0pt;<br \/>        mso-para-margin-left:0cm;<br \/>        line-height:115%;<br \/>        mso-pagination:widow-orphan;<br \/>        font-size:12.0pt;<br \/>        mso-bidi-font-size:11.0pt;<br \/>        font-family:\\&#8220;Times New Roman\\&#8220;,\\&#8220;serif\\&#8220;;<br \/>        mso-bidi-font-family:\\&#8220;Times New Roman\\&#8220;;<br \/>        mso-bidi-theme-font:minor-bidi;<br \/>        mso-ansi-language:SV;<br \/>        mso-fareast-language:EN-US;}<\/p>\n","protected":false},"excerpt":{"rendered":"<p>Der\u00a0<strong>Gasbrenner mit Durchmesser 20 cm<\/strong> kann Paellapfannen mit einem Bodendurchmesser ab 20 cm aufnehmen. Ideal f\u00fcr Au\u00dfenk\u00fcche.<\/p>\n","protected":false},"featured_media":4050,"comment_status":"open","ping_status":"closed","template":"","meta":{"footnotes":""},"class_list":["post-4056","product","type-product","status-publish","has-post-thumbnail","hentry","product_cat-paella-brenner"],"_links":{"self":[{"href":"https:\/\/www.grillsymbol.com\/de\/wp-json\/wp\/v2\/product\/4056","targetHints":{"allow":["GET"]}}],"collection":[{"href":"https:\/\/www.grillsymbol.com\/de\/wp-json\/wp\/v2\/product"}],"about":[{"href":"https:\/\/www.grillsymbol.com\/de\/wp-json\/wp\/v2\/types\/product"}],"replies":[{"embeddable":true,"href":"https:\/\/www.grillsymbol.com\/de\/wp-json\/wp\/v2\/comments?post=4056"}],"version-history":[{"count":0,"href":"https:\/\/www.grillsymbol.com\/de\/wp-json\/wp\/v2\/product\/4056\/revisions"}],"wp:featuredmedia":[{"embeddable":true,"href":"https:\/\/www.grillsymbol.com\/de\/wp-json\/wp\/v2\/media\/4050"}],"wp:attachment":[{"href":"https:\/\/www.grillsymbol.com\/de\/wp-json\/wp\/v2\/media?parent=4056"}],"curies":[{"name":"wp","href":"https:\/\/api.w.org\/{rel}","templated":true}]}}