{"id":4065,"date":"2017-04-11T06:37:32","date_gmt":"2017-04-11T06:37:40","guid":{"rendered":"https:\/\/www.grillsymbol.com\/shop\/uncategorized\/riesenpfanne-fp-960-inox\/"},"modified":"2026-03-26T15:19:18","modified_gmt":"2026-03-26T15:19:18","slug":"grillsymbol-paella-pfanne-fp-960-inox-%e2%88%85-96-cm","status":"publish","type":"product","link":"https:\/\/www.grillsymbol.com\/de\/shop\/paella-und-wok-pfannen\/grillsymbol-paella-pfanne-fp-960-inox-%e2%88%85-96-cm\/","title":{"rendered":"GrillSymbol Paella Pfanne FP-960 inox, \u2205 96 cm"},"content":{"rendered":"<p><!-- [if gte mso 9]><xml>\n<w:WordDocument>\n<w:View>Normal<\/w:View>\n<w:Zoom>0<\/w:Zoom>\n<w:TrackMoves\/>\n<w:TrackFormatting\/>\n<w:HyphenationZone>21<\/w:HyphenationZone>\n<w:PunctuationKerning\/>\n<w:ValidateAgainstSchemas\/>\n<w:SaveIfXMLInvalid>false<\/w:SaveIfXMLInvalid>\n<w:IgnoreMixedContent>false<\/w:IgnoreMixedContent>\n<w:AlwaysShowPlaceholderText>false<\/w:AlwaysShowPlaceholderText>\n<w:DoNotPromoteQF\/>\n<w:LidThemeOther>ET<\/w:LidThemeOther>\n<w:LidThemeAsian>X-NONE<\/w:LidThemeAsian>\n<w:LidThemeComplexScript>X-NONE<\/w:LidThemeComplexScript>\n<w:Compatibility>\n<w:BreakWrappedTables\/>\n<w:SnapToGridInCell\/>\n<w:WrapTextWithPunct\/>\n<w:UseAsianBreakRules\/>\n<w:DontGrowAutofit\/>\n<w:SplitPgBreakAndParaMark\/>\n<w:DontVertAlignCellWithSp\/>\n<w:DontBreakConstrainedForcedTables\/>\n<w:DontVertAlignInTxbx\/>\n<w:Word11KerningPairs\/>\n<w:CachedColBalance\/>\n<\/w:Compatibility>\n<m:mathPr>\n<m:mathFont m:val=\\\"Cambria Math\\\"\/>\n<m:brkBin m:val=\\\"before\\\"\/>\n<m:brkBinSub m:val=\\\"--\\\"\/>\n<m:smallFrac m:val=\\\"off\\\"\/>\n<m:dispDef\/>\n<m:lMargin m:val=\\\"0\\\"\/>\n<m:rMargin m:val=\\\"0\\\"\/>\n<m:defJc m:val=\\\"centerGroup\\\"\/>\n<m:wrapIndent m:val=\\\"1440\\\"\/>\n<m:intLim m:val=\\\"subSup\\\"\/>\n<m:naryLim m:val=\\\"undOvr\\\"\/>\n<\/m:mathPr><\/w:WordDocument>\n<\/xml><![endif]--><\/p>\n<p>&nbsp;<\/p>\n<ul type=\"\\&quot;&quot;disc&quot;\\&quot;\">\n<li>Material: 5 mm Edelstahl<\/li>\n<li>Durchmesser: 96 cm<\/li>\n<li>Bodendurchmesser:\u00a085 cm<\/li>\n<li>H\u00f6he der Pfannenseite: 5 cm<\/li>\n<li>Dicke des Bodens: 3 mm<\/li>\n<li>Kapazit\u00e4t: 50-80 Portionen<\/li>\n<li>Gewicht: 32 kg<\/li>\n<\/ul>\n<p><!-- [if gte mso 9]><xml>\n<w:LatentStyles DefLockedState=\\\"false\\\" DefUnhideWhenUsed=\\\"true\\\" DefSemiHidden=\\\"true\\\" DefQFormat=\\\"false\\\" DefPriority=\\\"99\\\" LatentStyleCount=\\\"267\\\">\n<w:LsdException Locked=\\\"false\\\" Priority=\\\"0\\\" SemiHidden=\\\"false\\\" UnhideWhenUsed=\\\"false\\\" QFormat=\\\"true\\\" Name=\\\"Normal\\\"\/>\n<w:LsdException Locked=\\\"false\\\" Priority=\\\"9\\\" SemiHidden=\\\"false\\\" UnhideWhenUsed=\\\"false\\\" QFormat=\\\"true\\\" Name=\\\"heading 1\\\"\/>\n<w:LsdException Locked=\\\"false\\\" Priority=\\\"9\\\" QFormat=\\\"true\\\" Name=\\\"heading 2\\\"\/>\n<w:LsdException Locked=\\\"false\\\" Priority=\\\"9\\\" QFormat=\\\"true\\\" Name=\\\"heading 3\\\"\/>\n<w:LsdException Locked=\\\"false\\\" Priority=\\\"9\\\" QFormat=\\\"true\\\" Name=\\\"heading 4\\\"\/>\n<w:LsdException Locked=\\\"false\\\" Priority=\\\"9\\\" QFormat=\\\"true\\\" Name=\\\"heading 5\\\"\/>\n<w:LsdException Locked=\\\"false\\\" Priority=\\\"9\\\" QFormat=\\\"true\\\" Name=\\\"heading 6\\\"\/>\n<w:LsdException Locked=\\\"false\\\" Priority=\\\"9\\\" QFormat=\\\"true\\\" Name=\\\"heading 7\\\"\/>\n<w:LsdException Locked=\\\"false\\\" Priority=\\\"9\\\" QFormat=\\\"true\\\" Name=\\\"heading 8\\\"\/>\n<w:LsdException Locked=\\\"false\\\" Priority=\\\"9\\\" QFormat=\\\"true\\\" Name=\\\"heading 9\\\"\/>\n<w:LsdException Locked=\\\"false\\\" Priority=\\\"39\\\" Name=\\\"toc 1\\\"\/>\n<w:LsdException Locked=\\\"false\\\" Priority=\\\"39\\\" Name=\\\"toc 2\\\"\/>\n<w:LsdException Locked=\\\"false\\\" Priority=\\\"39\\\" Name=\\\"toc 3\\\"\/>\n<w:LsdException Locked=\\\"false\\\" Priority=\\\"39\\\" Name=\\\"toc 4\\\"\/>\n<w:LsdException Locked=\\\"false\\\" Priority=\\\"39\\\" Name=\\\"toc 5\\\"\/>\n<w:LsdException Locked=\\\"false\\\" Priority=\\\"39\\\" Name=\\\"toc 6\\\"\/>\n<w:LsdException Locked=\\\"false\\\" Priority=\\\"39\\\" Name=\\\"toc 7\\\"\/>\n<w:LsdException Locked=\\\"false\\\" Priority=\\\"39\\\" Name=\\\"toc 8\\\"\/>\n<w:LsdException Locked=\\\"false\\\" Priority=\\\"39\\\" Name=\\\"toc 9\\\"\/>\n<w:LsdException Locked=\\\"false\\\" Priority=\\\"35\\\" QFormat=\\\"true\\\" Name=\\\"caption\\\"\/>\n<w:LsdException Locked=\\\"false\\\" Priority=\\\"10\\\" SemiHidden=\\\"false\\\" UnhideWhenUsed=\\\"false\\\" QFormat=\\\"true\\\" Name=\\\"Title\\\"\/>\n<w:LsdException Locked=\\\"false\\\" Priority=\\\"1\\\" Name=\\\"Default Paragraph Font\\\"\/>\n<w:LsdException Locked=\\\"false\\\" Priority=\\\"11\\\" SemiHidden=\\\"false\\\" UnhideWhenUsed=\\\"false\\\" QFormat=\\\"true\\\" Name=\\\"Subtitle\\\"\/>\n<w:LsdException Locked=\\\"false\\\" Priority=\\\"22\\\" SemiHidden=\\\"false\\\" UnhideWhenUsed=\\\"false\\\" QFormat=\\\"true\\\" Name=\\\"Strong\\\"\/>\n<w:LsdException Locked=\\\"false\\\" Priority=\\\"20\\\" SemiHidden=\\\"false\\\" UnhideWhenUsed=\\\"false\\\" QFormat=\\\"true\\\" Name=\\\"Emphasis\\\"\/>\n<w:LsdException Locked=\\\"false\\\" Priority=\\\"59\\\" SemiHidden=\\\"false\\\" UnhideWhenUsed=\\\"false\\\" Name=\\\"Table Grid\\\"\/>\n<w:LsdException Locked=\\\"false\\\" UnhideWhenUsed=\\\"false\\\" Name=\\\"Placeholder Text\\\"\/>\n<w:LsdException Locked=\\\"false\\\" Priority=\\\"1\\\" SemiHidden=\\\"false\\\" UnhideWhenUsed=\\\"false\\\" QFormat=\\\"true\\\" Name=\\\"No Spacing\\\"\/>\n<w:LsdException Locked=\\\"false\\\" Priority=\\\"60\\\" SemiHidden=\\\"false\\\" UnhideWhenUsed=\\\"false\\\" Name=\\\"Light Shading\\\"\/>\n<w:LsdException Locked=\\\"false\\\" Priority=\\\"61\\\" SemiHidden=\\\"false\\\" UnhideWhenUsed=\\\"false\\\" Name=\\\"Light List\\\"\/>\n<w:LsdException Locked=\\\"false\\\" Priority=\\\"62\\\" SemiHidden=\\\"false\\\" UnhideWhenUsed=\\\"false\\\" Name=\\\"Light Grid\\\"\/>\n<w:LsdException Locked=\\\"false\\\" Priority=\\\"63\\\" SemiHidden=\\\"false\\\" UnhideWhenUsed=\\\"false\\\" Name=\\\"Medium Shading 1\\\"\/>\n<w:LsdException Locked=\\\"false\\\" Priority=\\\"64\\\" SemiHidden=\\\"false\\\" UnhideWhenUsed=\\\"false\\\" Name=\\\"Medium Shading 2\\\"\/>\n<w:LsdException Locked=\\\"false\\\" Priority=\\\"65\\\" SemiHidden=\\\"false\\\" UnhideWhenUsed=\\\"false\\\" Name=\\\"Medium List 1\\\"\/>\n<w:LsdException Locked=\\\"false\\\" Priority=\\\"66\\\" SemiHidden=\\\"false\\\" UnhideWhenUsed=\\\"false\\\" Name=\\\"Medium List 2\\\"\/>\n<w:LsdException Locked=\\\"false\\\" Priority=\\\"67\\\" SemiHidden=\\\"false\\\" UnhideWhenUsed=\\\"false\\\" Name=\\\"Medium Grid 1\\\"\/>\n<w:LsdException Locked=\\\"false\\\" Priority=\\\"68\\\" SemiHidden=\\\"false\\\" UnhideWhenUsed=\\\"false\\\" Name=\\\"Medium Grid 2\\\"\/>\n<w:LsdException Locked=\\\"false\\\" Priority=\\\"69\\\" SemiHidden=\\\"false\\\" UnhideWhenUsed=\\\"false\\\" Name=\\\"Medium Grid 3\\\"\/>\n<w:LsdException Locked=\\\"false\\\" Priority=\\\"70\\\" SemiHidden=\\\"false\\\" UnhideWhenUsed=\\\"false\\\" Name=\\\"Dark List\\\"\/>\n<w:LsdException Locked=\\\"false\\\" Priority=\\\"71\\\" SemiHidden=\\\"false\\\" UnhideWhenUsed=\\\"false\\\" Name=\\\"Colorful Shading\\\"\/>\n<w:LsdException Locked=\\\"false\\\" Priority=\\\"72\\\" SemiHidden=\\\"false\\\" UnhideWhenUsed=\\\"false\\\" Name=\\\"Colorful List\\\"\/>\n<w:LsdException Locked=\\\"false\\\" Priority=\\\"73\\\" SemiHidden=\\\"false\\\" UnhideWhenUsed=\\\"false\\\" Name=\\\"Colorful Grid\\\"\/>\n<w:LsdException Locked=\\\"false\\\" Priority=\\\"60\\\" SemiHidden=\\\"false\\\" UnhideWhenUsed=\\\"false\\\" Name=\\\"Light Shading Accent 1\\\"\/>\n<w:LsdException Locked=\\\"false\\\" Priority=\\\"61\\\" SemiHidden=\\\"false\\\" UnhideWhenUsed=\\\"false\\\" Name=\\\"Light List Accent 1\\\"\/>\n<w:LsdException Locked=\\\"false\\\" Priority=\\\"62\\\" SemiHidden=\\\"false\\\" UnhideWhenUsed=\\\"false\\\" Name=\\\"Light Grid Accent 1\\\"\/>\n<w:LsdException Locked=\\\"false\\\" Priority=\\\"63\\\" SemiHidden=\\\"false\\\" UnhideWhenUsed=\\\"false\\\" Name=\\\"Medium Shading 1 Accent 1\\\"\/>\n<w:LsdException Locked=\\\"false\\\" Priority=\\\"64\\\" SemiHidden=\\\"false\\\" UnhideWhenUsed=\\\"false\\\" Name=\\\"Medium Shading 2 Accent 1\\\"\/>\n<w:LsdException Locked=\\\"false\\\" Priority=\\\"65\\\" SemiHidden=\\\"false\\\" UnhideWhenUsed=\\\"false\\\" Name=\\\"Medium List 1 Accent 1\\\"\/>\n<w:LsdException Locked=\\\"false\\\" UnhideWhenUsed=\\\"false\\\" Name=\\\"Revision\\\"\/>\n<w:LsdException Locked=\\\"false\\\" Priority=\\\"34\\\" SemiHidden=\\\"false\\\" UnhideWhenUsed=\\\"false\\\" QFormat=\\\"true\\\" Name=\\\"List Paragraph\\\"\/>\n<w:LsdException Locked=\\\"false\\\" Priority=\\\"29\\\" SemiHidden=\\\"false\\\" UnhideWhenUsed=\\\"false\\\" QFormat=\\\"true\\\" Name=\\\"Quote\\\"\/>\n<w:LsdException Locked=\\\"false\\\" Priority=\\\"30\\\" SemiHidden=\\\"false\\\" UnhideWhenUsed=\\\"false\\\" QFormat=\\\"true\\\" Name=\\\"Intense Quote\\\"\/>\n<w:LsdException Locked=\\\"false\\\" Priority=\\\"66\\\" SemiHidden=\\\"false\\\" UnhideWhenUsed=\\\"false\\\" Name=\\\"Medium List 2 Accent 1\\\"\/>\n<w:LsdException Locked=\\\"false\\\" Priority=\\\"67\\\" SemiHidden=\\\"false\\\" UnhideWhenUsed=\\\"false\\\" Name=\\\"Medium Grid 1 Accent 1\\\"\/>\n<w:LsdException Locked=\\\"false\\\" Priority=\\\"68\\\" SemiHidden=\\\"false\\\" UnhideWhenUsed=\\\"false\\\" Name=\\\"Medium Grid 2 Accent 1\\\"\/>\n<w:LsdException Locked=\\\"false\\\" Priority=\\\"69\\\" SemiHidden=\\\"false\\\" UnhideWhenUsed=\\\"false\\\" Name=\\\"Medium Grid 3 Accent 1\\\"\/>\n<w:LsdException Locked=\\\"false\\\" Priority=\\\"70\\\" SemiHidden=\\\"false\\\" UnhideWhenUsed=\\\"false\\\" Name=\\\"Dark List Accent 1\\\"\/>\n<w:LsdException Locked=\\\"false\\\" Priority=\\\"71\\\" SemiHidden=\\\"false\\\" UnhideWhenUsed=\\\"false\\\" Name=\\\"Colorful Shading Accent 1\\\"\/>\n<w:LsdException Locked=\\\"false\\\" Priority=\\\"72\\\" SemiHidden=\\\"false\\\" UnhideWhenUsed=\\\"false\\\" Name=\\\"Colorful List Accent 1\\\"\/>\n<w:LsdException Locked=\\\"false\\\" Priority=\\\"73\\\" SemiHidden=\\\"false\\\" UnhideWhenUsed=\\\"false\\\" Name=\\\"Colorful Grid Accent 1\\\"\/>\n<w:LsdException Locked=\\\"false\\\" Priority=\\\"60\\\" SemiHidden=\\\"false\\\" UnhideWhenUsed=\\\"false\\\" Name=\\\"Light Shading Accent 2\\\"\/>\n<w:LsdException Locked=\\\"false\\\" Priority=\\\"61\\\" SemiHidden=\\\"false\\\" UnhideWhenUsed=\\\"false\\\" Name=\\\"Light List Accent 2\\\"\/>\n<w:LsdException Locked=\\\"false\\\" Priority=\\\"62\\\" SemiHidden=\\\"false\\\" UnhideWhenUsed=\\\"false\\\" Name=\\\"Light Grid Accent 2\\\"\/>\n<w:LsdException Locked=\\\"false\\\" Priority=\\\"63\\\" SemiHidden=\\\"false\\\" UnhideWhenUsed=\\\"false\\\" Name=\\\"Medium Shading 1 Accent 2\\\"\/>\n<w:LsdException Locked=\\\"false\\\" Priority=\\\"64\\\" SemiHidden=\\\"false\\\" UnhideWhenUsed=\\\"false\\\" Name=\\\"Medium Shading 2 Accent 2\\\"\/>\n<w:LsdException Locked=\\\"false\\\" Priority=\\\"65\\\" SemiHidden=\\\"false\\\" UnhideWhenUsed=\\\"false\\\" Name=\\\"Medium List 1 Accent 2\\\"\/>\n<w:LsdException Locked=\\\"false\\\" Priority=\\\"66\\\" SemiHidden=\\\"false\\\" UnhideWhenUsed=\\\"false\\\" Name=\\\"Medium List 2 Accent 2\\\"\/>\n<w:LsdException Locked=\\\"false\\\" Priority=\\\"67\\\" SemiHidden=\\\"false\\\" UnhideWhenUsed=\\\"false\\\" Name=\\\"Medium Grid 1 Accent 2\\\"\/>\n<w:LsdException Locked=\\\"false\\\" Priority=\\\"68\\\" SemiHidden=\\\"false\\\" UnhideWhenUsed=\\\"false\\\" Name=\\\"Medium Grid 2 Accent 2\\\"\/>\n<w:LsdException Locked=\\\"false\\\" Priority=\\\"69\\\" SemiHidden=\\\"false\\\" UnhideWhenUsed=\\\"false\\\" Name=\\\"Medium Grid 3 Accent 2\\\"\/>\n<w:LsdException Locked=\\\"false\\\" Priority=\\\"70\\\" SemiHidden=\\\"false\\\" UnhideWhenUsed=\\\"false\\\" Name=\\\"Dark List Accent 2\\\"\/>\n<w:LsdException Locked=\\\"false\\\" Priority=\\\"71\\\" SemiHidden=\\\"false\\\" UnhideWhenUsed=\\\"false\\\" Name=\\\"Colorful Shading Accent 2\\\"\/>\n<w:LsdException Locked=\\\"false\\\" Priority=\\\"72\\\" SemiHidden=\\\"false\\\" UnhideWhenUsed=\\\"false\\\" Name=\\\"Colorful List Accent 2\\\"\/>\n<w:LsdException Locked=\\\"false\\\" Priority=\\\"73\\\" SemiHidden=\\\"false\\\" UnhideWhenUsed=\\\"false\\\" Name=\\\"Colorful Grid Accent 2\\\"\/>\n<w:LsdException Locked=\\\"false\\\" Priority=\\\"60\\\" SemiHidden=\\\"false\\\" UnhideWhenUsed=\\\"false\\\" Name=\\\"Light Shading Accent 3\\\"\/>\n<w:LsdException Locked=\\\"false\\\" Priority=\\\"61\\\" SemiHidden=\\\"false\\\" UnhideWhenUsed=\\\"false\\\" Name=\\\"Light List Accent 3\\\"\/>\n<w:LsdException Locked=\\\"false\\\" Priority=\\\"62\\\" SemiHidden=\\\"false\\\" UnhideWhenUsed=\\\"false\\\" Name=\\\"Light Grid Accent 3\\\"\/>\n<w:LsdException Locked=\\\"false\\\" Priority=\\\"63\\\" SemiHidden=\\\"false\\\" UnhideWhenUsed=\\\"false\\\" Name=\\\"Medium Shading 1 Accent 3\\\"\/>\n<w:LsdException Locked=\\\"false\\\" Priority=\\\"64\\\" SemiHidden=\\\"false\\\" UnhideWhenUsed=\\\"false\\\" Name=\\\"Medium Shading 2 Accent 3\\\"\/>\n<w:LsdException Locked=\\\"false\\\" Priority=\\\"65\\\" SemiHidden=\\\"false\\\" UnhideWhenUsed=\\\"false\\\" Name=\\\"Medium List 1 Accent 3\\\"\/>\n<w:LsdException Locked=\\\"false\\\" Priority=\\\"66\\\" SemiHidden=\\\"false\\\" UnhideWhenUsed=\\\"false\\\" Name=\\\"Medium List 2 Accent 3\\\"\/>\n<w:LsdException Locked=\\\"false\\\" Priority=\\\"67\\\" SemiHidden=\\\"false\\\" UnhideWhenUsed=\\\"false\\\" Name=\\\"Medium Grid 1 Accent 3\\\"\/>\n<w:LsdException Locked=\\\"false\\\" Priority=\\\"68\\\" SemiHidden=\\\"false\\\" UnhideWhenUsed=\\\"false\\\" Name=\\\"Medium Grid 2 Accent 3\\\"\/>\n<w:LsdException Locked=\\\"false\\\" Priority=\\\"69\\\" SemiHidden=\\\"false\\\" UnhideWhenUsed=\\\"false\\\" Name=\\\"Medium Grid 3 Accent 3\\\"\/>\n<w:LsdException Locked=\\\"false\\\" Priority=\\\"70\\\" SemiHidden=\\\"false\\\" UnhideWhenUsed=\\\"false\\\" Name=\\\"Dark List Accent 3\\\"\/>\n<w:LsdException Locked=\\\"false\\\" Priority=\\\"71\\\" SemiHidden=\\\"false\\\" UnhideWhenUsed=\\\"false\\\" Name=\\\"Colorful Shading Accent 3\\\"\/>\n<w:LsdException Locked=\\\"false\\\" Priority=\\\"72\\\" SemiHidden=\\\"false\\\" UnhideWhenUsed=\\\"false\\\" Name=\\\"Colorful List Accent 3\\\"\/>\n<w:LsdException Locked=\\\"false\\\" Priority=\\\"73\\\" SemiHidden=\\\"false\\\" UnhideWhenUsed=\\\"false\\\" Name=\\\"Colorful Grid Accent 3\\\"\/>\n<w:LsdException Locked=\\\"false\\\" Priority=\\\"60\\\" SemiHidden=\\\"false\\\" UnhideWhenUsed=\\\"false\\\" Name=\\\"Light Shading Accent 4\\\"\/>\n<w:LsdException Locked=\\\"false\\\" Priority=\\\"61\\\" SemiHidden=\\\"false\\\" UnhideWhenUsed=\\\"false\\\" Name=\\\"Light List Accent 4\\\"\/>\n<w:LsdException Locked=\\\"false\\\" Priority=\\\"62\\\" SemiHidden=\\\"false\\\" UnhideWhenUsed=\\\"false\\\" Name=\\\"Light Grid Accent 4\\\"\/>\n<w:LsdException Locked=\\\"false\\\" Priority=\\\"63\\\" SemiHidden=\\\"false\\\" UnhideWhenUsed=\\\"false\\\" Name=\\\"Medium Shading 1 Accent 4\\\"\/>\n<w:LsdException Locked=\\\"false\\\" Priority=\\\"64\\\" SemiHidden=\\\"false\\\" UnhideWhenUsed=\\\"false\\\" Name=\\\"Medium Shading 2 Accent 4\\\"\/>\n<w:LsdException Locked=\\\"false\\\" Priority=\\\"65\\\" SemiHidden=\\\"false\\\" UnhideWhenUsed=\\\"false\\\" Name=\\\"Medium List 1 Accent 4\\\"\/>\n<w:LsdException Locked=\\\"false\\\" Priority=\\\"66\\\" SemiHidden=\\\"false\\\" UnhideWhenUsed=\\\"false\\\" Name=\\\"Medium List 2 Accent 4\\\"\/>\n<w:LsdException Locked=\\\"false\\\" Priority=\\\"67\\\" SemiHidden=\\\"false\\\" UnhideWhenUsed=\\\"false\\\" Name=\\\"Medium Grid 1 Accent 4\\\"\/>\n<w:LsdException Locked=\\\"false\\\" Priority=\\\"68\\\" SemiHidden=\\\"false\\\" UnhideWhenUsed=\\\"false\\\" Name=\\\"Medium Grid 2 Accent 4\\\"\/>\n<w:LsdException Locked=\\\"false\\\" Priority=\\\"69\\\" SemiHidden=\\\"false\\\" UnhideWhenUsed=\\\"false\\\" Name=\\\"Medium Grid 3 Accent 4\\\"\/>\n<w:LsdException Locked=\\\"false\\\" Priority=\\\"70\\\" SemiHidden=\\\"false\\\" UnhideWhenUsed=\\\"false\\\" Name=\\\"Dark List Accent 4\\\"\/>\n<w:LsdException Locked=\\\"false\\\" Priority=\\\"71\\\" SemiHidden=\\\"false\\\" UnhideWhenUsed=\\\"false\\\" Name=\\\"Colorful Shading Accent 4\\\"\/>\n<w:LsdException Locked=\\\"false\\\" Priority=\\\"72\\\" SemiHidden=\\\"false\\\" UnhideWhenUsed=\\\"false\\\" Name=\\\"Colorful List Accent 4\\\"\/>\n<w:LsdException Locked=\\\"false\\\" Priority=\\\"73\\\" SemiHidden=\\\"false\\\" UnhideWhenUsed=\\\"false\\\" Name=\\\"Colorful Grid Accent 4\\\"\/>\n<w:LsdException Locked=\\\"false\\\" Priority=\\\"60\\\" SemiHidden=\\\"false\\\" UnhideWhenUsed=\\\"false\\\" Name=\\\"Light Shading Accent 5\\\"\/>\n<w:LsdException Locked=\\\"false\\\" Priority=\\\"61\\\" SemiHidden=\\\"false\\\" UnhideWhenUsed=\\\"false\\\" Name=\\\"Light List Accent 5\\\"\/>\n<w:LsdException Locked=\\\"false\\\" Priority=\\\"62\\\" SemiHidden=\\\"false\\\" UnhideWhenUsed=\\\"false\\\" Name=\\\"Light Grid Accent 5\\\"\/>\n<w:LsdException Locked=\\\"false\\\" Priority=\\\"63\\\" SemiHidden=\\\"false\\\" UnhideWhenUsed=\\\"false\\\" Name=\\\"Medium Shading 1 Accent 5\\\"\/>\n<w:LsdException Locked=\\\"false\\\" Priority=\\\"64\\\" SemiHidden=\\\"false\\\" UnhideWhenUsed=\\\"false\\\" Name=\\\"Medium Shading 2 Accent 5\\\"\/>\n<w:LsdException Locked=\\\"false\\\" Priority=\\\"65\\\" SemiHidden=\\\"false\\\" UnhideWhenUsed=\\\"false\\\" Name=\\\"Medium List 1 Accent 5\\\"\/>\n<w:LsdException Locked=\\\"false\\\" Priority=\\\"66\\\" SemiHidden=\\\"false\\\" UnhideWhenUsed=\\\"false\\\" Name=\\\"Medium List 2 Accent 5\\\"\/>\n<w:LsdException Locked=\\\"false\\\" Priority=\\\"67\\\" SemiHidden=\\\"false\\\" UnhideWhenUsed=\\\"false\\\" Name=\\\"Medium Grid 1 Accent 5\\\"\/>\n<w:LsdException Locked=\\\"false\\\" Priority=\\\"68\\\" SemiHidden=\\\"false\\\" UnhideWhenUsed=\\\"false\\\" Name=\\\"Medium Grid 2 Accent 5\\\"\/>\n<w:LsdException Locked=\\\"false\\\" Priority=\\\"69\\\" SemiHidden=\\\"false\\\" UnhideWhenUsed=\\\"false\\\" Name=\\\"Medium Grid 3 Accent 5\\\"\/>\n<w:LsdException Locked=\\\"false\\\" Priority=\\\"70\\\" SemiHidden=\\\"false\\\" UnhideWhenUsed=\\\"false\\\" Name=\\\"Dark List Accent 5\\\"\/>\n<w:LsdException Locked=\\\"false\\\" Priority=\\\"71\\\" SemiHidden=\\\"false\\\" UnhideWhenUsed=\\\"false\\\" Name=\\\"Colorful Shading Accent 5\\\"\/>\n<w:LsdException Locked=\\\"false\\\" Priority=\\\"72\\\" SemiHidden=\\\"false\\\" UnhideWhenUsed=\\\"false\\\" Name=\\\"Colorful List Accent 5\\\"\/>\n<w:LsdException Locked=\\\"false\\\" Priority=\\\"73\\\" SemiHidden=\\\"false\\\" UnhideWhenUsed=\\\"false\\\" Name=\\\"Colorful Grid Accent 5\\\"\/>\n<w:LsdException Locked=\\\"false\\\" Priority=\\\"60\\\" SemiHidden=\\\"false\\\" UnhideWhenUsed=\\\"false\\\" Name=\\\"Light Shading Accent 6\\\"\/>\n<w:LsdException Locked=\\\"false\\\" Priority=\\\"61\\\" SemiHidden=\\\"false\\\" UnhideWhenUsed=\\\"false\\\" Name=\\\"Light List Accent 6\\\"\/>\n<w:LsdException Locked=\\\"false\\\" Priority=\\\"62\\\" SemiHidden=\\\"false\\\" UnhideWhenUsed=\\\"false\\\" Name=\\\"Light Grid Accent 6\\\"\/>\n<w:LsdException Locked=\\\"false\\\" Priority=\\\"63\\\" SemiHidden=\\\"false\\\" UnhideWhenUsed=\\\"false\\\" Name=\\\"Medium Shading 1 Accent 6\\\"\/>\n<w:LsdException Locked=\\\"false\\\" Priority=\\\"64\\\" SemiHidden=\\\"false\\\" UnhideWhenUsed=\\\"false\\\" Name=\\\"Medium Shading 2 Accent 6\\\"\/>\n<w:LsdException Locked=\\\"false\\\" Priority=\\\"65\\\" SemiHidden=\\\"false\\\" UnhideWhenUsed=\\\"false\\\" Name=\\\"Medium List 1 Accent 6\\\"\/>\n<w:LsdException Locked=\\\"false\\\" Priority=\\\"66\\\" SemiHidden=\\\"false\\\" UnhideWhenUsed=\\\"false\\\" Name=\\\"Medium List 2 Accent 6\\\"\/>\n<w:LsdException Locked=\\\"false\\\" Priority=\\\"67\\\" SemiHidden=\\\"false\\\" UnhideWhenUsed=\\\"false\\\" Name=\\\"Medium Grid 1 Accent 6\\\"\/>\n<w:LsdException Locked=\\\"false\\\" Priority=\\\"68\\\" SemiHidden=\\\"false\\\" UnhideWhenUsed=\\\"false\\\" Name=\\\"Medium Grid 2 Accent 6\\\"\/>\n<w:LsdException Locked=\\\"false\\\" Priority=\\\"69\\\" SemiHidden=\\\"false\\\" UnhideWhenUsed=\\\"false\\\" Name=\\\"Medium Grid 3 Accent 6\\\"\/>\n<w:LsdException Locked=\\\"false\\\" Priority=\\\"70\\\" SemiHidden=\\\"false\\\" UnhideWhenUsed=\\\"false\\\" Name=\\\"Dark List Accent 6\\\"\/>\n<w:LsdException Locked=\\\"false\\\" Priority=\\\"71\\\" SemiHidden=\\\"false\\\" UnhideWhenUsed=\\\"false\\\" Name=\\\"Colorful Shading Accent 6\\\"\/>\n<w:LsdException Locked=\\\"false\\\" Priority=\\\"72\\\" SemiHidden=\\\"false\\\" UnhideWhenUsed=\\\"false\\\" Name=\\\"Colorful List Accent 6\\\"\/>\n<w:LsdException Locked=\\\"false\\\" Priority=\\\"73\\\" SemiHidden=\\\"false\\\" UnhideWhenUsed=\\\"false\\\" Name=\\\"Colorful Grid Accent 6\\\"\/>\n<w:LsdException Locked=\\\"false\\\" Priority=\\\"19\\\" SemiHidden=\\\"false\\\" UnhideWhenUsed=\\\"false\\\" QFormat=\\\"true\\\" Name=\\\"Subtle Emphasis\\\"\/>\n<w:LsdException Locked=\\\"false\\\" Priority=\\\"21\\\" SemiHidden=\\\"false\\\" UnhideWhenUsed=\\\"false\\\" QFormat=\\\"true\\\" Name=\\\"Intense Emphasis\\\"\/>\n<w:LsdException Locked=\\\"false\\\" Priority=\\\"31\\\" SemiHidden=\\\"false\\\" UnhideWhenUsed=\\\"false\\\" QFormat=\\\"true\\\" Name=\\\"Subtle Reference\\\"\/>\n<w:LsdException Locked=\\\"false\\\" Priority=\\\"32\\\" SemiHidden=\\\"false\\\" UnhideWhenUsed=\\\"false\\\" QFormat=\\\"true\\\" Name=\\\"Intense Reference\\\"\/>\n<w:LsdException Locked=\\\"false\\\" Priority=\\\"33\\\" SemiHidden=\\\"false\\\" UnhideWhenUsed=\\\"false\\\" QFormat=\\\"true\\\" Name=\\\"Book Title\\\"\/>\n<w:LsdException Locked=\\\"false\\\" Priority=\\\"37\\\" Name=\\\"Bibliography\\\"\/>\n<w:LsdException Locked=\\\"false\\\" Priority=\\\"39\\\" QFormat=\\\"true\\\" Name=\\\"TOC Heading\\\"\/>\n<\/w:LatentStyles>\n<\/xml><![endif]--><!-- [if gte mso 10]>\n\n\n\n<style>\n \/* Style Definitions *\/<br \/> table.MsoNormalTable<br \/>        {mso-style-name:\\\"Table Normal\\\";<br \/>        mso-tstyle-rowband-size:0;<br \/>        mso-tstyle-colband-size:0;<br \/>        mso-style-noshow:yes;<br \/>        mso-style-priority:99;<br \/>        mso-style-qformat:yes;<br \/>        mso-style-parent:\\\"\\\";<br \/>        mso-padding-alt:0cm 5.4pt 0cm 5.4pt;<br \/>        mso-para-margin-top:0cm;<br \/>        mso-para-margin-right:0cm;<br \/>        mso-para-margin-bottom:10.0pt;<br \/>        mso-para-margin-left:0cm;<br \/>        line-height:115%;<br \/>        mso-pagination:widow-orphan;<br \/>        font-size:12.0pt;<br \/>        mso-bidi-font-size:11.0pt;<br \/>        font-family:\\\"Times New Roman\\\",\\\"serif\\\";<br \/>        mso-bidi-font-family:\\\"Times New Roman\\\";<br \/>        mso-bidi-theme-font:minor-bidi;<br \/>        mso-ansi-language:SV;<br \/>        mso-fareast-language:EN-US;}<br \/><\/style>\n\n<![endif]--><\/p>\n","protected":false},"excerpt":{"rendered":"<p><strong>Paella Pfanne aus Edelstahl<\/strong><\/p>\n<p>FP-960 inox erm\u00f6glicht Zubereitung allerlei Gerichte sowohl aus vorgebackenem als auch frischen Rohstoff. Sie k\u00f6nnen gleichzeitig 50-80 Portionen zubereiten, dies h\u00e4ngt von dem Gericht ab. Der 5 cm hoher Rand l\u00e4sst auch Essen schmoren und d\u00e4mpfen (unter dem Deckel), was ein gro\u00dfer Vorteil im Vergleich zu Pfannen mit niedrigem Rand ist. Einfach zu pflegen und reinigen. Verwenden Sie nur Ihre Fantasie und bereiten Sie sich ein leckeres Gericht zu! Eignet sich auch f\u00fcr die Benutzung auf offenem Feuer und auf einem Gasbrenner.<\/p>\n","protected":false},"featured_media":16155,"comment_status":"open","ping_status":"closed","template":"","meta":{"footnotes":""},"class_list":["post-4065","product","type-product","status-publish","has-post-thumbnail","hentry","product_cat-paella-und-wok-pfannen","product_cat-edelstahl-wok-paella-pfannen"],"_links":{"self":[{"href":"https:\/\/www.grillsymbol.com\/de\/wp-json\/wp\/v2\/product\/4065","targetHints":{"allow":["GET"]}}],"collection":[{"href":"https:\/\/www.grillsymbol.com\/de\/wp-json\/wp\/v2\/product"}],"about":[{"href":"https:\/\/www.grillsymbol.com\/de\/wp-json\/wp\/v2\/types\/product"}],"replies":[{"embeddable":true,"href":"https:\/\/www.grillsymbol.com\/de\/wp-json\/wp\/v2\/comments?post=4065"}],"version-history":[{"count":0,"href":"https:\/\/www.grillsymbol.com\/de\/wp-json\/wp\/v2\/product\/4065\/revisions"}],"wp:featuredmedia":[{"embeddable":true,"href":"https:\/\/www.grillsymbol.com\/de\/wp-json\/wp\/v2\/media\/16155"}],"wp:attachment":[{"href":"https:\/\/www.grillsymbol.com\/de\/wp-json\/wp\/v2\/media?parent=4065"}],"curies":[{"name":"wp","href":"https:\/\/api.w.org\/{rel}","templated":true}]}}