{"id":4209,"date":"2017-04-11T06:55:07","date_gmt":"2017-04-11T06:55:14","guid":{"rendered":"https:\/\/www.grillsymbol.com\/shop\/uncategorized\/wok-pro-675-2\/"},"modified":"2022-02-21T17:23:47","modified_gmt":"2022-02-21T17:23:47","slug":"grillsymbol-wokpfanne-wp-675-%e2%88%85-67-cm","status":"publish","type":"product","link":"https:\/\/www.grillsymbol.com\/de\/shop\/paella-und-wok-pfannen\/grillsymbol-wokpfanne-wp-675-%e2%88%85-67-cm\/","title":{"rendered":"GrillSymbol Wokpfanne WP-675, \u2205 67 cm"},"content":{"rendered":"<p>&nbsp;<\/p>\n<ul>\n<li>Material: 4 mm Stahl<\/li>\n<li>Durchmesser: 67,5 cm<\/li>\n<li>Tiefe: 11 cm<\/li>\n<li>Gewicht: 14 kg<\/li>\n<li>Kapazit\u00e4t: 25 Portionen<\/li>\n<\/ul>\n","protected":false},"excerpt":{"rendered":"<p><strong>Wok-Pfanne aus Stahl <\/strong>ist die klassische Wok-Pfanne mit sehr guten Brateigenschaften und gro\u00dfer Kapazit\u00e4t. Der 5 cm dicke Boden teilt die W\u00e4rme gleichm\u00e4\u00dfig. Durch ihre Gr\u00f6\u00dfe erm\u00f6glicht viele Portionen schnell zu zubereiten.<\/p>\n<p>Wenn Sie Modelle<strong> PRO-720 \/ PRO-720 inox \/ PRO-960 light \/ TW-720 \/ TW-720 inox <\/strong>haben, dann empfehlen wir die Pfanne mit Adapter (WS-675) zu kaufen &#8211; so machen Sie aus Ihrem Paella Pfanne Grill einen vielseitigen Set zu Zubereitung vieler leckeren Gerichten.<\/p>\n<p>Ideal f\u00fcr den Einsatz in einer Au\u00dfenk\u00fcche, am Lagerfeuer oder mit Gasbrenner.<\/p>\n","protected":false},"featured_media":15866,"comment_status":"open","ping_status":"closed","template":"","meta":{"footnotes":""},"class_list":["post-4209","product","type-product","status-publish","has-post-thumbnail","hentry","product_cat-paella-und-wok-pfannen"],"_links":{"self":[{"href":"https:\/\/www.grillsymbol.com\/de\/wp-json\/wp\/v2\/product\/4209","targetHints":{"allow":["GET"]}}],"collection":[{"href":"https:\/\/www.grillsymbol.com\/de\/wp-json\/wp\/v2\/product"}],"about":[{"href":"https:\/\/www.grillsymbol.com\/de\/wp-json\/wp\/v2\/types\/product"}],"replies":[{"embeddable":true,"href":"https:\/\/www.grillsymbol.com\/de\/wp-json\/wp\/v2\/comments?post=4209"}],"version-history":[{"count":0,"href":"https:\/\/www.grillsymbol.com\/de\/wp-json\/wp\/v2\/product\/4209\/revisions"}],"wp:featuredmedia":[{"embeddable":true,"href":"https:\/\/www.grillsymbol.com\/de\/wp-json\/wp\/v2\/media\/15866"}],"wp:attachment":[{"href":"https:\/\/www.grillsymbol.com\/de\/wp-json\/wp\/v2\/media?parent=4209"}],"curies":[{"name":"wp","href":"https:\/\/api.w.org\/{rel}","templated":true}]}}