{"id":4308,"date":"2017-04-11T06:58:22","date_gmt":"2017-04-11T06:58:30","guid":{"rendered":"https:\/\/www.grillsymbol.com\/shop\/uncategorized\/spritzerschutz-pro-960\/"},"modified":"2022-02-10T14:33:17","modified_gmt":"2022-02-10T14:33:17","slug":"grillsymbol-spritzenschutz-fuer-pro-960-inox","status":"publish","type":"product","link":"https:\/\/www.grillsymbol.com\/de\/shop\/paella-zubehor\/grillsymbol-spritzenschutz-fuer-pro-960-inox\/","title":{"rendered":"GrillSymbol Spritzenschutz f\u00fcr PRO-960 (inox)"},"content":{"rendered":"<p>&nbsp;<\/p>\n<ul>\n<li>Material: 1 mm Edelstahl<\/li>\n<li>Wird an den Pfannengriff befestigt<\/li>\n<li>Leicht, plastisch, einfach zu reinigen<\/li>\n<\/ul>\n","protected":false},"excerpt":{"rendered":"<p><strong>Spritzschutz sch\u00fctzt vor dem spritzenden \u00d6l, aber auch vor kaltem Wind, der das Essen auf der Pfanne zu sehr abk\u00fchlen k\u00f6nnte.<\/strong><\/p>\n<p><strong>Passt zu den Modellen PRO-960 \/ PRO-960i \/ PRO-960 light \/ PRO-915<\/strong><\/p>\n","protected":false},"featured_media":4302,"comment_status":"open","ping_status":"closed","template":"","meta":{"footnotes":""},"class_list":["post-4308","product","type-product","status-publish","has-post-thumbnail","hentry","product_cat-paella-zubehor"],"_links":{"self":[{"href":"https:\/\/www.grillsymbol.com\/de\/wp-json\/wp\/v2\/product\/4308","targetHints":{"allow":["GET"]}}],"collection":[{"href":"https:\/\/www.grillsymbol.com\/de\/wp-json\/wp\/v2\/product"}],"about":[{"href":"https:\/\/www.grillsymbol.com\/de\/wp-json\/wp\/v2\/types\/product"}],"replies":[{"embeddable":true,"href":"https:\/\/www.grillsymbol.com\/de\/wp-json\/wp\/v2\/comments?post=4308"}],"version-history":[{"count":0,"href":"https:\/\/www.grillsymbol.com\/de\/wp-json\/wp\/v2\/product\/4308\/revisions"}],"wp:featuredmedia":[{"embeddable":true,"href":"https:\/\/www.grillsymbol.com\/de\/wp-json\/wp\/v2\/media\/4302"}],"wp:attachment":[{"href":"https:\/\/www.grillsymbol.com\/de\/wp-json\/wp\/v2\/media?parent=4308"}],"curies":[{"name":"wp","href":"https:\/\/api.w.org\/{rel}","templated":true}]}}