{"id":4317,"date":"2017-04-11T06:58:34","date_gmt":"2017-04-11T06:58:41","guid":{"rendered":"https:\/\/www.grillsymbol.com\/shop\/uncategorized\/spritzerschutz-pro-720\/"},"modified":"2022-02-10T14:35:50","modified_gmt":"2022-02-10T14:35:50","slug":"grillsymbol-spritzenschutz-fuer-pro-720-inox","status":"publish","type":"product","link":"https:\/\/www.grillsymbol.com\/de\/shop\/paella-zubehor\/grillsymbol-spritzenschutz-fuer-pro-720-inox\/","title":{"rendered":"GrillSymbol Spritzenschutz f\u00fcr PRO-720 (inox)"},"content":{"rendered":"<p>&nbsp;<\/p>\n<ul type=\"\\&quot;&quot;disc&quot;\\&quot;\">\n<li>Material: 1 mm Edelstahl<\/li>\n<li>Wird an den Pfannengriffen befestigt<\/li>\n<li>Leicht, plastisch, einfach zu reinigen<\/li>\n<\/ul>\n","protected":false},"excerpt":{"rendered":"<p><strong>Spritzschutz sch\u00fctzt vor dem spritzenden \u00d6l, aber auch vor kaltem Wind, der das Essen auf der Pfanne zu sehr abk\u00fchlen k\u00f6nnte.<\/strong><\/p>\n<p><strong>Passt zu den Modellen PRO-720 \/ PRO-720i\u00a0<\/strong><\/p>\n","protected":false},"featured_media":4312,"comment_status":"open","ping_status":"closed","template":"","meta":{"footnotes":""},"class_list":["post-4317","product","type-product","status-publish","has-post-thumbnail","hentry","product_cat-paella-zubehor"],"_links":{"self":[{"href":"https:\/\/www.grillsymbol.com\/de\/wp-json\/wp\/v2\/product\/4317","targetHints":{"allow":["GET"]}}],"collection":[{"href":"https:\/\/www.grillsymbol.com\/de\/wp-json\/wp\/v2\/product"}],"about":[{"href":"https:\/\/www.grillsymbol.com\/de\/wp-json\/wp\/v2\/types\/product"}],"replies":[{"embeddable":true,"href":"https:\/\/www.grillsymbol.com\/de\/wp-json\/wp\/v2\/comments?post=4317"}],"version-history":[{"count":0,"href":"https:\/\/www.grillsymbol.com\/de\/wp-json\/wp\/v2\/product\/4317\/revisions"}],"wp:featuredmedia":[{"embeddable":true,"href":"https:\/\/www.grillsymbol.com\/de\/wp-json\/wp\/v2\/media\/4312"}],"wp:attachment":[{"href":"https:\/\/www.grillsymbol.com\/de\/wp-json\/wp\/v2\/media?parent=4317"}],"curies":[{"name":"wp","href":"https:\/\/api.w.org\/{rel}","templated":true}]}}