{"id":4353,"date":"2017-04-11T06:59:59","date_gmt":"2017-04-11T07:00:18","guid":{"rendered":"https:\/\/www.grillsymbol.com\/shop\/uncategorized\/kohlenwanne-q-700\/"},"modified":"2026-04-17T06:49:05","modified_gmt":"2026-04-17T06:49:05","slug":"kohlenwanne-smoky-beast","status":"publish","type":"product","link":"https:\/\/www.grillsymbol.com\/de\/shop\/ersatzteile-und-komponenten\/kohlenwanne-smoky-beast\/","title":{"rendered":"Kohlenwanne Smoky Beast"},"content":{"rendered":"<ul>\n<li>Material: 1,5 mm Stahl<\/li>\n<li>Ma\u00dfe: 44 x 40 x 8 cm (L*B*H)<\/li>\n<li>Gewicht: 2,2 kg<\/li>\n<\/ul>\n<p>Au\u00dfer BBQ kann man in den \u00d6fen der Smoky-Serie auch grillen, daf\u00fcr haben wir eine spezielle Kohlenwanne entwickelt. Zum Grillen muss man die Kohlenwanne auf den Boden der Rauchschachtel legen, die Fettwannen m\u00fcssen entfernt werden. Der ausreichende Luftaustausch wird durch die besondere Form der Kohlenwanne und die Perforierung des Materials gew\u00e4hrleistet, als Ergebnis bleibt Kohle aufgeweckt. Den Luftaustausch kann man auch noch mit den Ofenklappen am Spitzen der Schornsteine und der T\u00fcr der Feuerungsanlage regulieren. Grillen kann man sowohl mit Grillkohle als auch mit Grillbrikett. Grillkohle kann man vor dem Grillen in der Feuerungsanlage herstellen, indem man Holz brennt, wodurch Kohle entsteht.<\/p>\n<div><\/div>\n<div><\/div>\n<div>Passt zu den Modellen Smoky Beast und Smoky Beast XL.<\/div>\n<p>&nbsp;<\/p>\n","protected":false},"excerpt":{"rendered":"<h4>Kohlenwanne<\/h4>\n","protected":false},"featured_media":14105,"comment_status":"open","ping_status":"closed","template":"","meta":{"footnotes":""},"class_list":["post-4353","product","type-product","status-publish","has-post-thumbnail","hentry","product_cat-ersatzteile-und-komponenten"],"_links":{"self":[{"href":"https:\/\/www.grillsymbol.com\/de\/wp-json\/wp\/v2\/product\/4353","targetHints":{"allow":["GET"]}}],"collection":[{"href":"https:\/\/www.grillsymbol.com\/de\/wp-json\/wp\/v2\/product"}],"about":[{"href":"https:\/\/www.grillsymbol.com\/de\/wp-json\/wp\/v2\/types\/product"}],"replies":[{"embeddable":true,"href":"https:\/\/www.grillsymbol.com\/de\/wp-json\/wp\/v2\/comments?post=4353"}],"version-history":[{"count":1,"href":"https:\/\/www.grillsymbol.com\/de\/wp-json\/wp\/v2\/product\/4353\/revisions"}],"predecessor-version":[{"id":35544,"href":"https:\/\/www.grillsymbol.com\/de\/wp-json\/wp\/v2\/product\/4353\/revisions\/35544"}],"wp:featuredmedia":[{"embeddable":true,"href":"https:\/\/www.grillsymbol.com\/de\/wp-json\/wp\/v2\/media\/14105"}],"wp:attachment":[{"href":"https:\/\/www.grillsymbol.com\/de\/wp-json\/wp\/v2\/media?parent=4353"}],"curies":[{"name":"wp","href":"https:\/\/api.w.org\/{rel}","templated":true}]}}