{"id":4395,"date":"2017-04-11T07:01:33","date_gmt":"2017-04-11T07:01:49","guid":{"rendered":"https:\/\/www.grillsymbol.com\/shop\/uncategorized\/gasbrenner-7-kw\/"},"modified":"2026-01-13T16:08:30","modified_gmt":"2026-01-13T16:08:30","slug":"grillsymbol-paella-brenner-fuer-innen-und-au%ce%b2enbetrieb-ib300","status":"publish","type":"product","link":"https:\/\/www.grillsymbol.com\/de\/shop\/paella-brenner\/grillsymbol-paella-brenner-fuer-innen-und-au%ce%b2enbetrieb-ib300\/","title":{"rendered":"GrillSymbol Paella Brenner f\u00fcr Innen- und Au\u03b2enbetrieb IB300"},"content":{"rendered":"<p>&nbsp;<\/p>\n<ul>\n<li>Brenner: 7 kW, Durchmesser 30 cm<\/li>\n<li>Gasverbrauch: bei Vollleistung 0,7 kg\/h, bei Normbedingungen 0,2-0,4 kg\/h<\/li>\n<li>Brenner hat einen Thermosensor, der den Gaszufluss schlie\u00dft, wenn das Feuer l\u00f6schen sollte<\/li>\n<li>Kann in Innenr\u00e4umen benutzt werden<\/li>\n<\/ul>\n","protected":false},"excerpt":{"rendered":"<p><strong>Gasbrenner mit Durchmesser 30 cm<\/strong> f\u00fcr Benutzung in Innen- und Au\u00dfenbedingungen. Gutes Hilfsmittel zum Catering von Veranstaltungen in Innenbedingungen. Ideal f\u00fcr ein Grillhaus!<\/p>\n","protected":false},"featured_media":4386,"comment_status":"open","ping_status":"closed","template":"","meta":{"footnotes":""},"class_list":["post-4395","product","type-product","status-publish","has-post-thumbnail","hentry","product_cat-paella-brenner"],"_links":{"self":[{"href":"https:\/\/www.grillsymbol.com\/de\/wp-json\/wp\/v2\/product\/4395","targetHints":{"allow":["GET"]}}],"collection":[{"href":"https:\/\/www.grillsymbol.com\/de\/wp-json\/wp\/v2\/product"}],"about":[{"href":"https:\/\/www.grillsymbol.com\/de\/wp-json\/wp\/v2\/types\/product"}],"replies":[{"embeddable":true,"href":"https:\/\/www.grillsymbol.com\/de\/wp-json\/wp\/v2\/comments?post=4395"}],"version-history":[{"count":0,"href":"https:\/\/www.grillsymbol.com\/de\/wp-json\/wp\/v2\/product\/4395\/revisions"}],"wp:featuredmedia":[{"embeddable":true,"href":"https:\/\/www.grillsymbol.com\/de\/wp-json\/wp\/v2\/media\/4386"}],"wp:attachment":[{"href":"https:\/\/www.grillsymbol.com\/de\/wp-json\/wp\/v2\/media?parent=4395"}],"curies":[{"name":"wp","href":"https:\/\/api.w.org\/{rel}","templated":true}]}}