{"id":4461,"date":"2017-04-11T07:04:17","date_gmt":"2017-04-11T07:04:49","guid":{"rendered":"https:\/\/www.grillsymbol.com\/shop\/uncategorized\/wok-losung-915\/"},"modified":"2022-02-21T17:14:05","modified_gmt":"2022-02-21T17:14:05","slug":"grillsymbol-wok-pfanne-915-mit-adapter","status":"publish","type":"product","link":"https:\/\/www.grillsymbol.com\/de\/shop\/paella-und-wok-pfannen\/grillsymbol-wok-pfanne-915-mit-adapter\/","title":{"rendered":"GrillSymbol Wok-Pfanne 915 mit Adapter"},"content":{"rendered":"<p>&nbsp;<\/p>\n<ul type=\"\\&quot;&quot;disc&quot;\\&quot;\">\n<li>Material: 5 mm Stahl<\/li>\n<li>Durchmesser: 91,5 cm<\/li>\n<li>Tiefe: 12 cm<\/li>\n<li>Gewicht: Pfanne 32 kg<\/li>\n<li>Kapazit\u00e4t: 50 Portionen<\/li>\n<li>Adapter im Set enthalten<\/li>\n<\/ul>\n","protected":false},"excerpt":{"rendered":"<p><strong>Wok-Pfanne aus Stahl, mit Adapter. Passend zu Modellen PRO-960 \/ PRO-960 inox \/ PRO-960 light und Profi Hockerkocher TW-960 \/ TW-960 inox. <\/strong>Mit Hilfe des zum Set geh\u00f6renden Adapters ist es m\u00f6glich, einen Paella Pfannen Grill als Wok-Set zu verwenden &#8211; die flache Paella Pfanne wird zu eine Wok-Pfanne umgewandelt.<\/p>\n<p>Der Adapter erh\u00f6ht zus\u00e4tzlich den Windschutz. Eignet sich haupts\u00e4chlich f\u00fcr die Zubereitung von Wok Gerichten und Pommes Frites. Durch ihre Gr\u00f6\u00dfe erm\u00f6glicht viele Portionen schnell zu zubereiten. Montage des Adapters einfach und schnell.<\/p>\n","protected":false},"featured_media":15874,"comment_status":"open","ping_status":"closed","template":"","meta":{"footnotes":""},"class_list":["post-4461","product","type-product","status-publish","has-post-thumbnail","hentry","product_cat-paella-und-wok-pfannen"],"_links":{"self":[{"href":"https:\/\/www.grillsymbol.com\/de\/wp-json\/wp\/v2\/product\/4461","targetHints":{"allow":["GET"]}}],"collection":[{"href":"https:\/\/www.grillsymbol.com\/de\/wp-json\/wp\/v2\/product"}],"about":[{"href":"https:\/\/www.grillsymbol.com\/de\/wp-json\/wp\/v2\/types\/product"}],"replies":[{"embeddable":true,"href":"https:\/\/www.grillsymbol.com\/de\/wp-json\/wp\/v2\/comments?post=4461"}],"version-history":[{"count":0,"href":"https:\/\/www.grillsymbol.com\/de\/wp-json\/wp\/v2\/product\/4461\/revisions"}],"wp:featuredmedia":[{"embeddable":true,"href":"https:\/\/www.grillsymbol.com\/de\/wp-json\/wp\/v2\/media\/15874"}],"wp:attachment":[{"href":"https:\/\/www.grillsymbol.com\/de\/wp-json\/wp\/v2\/media?parent=4461"}],"curies":[{"name":"wp","href":"https:\/\/api.w.org\/{rel}","templated":true}]}}