{"id":4485,"date":"2017-04-11T07:05:20","date_gmt":"2017-04-11T07:05:53","guid":{"rendered":"https:\/\/www.grillsymbol.com\/shop\/uncategorized\/riesenpfanne-gs-960-light\/"},"modified":"2026-01-09T01:38:19","modified_gmt":"2026-01-09T01:38:19","slug":"grillsymbol-paella-pfanne-grill-pro-960-light","status":"publish","type":"product","link":"https:\/\/www.grillsymbol.com\/de\/shop\/paella-pfanne-grills\/grillsymbol-paella-pfanne-grill-pro-960-light\/","title":{"rendered":"GrillSymbol Paella Pfanne Grill PRO-960 light"},"content":{"rendered":"<p>&nbsp;<\/p>\n<ul type=\"\\&quot;&quot;&quot;disc&quot;&quot;\\&quot;\">\n<li>Material Pfanne: 3 mm Stahl<\/li>\n<li>Durchmesser: 96 cm<\/li>\n<li>Bodendurchmesser:\u00a085 cm<\/li>\n<li>Kapazit\u00e4t: 50-80 Portionen<\/li>\n<li>H\u00f6he: 85 cm<\/li>\n<li>H\u00f6he der Pfannenseite: 5 cm<\/li>\n<li>Gewicht: Pfanne 19 kg, insgesamt 42 kg (von Gewicht leicht, einfach zu transportieren)<\/li>\n<li>Brenner: 21 kW, Durchmesser\u00a0600 mm<\/li>\n<li>Gasverbrauch bei der Vollleistung 1,5 kg\/h, in \u00fcblichen Bedingungen 0,5-1 kg\/h<\/li>\n<li>Achtung! Die passende D\u00fcse wird in dem Betrieb komplektiert und entspricht die Voraussetzungen im Zielland der Bestellung.<\/li>\n<li>Alle drei Ringe der Brenner k\u00f6nnen getrennt reguliert werden<\/li>\n<li>Dreifach Windschutz<\/li>\n<li>Der Brenner hat einen batteriegetriebenen Elektroz\u00fcnder<\/li>\n<li>Beine sind abnehmbar und werden mit Bolzen (Schmetterling) befestigt<\/li>\n<li>Gas Regler und Schlauch sind nicht im Set enthalten!<\/li>\n<li>Das Produkt entspricht den Anforderungen der Richtlinie 2009\/142\/EC<\/li>\n<li>CE 1336-10<\/li>\n<\/ul>\n","protected":false},"excerpt":{"rendered":"<p>Eine\u00a0<strong>Stahlpfanne\u00a0<\/strong>mit hohem Rand und sehr guten Brateigenschaften. Durch ihre Gr\u00f6\u00dfe erm\u00f6glicht viele Portionen schnell zu zubereiten. Das \u201cLight\u201d-Model ist aus 3 mm dicken Stahl hergestellt, es ist leicht zu transportieren und aufzustellen \u2013 die Pfanne mit fast 1 m Durchmesser wiegt nur 19 kg! (eine Leichtpfanne)<\/p>\n<p>PRO-960 light erm\u00f6glicht Zubereitung allerlei Gerichte sowohl aus vorgebackenem als auch frischen Rohstoff. Sie k\u00f6nnen gleichzeitig 50-80 Portionen zubereiten, dies h\u00e4ngt von dem Gericht ab. Der 5 cm hoher Rand l\u00e4sst auch Essen schmoren und d\u00e4mpfen (unter dem Deckel), was ein gro\u00dfer Vorteil im Vergleich zu Pfannen mit niedrigem Rand ist. Verwenden Sie nur Ihre Fantasie und bereiten Sie sich ein leckeres Gericht zu!<\/p>\n","protected":false},"featured_media":16472,"comment_status":"open","ping_status":"closed","template":"","meta":{"footnotes":""},"class_list":["post-4485","product","type-product","status-publish","has-post-thumbnail","hentry","product_cat-paella-pfanne-grills"],"_links":{"self":[{"href":"https:\/\/www.grillsymbol.com\/de\/wp-json\/wp\/v2\/product\/4485","targetHints":{"allow":["GET"]}}],"collection":[{"href":"https:\/\/www.grillsymbol.com\/de\/wp-json\/wp\/v2\/product"}],"about":[{"href":"https:\/\/www.grillsymbol.com\/de\/wp-json\/wp\/v2\/types\/product"}],"replies":[{"embeddable":true,"href":"https:\/\/www.grillsymbol.com\/de\/wp-json\/wp\/v2\/comments?post=4485"}],"version-history":[{"count":0,"href":"https:\/\/www.grillsymbol.com\/de\/wp-json\/wp\/v2\/product\/4485\/revisions"}],"wp:featuredmedia":[{"embeddable":true,"href":"https:\/\/www.grillsymbol.com\/de\/wp-json\/wp\/v2\/media\/16472"}],"wp:attachment":[{"href":"https:\/\/www.grillsymbol.com\/de\/wp-json\/wp\/v2\/media?parent=4485"}],"curies":[{"name":"wp","href":"https:\/\/api.w.org\/{rel}","templated":true}]}}