{"id":4494,"date":"2017-04-11T07:06:03","date_gmt":"2017-04-11T07:06:13","guid":{"rendered":"https:\/\/www.grillsymbol.com\/shop\/uncategorized\/riesenpfanne-fp-960-light\/"},"modified":"2022-02-11T14:46:03","modified_gmt":"2022-02-11T14:46:03","slug":"grillsymbol-paella-pfanne-fp-960-light-%e2%88%85-96-cm","status":"publish","type":"product","link":"https:\/\/www.grillsymbol.com\/de\/shop\/paella-und-wok-pfannen\/grillsymbol-paella-pfanne-fp-960-light-%e2%88%85-96-cm\/","title":{"rendered":"GrillSymbol Paella Pfanne FP-960 light, \u2205 96 cm"},"content":{"rendered":"<p>&nbsp;<\/p>\n<ul type=\"\\&quot;&quot;disc&quot;\\&quot;\">\n<li>Material: 3 mm Stahl<\/li>\n<li>Durchmesser:\u00a096 cm<\/li>\n<li>Bodendurchmesser:\u00a085 cm<\/li>\n<li>H\u00f6he der Pfannenseite: 5 cm<\/li>\n<li>Dicke des Bodens: 3 mm<\/li>\n<li>Kapazit\u00e4t: 50-80 Portionen<\/li>\n<li>Gewicht: 19 kg<\/li>\n<\/ul>\n","protected":false},"excerpt":{"rendered":"<p><strong>Paella Pfanne aus Stahl &#8211; <b>leichtes Gewicht, einfach zu transportieren<\/b><\/strong><\/p>\n<p>FP-960 light erm\u00f6glicht Zubereitung allerlei Gerichte sowohl aus vorgebackenem als auch frischen Rohstoff. Sie k\u00f6nnen gleichzeitig 50-80 Portionen zubereiten, dies h\u00e4ngt von dem Gericht ab. Der 5 cm hoher Rand l\u00e4sst auch Essen schmoren und d\u00e4mpfen (unter dem Deckel), was ein gro\u00dfer Vorteil im Vergleich zu Pfannen mit niedrigem Rand ist. Einfach zu pflegen und reinigen. Verwenden Sie nur Ihre Fantasie und bereiten Sie sich ein leckeres Gericht zu! Eignet sich auch f\u00fcr die Benutzung auf offenem Feuer und auf einem Gasbrenner.<\/p>\n","protected":false},"featured_media":16585,"comment_status":"open","ping_status":"closed","template":"","meta":{"footnotes":""},"class_list":["post-4494","product","type-product","status-publish","has-post-thumbnail","hentry","product_cat-paella-und-wok-pfannen"],"_links":{"self":[{"href":"https:\/\/www.grillsymbol.com\/de\/wp-json\/wp\/v2\/product\/4494","targetHints":{"allow":["GET"]}}],"collection":[{"href":"https:\/\/www.grillsymbol.com\/de\/wp-json\/wp\/v2\/product"}],"about":[{"href":"https:\/\/www.grillsymbol.com\/de\/wp-json\/wp\/v2\/types\/product"}],"replies":[{"embeddable":true,"href":"https:\/\/www.grillsymbol.com\/de\/wp-json\/wp\/v2\/comments?post=4494"}],"version-history":[{"count":0,"href":"https:\/\/www.grillsymbol.com\/de\/wp-json\/wp\/v2\/product\/4494\/revisions"}],"wp:featuredmedia":[{"embeddable":true,"href":"https:\/\/www.grillsymbol.com\/de\/wp-json\/wp\/v2\/media\/16585"}],"wp:attachment":[{"href":"https:\/\/www.grillsymbol.com\/de\/wp-json\/wp\/v2\/media?parent=4494"}],"curies":[{"name":"wp","href":"https:\/\/api.w.org\/{rel}","templated":true}]}}