{"id":4647,"date":"2017-05-07T11:51:14","date_gmt":"2017-05-07T11:51:14","guid":{"rendered":"https:\/\/www.grillsymbol.com\/shop\/uncategorized\/frying-pan-set-basic-580-2\/"},"modified":"2026-01-08T00:02:20","modified_gmt":"2026-01-08T00:02:20","slug":"grillsymbol-paella-pfanne-grill-basic-580","status":"publish","type":"product","link":"https:\/\/www.grillsymbol.com\/de\/shop\/paella-pfanne-grills\/grillsymbol-paella-pfanne-grill-basic-580\/","title":{"rendered":"GrillSymbol Paella Pfanne Grill Basic-580"},"content":{"rendered":"<p>&nbsp;<\/p>\n<ul>\n<li>Material Pfanne: 3 mm Stahl<\/li>\n<li>Durchmesser: 58 cm<\/li>\n<li>Bodendurchmesser: 48 cm<\/li>\n<li>Kapazit\u00e4t: ca 14 Portionen<\/li>\n<li>H\u00f6he: 85 cm<\/li>\n<li>H\u00f6he der Pfannenseite: 5 cm<\/li>\n<li>Gewicht: Pfanne 9 kg, insgesamt 15 kg<\/li>\n<li>Brenner: 11,4 kW, Durchmesser 40 cm<\/li>\n<li>Gasverbrauch bei der Vollleistung 1 kg\/h, in \u00fcblichen Bedingungen 0,3-0,6 kg\/h<\/li>\n<li>Achtung! Die passende D\u00fcse wird in dem Betrieb komplektiert und entspricht die Voraussetzungen im Zielland der Bestellung.<\/li>\n<li>Die zwei Ringe der Brenner k\u00f6nnen getrennt reguliert werden<\/li>\n<li>Gas Regler und Schlauch sind nicht im Set enthalten!<\/li>\n<\/ul>\n<p>&nbsp;<\/p>\n<p><strong>Achtung!<\/strong> Der Deckel ist nicht in dem Set enthalten!<\/p>\n","protected":false},"excerpt":{"rendered":"<p>Eine\u00a0<strong>Stahlpfanne\u00a0<\/strong>mit hohem Rand und sehr guten Brateigenschaften, die sich ideal zu Zubereitung von Fleisch-, Fisch-, Gem\u00fcse- und allerlei Reisgerichte eignet. Durch ihre Gr\u00f6\u00dfe erm\u00f6glicht viele Portionen schnell zu zubereiten.<\/p>\n<p>Basic-580 erm\u00f6glicht Zubereitung allerlei Gerichte sowohl aus vorgebackenem als auch frischen Rohstoff. Sie k\u00f6nnen gleichzeitig 12-20 Portionen zubereiten, dies h\u00e4ngt von dem Gericht ab. Der 5 cm hoher Rand l\u00e4sst auch Essen schmoren und d\u00e4mpfen (unter dem Deckel), was ein gro\u00dfer Vorteil im Vergleich zu Pfannen mit niedrigem Rand ist. Verwenden Sie nur Ihre Fantasie und bereiten Sie sich ein leckeres Gericht zu!<\/p>\n","protected":false},"featured_media":24715,"comment_status":"open","ping_status":"closed","template":"","meta":{"footnotes":""},"class_list":["post-4647","product","type-product","status-publish","has-post-thumbnail","hentry","product_cat-paella-pfanne-grills"],"_links":{"self":[{"href":"https:\/\/www.grillsymbol.com\/de\/wp-json\/wp\/v2\/product\/4647","targetHints":{"allow":["GET"]}}],"collection":[{"href":"https:\/\/www.grillsymbol.com\/de\/wp-json\/wp\/v2\/product"}],"about":[{"href":"https:\/\/www.grillsymbol.com\/de\/wp-json\/wp\/v2\/types\/product"}],"replies":[{"embeddable":true,"href":"https:\/\/www.grillsymbol.com\/de\/wp-json\/wp\/v2\/comments?post=4647"}],"version-history":[{"count":0,"href":"https:\/\/www.grillsymbol.com\/de\/wp-json\/wp\/v2\/product\/4647\/revisions"}],"wp:featuredmedia":[{"embeddable":true,"href":"https:\/\/www.grillsymbol.com\/de\/wp-json\/wp\/v2\/media\/24715"}],"wp:attachment":[{"href":"https:\/\/www.grillsymbol.com\/de\/wp-json\/wp\/v2\/media?parent=4647"}],"curies":[{"name":"wp","href":"https:\/\/api.w.org\/{rel}","templated":true}]}}