{"id":4659,"date":"2017-04-11T07:13:26","date_gmt":"2017-04-11T07:13:40","guid":{"rendered":"https:\/\/www.grillsymbol.com\/shop\/uncategorized\/wok-solution-545-2\/"},"modified":"2022-02-21T17:28:49","modified_gmt":"2022-02-21T17:28:49","slug":"grillsymbol-wok-pfanne-545-mit-adapter","status":"publish","type":"product","link":"https:\/\/www.grillsymbol.com\/de\/shop\/paella-und-wok-pfannen\/grillsymbol-wok-pfanne-545-mit-adapter\/","title":{"rendered":"GrillSymbol Wok-Pfanne 545 mit Adapter"},"content":{"rendered":"<ul type=\"\\&quot;&quot;disc&quot;\\&quot;\">\n<li>Material: 3 mm Stahl<\/li>\n<li>Durchmesser: 54 cm<\/li>\n<li>Tiefe: 11 cm<\/li>\n<li>Gewicht: 12 kg<\/li>\n<li>Kapazit\u00e4t: ca 20 Portionen<\/li>\n<li>Adapter im Set enthalten<\/li>\n<\/ul>\n","protected":false},"excerpt":{"rendered":"<p><strong>Wok-Pfanne aus Stahl, mit Adapter. Passend zu Modellen PRO-580 \/ PRO-580 inox und Profi Hockerkocher TW-580 \/ TW-580 inox. <\/strong>Mit Hilfe des zum Set geh\u00f6renden Adapters ist es m\u00f6glich, einen Paella Pfannen Grill als Wok-Set zu verwenden \u2013 die flache Paella Pfanne wird zu eine Wok-Pfanne umgewandelt.<\/p>\n<p>Der Adapter erh\u00f6ht zus\u00e4tzlich den Windschutz. Eignet sich haupts\u00e4chlich f\u00fcr die Zubereitung von Wok Gerichten und Pommes Frites. Durch ihre Gr\u00f6\u00dfe erm\u00f6glicht viele Portionen schnell zu zubereiten. Montage des Adapters einfach und schnell.<\/p>\n","protected":false},"featured_media":14032,"comment_status":"open","ping_status":"closed","template":"","meta":{"footnotes":""},"class_list":["post-4659","product","type-product","status-publish","has-post-thumbnail","hentry","product_cat-paella-und-wok-pfannen"],"_links":{"self":[{"href":"https:\/\/www.grillsymbol.com\/de\/wp-json\/wp\/v2\/product\/4659","targetHints":{"allow":["GET"]}}],"collection":[{"href":"https:\/\/www.grillsymbol.com\/de\/wp-json\/wp\/v2\/product"}],"about":[{"href":"https:\/\/www.grillsymbol.com\/de\/wp-json\/wp\/v2\/types\/product"}],"replies":[{"embeddable":true,"href":"https:\/\/www.grillsymbol.com\/de\/wp-json\/wp\/v2\/comments?post=4659"}],"version-history":[{"count":0,"href":"https:\/\/www.grillsymbol.com\/de\/wp-json\/wp\/v2\/product\/4659\/revisions"}],"wp:featuredmedia":[{"embeddable":true,"href":"https:\/\/www.grillsymbol.com\/de\/wp-json\/wp\/v2\/media\/14032"}],"wp:attachment":[{"href":"https:\/\/www.grillsymbol.com\/de\/wp-json\/wp\/v2\/media?parent=4659"}],"curies":[{"name":"wp","href":"https:\/\/api.w.org\/{rel}","templated":true}]}}