{"id":6005,"date":"2017-07-05T10:03:21","date_gmt":"2017-07-05T13:23:11","guid":{"rendered":"https:\/\/www.grillsymbol.com\/shop\/uncategorized\/alder-chips-15-kg-bag-2\/"},"modified":"2022-02-11T08:04:15","modified_gmt":"2022-02-11T08:04:15","slug":"erle-chips-15-kg-beutel","status":"publish","type":"product","link":"https:\/\/www.grillsymbol.com\/de\/shop\/paella-zubehor\/erle-chips-15-kg-beutel\/","title":{"rendered":"Grillsymbol R\u00e4ucherchips 15 kg Beutel"},"content":{"rendered":"<p>&nbsp;<\/p>\n<ul>\n<li>6-12 mm<\/li>\n<li>Beutel 15 kg<\/li>\n<\/ul>\n","protected":false},"excerpt":{"rendered":"<p><strong>R\u00e4ucherchips aus entrindeter und getrockneter Erle. Erle ist das beliebteste Holz in den nordischen L\u00e4ndern zum R\u00e4uchern von Fleisch und Fisch.<\/strong><\/p>\n","protected":false},"featured_media":5990,"comment_status":"open","ping_status":"closed","template":"","meta":{"footnotes":""},"class_list":["post-6005","product","type-product","status-publish","has-post-thumbnail","hentry","product_cat-paella-zubehor"],"_links":{"self":[{"href":"https:\/\/www.grillsymbol.com\/de\/wp-json\/wp\/v2\/product\/6005","targetHints":{"allow":["GET"]}}],"collection":[{"href":"https:\/\/www.grillsymbol.com\/de\/wp-json\/wp\/v2\/product"}],"about":[{"href":"https:\/\/www.grillsymbol.com\/de\/wp-json\/wp\/v2\/types\/product"}],"replies":[{"embeddable":true,"href":"https:\/\/www.grillsymbol.com\/de\/wp-json\/wp\/v2\/comments?post=6005"}],"version-history":[{"count":0,"href":"https:\/\/www.grillsymbol.com\/de\/wp-json\/wp\/v2\/product\/6005\/revisions"}],"wp:featuredmedia":[{"embeddable":true,"href":"https:\/\/www.grillsymbol.com\/de\/wp-json\/wp\/v2\/media\/5990"}],"wp:attachment":[{"href":"https:\/\/www.grillsymbol.com\/de\/wp-json\/wp\/v2\/media?parent=6005"}],"curies":[{"name":"wp","href":"https:\/\/api.w.org\/{rel}","templated":true}]}}