{"id":6106,"date":"2017-08-24T06:23:42","date_gmt":"2017-08-29T07:44:35","guid":{"rendered":"https:\/\/www.grillsymbol.com\/shop\/uncategorized\/grillsymbol-chiaro-outdoor-wood-burning-fireplace-2\/"},"modified":"2026-04-14T09:26:29","modified_gmt":"2026-04-14T09:26:29","slug":"grillsymbol-feuerschale-chiaro-xl-%e2%88%85-91-cm","status":"publish","type":"product","link":"https:\/\/www.grillsymbol.com\/de\/shop\/feuerschalen\/grillsymbol-feuerschale-chiaro-xl-%e2%88%85-91-cm\/","title":{"rendered":"GrillSymbol Feuerschale Chiaro XL \u2205 91 cm"},"content":{"rendered":"<p>&nbsp;<\/p>\n<ul>\n<li>Material: Schale aus 4 mm Cortenstahl, Bein aus 2\u20134 mm Cortenstahl.<\/li>\n<li>Durchmesser: 91 cm<\/li>\n<li>Tiefe: 10 cm<\/li>\n<li>H\u00f6he vom Boden: 20 cm (oberer Rand)<\/li>\n<li>Gewicht: 27 kg<\/li>\n<\/ul>\n<p>&nbsp;<\/p>\n<p>Das Produkt darf nur auf festen, nicht brennbaren Untergrund installiert werden, da die Feuerschale w\u00e4hrend des Erhitzens sehr hei\u00df wird. Im Boden der Feuerschale befinden sich L\u00f6cher, aus denen kleine Kohlenst\u00fccke herausfallen k\u00f6nnen. \u00dcbersch\u00fcssiges Wasser kann aus den L\u00f6chern abflie\u00dfen, so wird vermieden, dass stehendes Wasser in der Feuerschale sich ansammelt.<\/p>\n<p><strong>Achtung:<\/strong> CorTen-Stahl Feuerschalen werden unbehandelt geliefert und sind grau. Die Kochsalzl\u00f6sung kann den Alterungsprozess beschleunigen.<\/p>\n<p><a href=\"https:\/\/www.grillsymbol.com\/de\/ueber-die-materialien-und-bodenformen-der-pfannen\/corten-alterungsprozess\/\">Genauere Infos finden Sie hier.<\/a><\/p>\n<p>&nbsp;<\/p>\n","protected":false},"excerpt":{"rendered":"<p>Das Schl\u00fcsselwort dieser Feuerstelle ist Klarheit. Praktisch, schlichte klare Linien in Kombination mit anhaltendem Material, das extra f\u00fcr Aussenbedingungen entwickelt ist.<\/p>\n<p>Das Wort \u201cChiaro\u201d bedeutet \u201cklar\u201d oder \u201cLicht\u201d. Lass das Licht in deinen Garten und dunkle Abende verwandeln sich zu gem\u00fctlichen Zusammentreffen!<\/p>\n<p><strong>Design: Petteri Wiimaa<\/strong><\/p>\n<p>Hergestellt aus Cortenstahl, der fast reiner Kohlenstoffstahl ist, dabei aber wetterfest bearbeitet, so dass ein Schutzschicht gegen Wettereinfl\u00fcsse entsteht. Die Oberfl\u00e4che ist anfangs grau, wird aber durch Wettereinfl\u00fcsse r\u00f6tlichbraun (Farbe ist \u00e4hnlich dem Rost), mit der Zeit wird die Farbe etwas dunkler. Bei bestimmungsgem\u00e4\u00dfer Verwendung ist Cor-Ten Stahl ausdrucksstark, pflegefrei und bleibt auf eizigartige Weise lang in gutem Zustand.<\/p>\n","protected":false},"featured_media":7313,"comment_status":"open","ping_status":"closed","template":"","meta":{"footnotes":""},"class_list":["post-6106","product","type-product","status-publish","has-post-thumbnail","hentry","product_cat-feuerschalen"],"_links":{"self":[{"href":"https:\/\/www.grillsymbol.com\/de\/wp-json\/wp\/v2\/product\/6106","targetHints":{"allow":["GET"]}}],"collection":[{"href":"https:\/\/www.grillsymbol.com\/de\/wp-json\/wp\/v2\/product"}],"about":[{"href":"https:\/\/www.grillsymbol.com\/de\/wp-json\/wp\/v2\/types\/product"}],"replies":[{"embeddable":true,"href":"https:\/\/www.grillsymbol.com\/de\/wp-json\/wp\/v2\/comments?post=6106"}],"version-history":[{"count":0,"href":"https:\/\/www.grillsymbol.com\/de\/wp-json\/wp\/v2\/product\/6106\/revisions"}],"wp:featuredmedia":[{"embeddable":true,"href":"https:\/\/www.grillsymbol.com\/de\/wp-json\/wp\/v2\/media\/7313"}],"wp:attachment":[{"href":"https:\/\/www.grillsymbol.com\/de\/wp-json\/wp\/v2\/media?parent=6106"}],"curies":[{"name":"wp","href":"https:\/\/api.w.org\/{rel}","templated":true}]}}