{"id":6232,"date":"2017-12-07T11:20:32","date_gmt":"2017-12-19T07:43:56","guid":{"rendered":"https:\/\/www.grillsymbol.com\/shop\/uncategorized\/grillsymbol-fogo-outdoor-wood-burning-fireplace-2\/"},"modified":"2026-04-28T17:33:07","modified_gmt":"2026-04-28T17:33:07","slug":"grillsymbol-feuerschale-fogo","status":"publish","type":"product","link":"https:\/\/www.grillsymbol.com\/de\/shop\/feuerschalen\/grillsymbol-feuerschale-fogo\/","title":{"rendered":"GrillSymbol Feuerschale Fogo SONDERANGEBOT: Zubeh\u00f6r im Wert von 473\u20ac inklusive"},"content":{"rendered":"<ul>\n<li>Material der Au\u00dfenpanele: 3 mm Cortenstahl<\/li>\n<li>Durchmesser 120 x 120 cm<\/li>\n<li>H\u00f6he 47 cm<\/li>\n<li>Gesamtgewicht des Sets: ca 200 kg (zur Lieferung auf Europalette verpackt)<\/li>\n<li>In der Mitte Korb f\u00fcr Holz\/ Asche, den man herausnehmen und putzen kann<\/li>\n<li>Im Set auch Granitkies, die zwischen 2 Ringen gestreut wird<\/li>\n<li>Feuerstelle st\u00fctzt sich mit 4 Beinen auf die Erde.<\/li>\n<li>Dank ihrer Gr\u00f6sse eignet sich auch in den \u00f6ffentlichen Raum: Bierg\u00e4rten der Restaurants, Golfzentren, Lagerfeuerpl\u00e4tze der Gemeinden, Dorfpl\u00e4tze usw.<\/li>\n<\/ul>\n<p>&nbsp;<\/p>\n<p>Das Produkt darf nur auf festen, nicht brennbaren Untergrund installiert werden, da die Feuerschale w\u00e4hrend des Erhitzens sehr hei\u00df wird. Im Boden der Feuerschale befinden sich L\u00f6cher, aus denen kleine Kohlenst\u00fccke herausfallen k\u00f6nnen. \u00dcbersch\u00fcssiges Wasser kann aus den L\u00f6chern abflie\u00dfen, so wird vermieden, dass stehendes Wasser in der Feuerschale sich ansammelt.<\/p>\n<p><strong>Achtung:<\/strong> CorTen-Stahl Feuerschalen werden unbehandelt geliefert und sind grau. Die Kochsalzl\u00f6sung kann den Alterungsprozess beschleunigen. Genauere Infos finden Sie hier:<\/p>\n<p>&nbsp;<\/p>\n<blockquote class=\"wp-embedded-content\" data-secret=\"Osmil5Oa1Z\"><p><a href=\"https:\/\/www.grillsymbol.com\/de\/ueber-die-materialien-und-bodenformen-der-pfannen\/corten-alterungsprozess\/\">Corten Alterungsprozess<\/a><\/p><\/blockquote>\n<p><iframe loading=\"lazy\" class=\"wp-embedded-content\" sandbox=\"allow-scripts\" security=\"restricted\" style=\"position: absolute; visibility: hidden;\" title=\"&#8222;Corten Alterungsprozess&#8220; &#8211; GrillSymbol\" src=\"https:\/\/www.grillsymbol.com\/de\/ueber-die-materialien-und-bodenformen-der-pfannen\/corten-alterungsprozess\/embed\/#?secret=ZuOmoXiT8t#?secret=Osmil5Oa1Z\" data-secret=\"Osmil5Oa1Z\" width=\"600\" height=\"338\" frameborder=\"0\" marginwidth=\"0\" marginheight=\"0\" scrolling=\"no\"><\/iframe><\/p>\n","protected":false},"excerpt":{"rendered":"<p><strong>Als Geschenk erhalten Sie ein Grillset Arttu (59 EUR), Deckel aus Corten Stahl f\u00fcr Feuerschale Luna (155 EUR) und Sch\u00fcrhaken 60 cm (59 EUR) im Wert von 473 Euro!<\/strong><\/p>\n<p>Die gr\u00f6\u00dfte Feuerstelle in unserer Produktpalette.<\/p>\n<p><strong>Disain: Petteri Wiimaa<\/strong><\/p>\n<p>Hergestellt aus Cortenstahl, der fast reiner Kohlenstoffstahl ist, aber wetterfest bearbeitet, so dass ein Schutzschicht gegen Wettereinfl\u00fcsse entsteht. Die Oberfl\u00e4che ist anfangs grau, wird aber durch Wettereinfl\u00fcsse r\u00f6tlichbraun (Farbe ist \u00e4hnlich dem Rost), mit der Zeit wird die Farbe etwas dunkler. Bei bestimmungsgem\u00e4\u00dfer Verwendung ist Cor-Ten Stahl ausdrucksstark, pflegefrei und h\u00e4lt auf einzigartige Weise lang in gutem Zustand.<\/p>\n<p>Das Produkt ist sicher \u2013 \u00e4u\u00dferes Panel wird nicht hei\ua7b5, auch wenn man 3-4 Stunden Feuer macht.<\/p>\n","protected":false},"featured_media":12615,"comment_status":"open","ping_status":"closed","template":"","meta":{"footnotes":""},"class_list":["post-6232","product","type-product","status-publish","has-post-thumbnail","hentry","product_cat-feuerschalen"],"_links":{"self":[{"href":"https:\/\/www.grillsymbol.com\/de\/wp-json\/wp\/v2\/product\/6232","targetHints":{"allow":["GET"]}}],"collection":[{"href":"https:\/\/www.grillsymbol.com\/de\/wp-json\/wp\/v2\/product"}],"about":[{"href":"https:\/\/www.grillsymbol.com\/de\/wp-json\/wp\/v2\/types\/product"}],"replies":[{"embeddable":true,"href":"https:\/\/www.grillsymbol.com\/de\/wp-json\/wp\/v2\/comments?post=6232"}],"version-history":[{"count":1,"href":"https:\/\/www.grillsymbol.com\/de\/wp-json\/wp\/v2\/product\/6232\/revisions"}],"predecessor-version":[{"id":35773,"href":"https:\/\/www.grillsymbol.com\/de\/wp-json\/wp\/v2\/product\/6232\/revisions\/35773"}],"wp:featuredmedia":[{"embeddable":true,"href":"https:\/\/www.grillsymbol.com\/de\/wp-json\/wp\/v2\/media\/12615"}],"wp:attachment":[{"href":"https:\/\/www.grillsymbol.com\/de\/wp-json\/wp\/v2\/media?parent=6232"}],"curies":[{"name":"wp","href":"https:\/\/api.w.org\/{rel}","templated":true}]}}