{"id":6234,"date":"2017-12-18T12:22:19","date_gmt":"2017-12-19T07:43:59","guid":{"rendered":"https:\/\/www.grillsymbol.com\/shop\/uncategorized\/grillsymbol-sampo-outdoor-wood-burning-fireplace-2\/"},"modified":"2026-04-28T18:29:44","modified_gmt":"2026-04-28T18:29:44","slug":"grillsymbol-feuerschale-legend-xl-%e2%88%85-116-cm","status":"publish","type":"product","link":"https:\/\/www.grillsymbol.com\/de\/shop\/feuerschalen\/grillsymbol-feuerschale-legend-xl-%e2%88%85-116-cm\/","title":{"rendered":"GrillSymbol Feuerschale Legend-XL \u2205 116 cm"},"content":{"rendered":"<p>Das dargestellte Symbol stammt aus Keltischer Mythologie und heisst Triskelion. In Keltischer Mythologie symbolisiert dieses Zeichen die 3 Hauptelemente der Erde, aber ausser dieser Bedeutung hat dieses Symbol noch viele andere Bedeutungen.<\/p>\n<p>&nbsp;<\/p>\n<ul>\n<li>Material der Au\u00dfenpanele: 3 mm Cor-Ten Stahl<\/li>\n<li>Durchmesser: 116 cm<\/li>\n<li>H\u00f6he: 40 cm<\/li>\n<li>Gesamtgewicht des Sets: ca 55 kg (zur Lieferung auf Europalette verpackt)<\/li>\n<li>In der Mitte Korb f\u00fcr Holz \/ Asche, den man herausnehmen und putzen kann (durchmesser 60 cm, aus 1,5 mm Stahl)<\/li>\n<li>Feuerstelle st\u00fctzt sich mit 3 Beinen auf die Erde<\/li>\n<li>Dank ihrer Gr\u00f6\u00dfe eignet sich auch in den \u00f6ffentlichen Raum: Bierg\u00e4rten der Restaurants, Golfzentren, Lagerfeuerpl\u00e4tze der Gemeinden, Dorfpl\u00e4tze usw.<\/li>\n<\/ul>\n<p>&nbsp;<\/p>\n<p>Das Produkt darf nur auf festen, nicht brennbaren Untergrund installiert werden, da die Feuerschale w\u00e4hrend des Erhitzens sehr hei\u00df wird. Im Boden der Feuerschale befinden sich L\u00f6cher, aus denen kleine Kohlenst\u00fccke herausfallen k\u00f6nnen. \u00dcbersch\u00fcssiges Wasser kann aus den L\u00f6chern abflie\u00dfen, so wird vermieden, dass stehendes Wasser in der Feuerschale sich ansammelt.<\/p>\n<p><strong>Achtung:<\/strong> CorTen-Stahl Feuerschalen werden unbehandelt geliefert und sind grau. Die Kochsalzl\u00f6sung kann den Alterungsprozess beschleunigen.<\/p>\n<p><a href=\"https:\/\/www.grillsymbol.com\/de\/ueber-die-materialien-und-bodenformen-der-pfannen\/corten-alterungsprozess\/\">Genauere Infos finden Sie hier.<\/a><\/p>\n<p>&nbsp;<\/p>\n","protected":false},"excerpt":{"rendered":"<p>Die gr\u00f6\u00dfte Feuerstelle in unserer Produktpalette.<\/p>\n<p><strong>Disain: Petteri Wiimaa<\/strong><\/p>\n<p>Hergestellt aus Cor-Ten Stahl, der fast reiner Kohlenstoffstahl ist, aber wetterfest bearbeitet, so dass ein Schutzschicht gegen Wettereinfl\u00fcsse entsteht. Die Oberfl\u00e4che ist anfangs grau, wird aber durch Wettereinfl\u00fcsse r\u00f6tlichbraun (Farbe ist \u00e4hnlich dem Rost), mit der Zeit wird die Farbe etwas dunkler. Bei bestimmungsgem\u00e4\u00dfer Verwendung ist Cor-Ten Stahl ausdrucksstark, pflegefrei und h\u00e4lt auf einzigartige Weise lang in gutem Zustand.<\/p>\n","protected":false},"featured_media":7627,"comment_status":"open","ping_status":"closed","template":"","meta":{"footnotes":""},"class_list":["post-6234","product","type-product","status-publish","has-post-thumbnail","hentry","product_cat-feuerschalen"],"_links":{"self":[{"href":"https:\/\/www.grillsymbol.com\/de\/wp-json\/wp\/v2\/product\/6234","targetHints":{"allow":["GET"]}}],"collection":[{"href":"https:\/\/www.grillsymbol.com\/de\/wp-json\/wp\/v2\/product"}],"about":[{"href":"https:\/\/www.grillsymbol.com\/de\/wp-json\/wp\/v2\/types\/product"}],"replies":[{"embeddable":true,"href":"https:\/\/www.grillsymbol.com\/de\/wp-json\/wp\/v2\/comments?post=6234"}],"version-history":[{"count":1,"href":"https:\/\/www.grillsymbol.com\/de\/wp-json\/wp\/v2\/product\/6234\/revisions"}],"predecessor-version":[{"id":35826,"href":"https:\/\/www.grillsymbol.com\/de\/wp-json\/wp\/v2\/product\/6234\/revisions\/35826"}],"wp:featuredmedia":[{"embeddable":true,"href":"https:\/\/www.grillsymbol.com\/de\/wp-json\/wp\/v2\/media\/7627"}],"wp:attachment":[{"href":"https:\/\/www.grillsymbol.com\/de\/wp-json\/wp\/v2\/media?parent=6234"}],"curies":[{"name":"wp","href":"https:\/\/api.w.org\/{rel}","templated":true}]}}