{"id":6335,"date":"2018-07-03T04:35:53","date_gmt":"2018-07-03T04:35:53","guid":{"rendered":"https:\/\/www.grillsymbol.com\/shop\/uncategorized\/outdoor-wood-burning-fire-pit\/"},"modified":"2026-03-31T14:16:37","modified_gmt":"2026-03-31T14:16:37","slug":"grillsymbol-feuerschale-piazza","status":"publish","type":"product","link":"https:\/\/www.grillsymbol.com\/de\/shop\/feuerschalen\/grillsymbol-feuerschale-piazza\/","title":{"rendered":"GrillSymbol Feuerschale Piazza"},"content":{"rendered":"<ul>\n<li>Material: 3 mm Cor-Ten Stahl<\/li>\n<li>Durchmesser 50 x 50 x 21 cm<\/li>\n<li>H\u00f6he 30 cm<\/li>\n<li>Gesamtgewicht des Sets: 20 kg<\/li>\n<\/ul>\n<p>&nbsp;<\/p>\n<p>Das Produkt darf nur auf festen, nicht brennbaren Untergrund installiert werden, da die Feuerschale w\u00e4hrend des Erhitzens sehr hei\u00df wird. Im Boden der Feuerschale befinden sich L\u00f6cher, aus denen kleine Kohlenst\u00fccke herausfallen k\u00f6nnen. \u00dcbersch\u00fcssiges Wasser kann aus den L\u00f6chern abflie\u00dfen, so wird vermieden, dass stehendes Wasser in der Feuerschale sich ansammelt.<\/p>\n<p><strong>Achtung:<\/strong> CorTen-Stahl Feuerschalen werden unbehandelt geliefert und sind grau. Die Kochsalzl\u00f6sung kann den Alterungsprozess beschleunigen. Genauere Infos finden Sie hier:<\/p>\n<p>&nbsp;<\/p>\n<blockquote class=\"wp-embedded-content\" data-secret=\"ZRIqOid27t\"><p><a href=\"https:\/\/www.grillsymbol.com\/de\/ueber-die-materialien-und-bodenformen-der-pfannen\/corten-alterungsprozess\/\">Corten Alterungsprozess<\/a><\/p><\/blockquote>\n<p><iframe loading=\"lazy\" class=\"wp-embedded-content\" sandbox=\"allow-scripts\" security=\"restricted\" style=\"position: absolute; clip: rect(1px, 1px, 1px, 1px);\" title=\"&#8222;Corten Alterungsprozess&#8220; &#8212; GrillSymbol\" src=\"https:\/\/www.grillsymbol.com\/de\/ueber-die-materialien-und-bodenformen-der-pfannen\/corten-alterungsprozess\/embed\/#?secret=ZRIqOid27t\" data-secret=\"ZRIqOid27t\" width=\"600\" height=\"338\" frameborder=\"0\" marginwidth=\"0\" marginheight=\"0\" scrolling=\"no\"><\/iframe><\/p>\n","protected":false},"excerpt":{"rendered":"<p>Das Schl\u00fcsselwort f\u00fcr diese Feuerstelle ist Kompaktheit. Schlichte klare Linien, in Kombination mit anhaltendem Material, das extra f\u00fcr Au\ua7b5enbedingungen entwickelt ist.<\/p>\n<p>An der Feuerstelle ist das alte finnische mythologische Symbol \u201cHannunvaakuna\u201d dargestellt, das ein Symbol guter Laune ist.<\/p>\n<p><strong>Design: Petteri Wiimaa<\/strong><\/p>\n<p>Angefertigt aus Cortenstahl, der fast reiner Kohlenstoffstahl ist, dabei aber wetterfest bearbeitet ist, so dass ein Schutzschicht gegen Wettereinfl\u00fcsse entsteht. Die Oberfl\u00e4che ist anfangs grau, wird aber durch Wettereinfl\u00fcsse r\u00f6tlichbraun (Farbe ist \u00e4hnlich dem Rost), mit der Zeit wird die Farbe etwas dunkler. Bei bestimmungsgem\u00e4\ua7b5er Verwendung ist Cor-Ten Stahl ausdrucksstark, pflegefrei und bleibt auf einzigartige Weise lang in gutem Zustand.<\/p>\n<p>&nbsp;<\/p>\n","protected":false},"featured_media":7699,"comment_status":"open","ping_status":"closed","template":"","meta":{"footnotes":""},"class_list":["post-6335","product","type-product","status-publish","has-post-thumbnail","hentry","product_cat-feuerschalen"],"_links":{"self":[{"href":"https:\/\/www.grillsymbol.com\/de\/wp-json\/wp\/v2\/product\/6335","targetHints":{"allow":["GET"]}}],"collection":[{"href":"https:\/\/www.grillsymbol.com\/de\/wp-json\/wp\/v2\/product"}],"about":[{"href":"https:\/\/www.grillsymbol.com\/de\/wp-json\/wp\/v2\/types\/product"}],"replies":[{"embeddable":true,"href":"https:\/\/www.grillsymbol.com\/de\/wp-json\/wp\/v2\/comments?post=6335"}],"version-history":[{"count":0,"href":"https:\/\/www.grillsymbol.com\/de\/wp-json\/wp\/v2\/product\/6335\/revisions"}],"wp:featuredmedia":[{"embeddable":true,"href":"https:\/\/www.grillsymbol.com\/de\/wp-json\/wp\/v2\/media\/7699"}],"wp:attachment":[{"href":"https:\/\/www.grillsymbol.com\/de\/wp-json\/wp\/v2\/media?parent=6335"}],"curies":[{"name":"wp","href":"https:\/\/api.w.org\/{rel}","templated":true}]}}