{"id":6421,"date":"2018-08-13T07:15:06","date_gmt":"2018-08-13T07:15:06","guid":{"rendered":"https:\/\/www.grillsymbol.com\/shop\/uncategorized\/grillsymbol-gastronomic-chafer-xl\/"},"modified":"2022-02-15T14:18:42","modified_gmt":"2022-02-15T14:18:42","slug":"chafing-dish-mit-gasbrenner-xl","status":"publish","type":"product","link":"https:\/\/www.grillsymbol.com\/de\/shop\/grillausrustung\/chafing-dish-mit-gasbrenner-xl\/","title":{"rendered":"Chafing Dish mit Gasbrenner XL"},"content":{"rendered":"<ul>\n<li>Material: 2 mm Edelstahl (AISI 304)<\/li>\n<li>Ma\u00dfe: 170 x 55 x 850 m (L*B*H)<\/li>\n<li>Gewicht: 55 kg<\/li>\n<li>Brenner mit Thermostat: 7 kW<\/li>\n<li>Gasverbrauch: bei Vollleistung 0,7 kg\/h, in Normbedingungen 0,2-0,4 kg\/h<\/li>\n<li>Brenner hat einen Thermosensor, der den Gaszufluss schlie\u00dft, wenn das Feuer l\u00f6schen sollte<\/li>\n<li>Kapazit\u00e4t: 5 Stk. 1\/1 GN (sind nicht im Set enthalten!)<\/li>\n<li>Beine sind abnehmbar, werden mit Fl\u00fcgelbolzen befestigt<\/li>\n<li>Am Boden eine Wasserklappe, um das Wasser abzulassen<\/li>\n<li>Darf in Inner\u00e4umen verwendet werden<\/li>\n<\/ul>\n","protected":false},"excerpt":{"rendered":"<p><strong>Chafing Dish mit Gasbrenner aus Edelstahl.<\/strong> F\u00fcr Innen- und Au\u00dfenbedingungen. Kapazit\u00e4t abh\u00e4ngig von Tiefe der GN-Beh\u00e4lter und k\u00f6nnte bis hunderte Portionen sein.<\/p>\n","protected":false},"featured_media":6415,"comment_status":"open","ping_status":"closed","template":"","meta":{"footnotes":""},"class_list":["post-6421","product","type-product","status-publish","has-post-thumbnail","hentry","product_cat-grillausrustung"],"_links":{"self":[{"href":"https:\/\/www.grillsymbol.com\/de\/wp-json\/wp\/v2\/product\/6421","targetHints":{"allow":["GET"]}}],"collection":[{"href":"https:\/\/www.grillsymbol.com\/de\/wp-json\/wp\/v2\/product"}],"about":[{"href":"https:\/\/www.grillsymbol.com\/de\/wp-json\/wp\/v2\/types\/product"}],"replies":[{"embeddable":true,"href":"https:\/\/www.grillsymbol.com\/de\/wp-json\/wp\/v2\/comments?post=6421"}],"version-history":[{"count":0,"href":"https:\/\/www.grillsymbol.com\/de\/wp-json\/wp\/v2\/product\/6421\/revisions"}],"wp:featuredmedia":[{"embeddable":true,"href":"https:\/\/www.grillsymbol.com\/de\/wp-json\/wp\/v2\/media\/6415"}],"wp:attachment":[{"href":"https:\/\/www.grillsymbol.com\/de\/wp-json\/wp\/v2\/media?parent=6421"}],"curies":[{"name":"wp","href":"https:\/\/api.w.org\/{rel}","templated":true}]}}