{"id":6778,"date":"2019-04-17T09:54:15","date_gmt":"2019-04-17T10:12:30","guid":{"rendered":"https:\/\/www.grillsymbol.com\/shop\/uncategorized\/grillsymbol-paella-frying-pan-set-basic-720-2\/"},"modified":"2023-05-18T08:12:26","modified_gmt":"2023-05-18T08:12:26","slug":"grillsymbol-paella-pfanne-grill-basic-720","status":"publish","type":"product","link":"https:\/\/www.grillsymbol.com\/de\/shop\/paella-pfanne-grills\/grillsymbol-paella-pfanne-grill-basic-720\/","title":{"rendered":"GrillSymbol Paella Pfanne Grill Expert-720"},"content":{"rendered":"<p>&nbsp;<\/p>\n<ul>\n<li>Material Pfanne: 3 mm Stahl<\/li>\n<li>Durchmesser: 72 cm<\/li>\n<li>Bodendurchmesser: 61 cm<\/li>\n<li>Kapazit\u00e4t: ca 20-30 Portionen<\/li>\n<li>H\u00f6he: 85 cm<\/li>\n<li>H\u00f6he der Pfannenseite: 5 cm<\/li>\n<li>Gewicht: Pfanne 10 kg, insgesamt 20 kg<\/li>\n<li>Brenner: 13,5 kW, Durchmesser 50 cm<\/li>\n<li>Gasverbrauch bei der Vollleistung 1 kg\/h, in \u00fcblichen Bedingungen 0,3-0,6 kg\/h<\/li>\n<li>Achtung! Die passende D\u00fcse wird in dem Betrieb komplektiert und entspricht die Voraussetzungen im Zielland der Bestellung.<\/li>\n<li>Die zwei Ringe der Brenner k\u00f6nnen getrennt reguliert werden<\/li>\n<li>Gas Regler und Schlauch sind nicht im Set enthalten!<\/li>\n<\/ul>\n<p>&nbsp;<\/p>\n<p><strong>Achtung!<\/strong>\u00a0Der Deckel ist nicht im Set enthalten!<\/p>\n","protected":false},"excerpt":{"rendered":"<p>Eine\u00a0<strong>Stahlpfanne\u00a0<\/strong>mit hohem Rand und sehr guten Brateigenschaften, die sich ideal zu Zubereitung von Fleisch-, Fisch-, Gem\u00fcse- und allerlei Reisgerichte eignet. Durch ihre Gr\u00f6\u00dfe erm\u00f6glicht viele Portionen schnell zu zubereiten.<\/p>\n<p>Expert-720 erm\u00f6glicht Zubereitung allerlei Gerichte sowohl aus vorgebackenem als auch frischen Rohstoff. Sie k\u00f6nnen gleichzeitig 20-30 Portionen zubereiten, dies h\u00e4ngt von dem Gericht ab. Der 5 cm hoher Rand l\u00e4sst auch Essen schmoren und d\u00e4mpfen (unter dem Deckel), was ein gro\u00dfer Vorteil im Vergleich zu Pfannen mit niedrigem Rand ist. Verwenden Sie nur Ihre Fantasie und bereiten Sie sich ein leckeres Gericht zu!<\/p>\n","protected":false},"featured_media":24660,"comment_status":"open","ping_status":"closed","template":"","meta":{"footnotes":""},"class_list":["post-6778","product","type-product","status-publish","has-post-thumbnail","hentry","product_cat-paella-pfanne-grills"],"_links":{"self":[{"href":"https:\/\/www.grillsymbol.com\/de\/wp-json\/wp\/v2\/product\/6778","targetHints":{"allow":["GET"]}}],"collection":[{"href":"https:\/\/www.grillsymbol.com\/de\/wp-json\/wp\/v2\/product"}],"about":[{"href":"https:\/\/www.grillsymbol.com\/de\/wp-json\/wp\/v2\/types\/product"}],"replies":[{"embeddable":true,"href":"https:\/\/www.grillsymbol.com\/de\/wp-json\/wp\/v2\/comments?post=6778"}],"version-history":[{"count":0,"href":"https:\/\/www.grillsymbol.com\/de\/wp-json\/wp\/v2\/product\/6778\/revisions"}],"wp:featuredmedia":[{"embeddable":true,"href":"https:\/\/www.grillsymbol.com\/de\/wp-json\/wp\/v2\/media\/24660"}],"wp:attachment":[{"href":"https:\/\/www.grillsymbol.com\/de\/wp-json\/wp\/v2\/media?parent=6778"}],"curies":[{"name":"wp","href":"https:\/\/api.w.org\/{rel}","templated":true}]}}