{"id":6839,"date":"2019-04-18T09:06:14","date_gmt":"2019-04-18T09:06:14","guid":{"rendered":"https:\/\/www.grillsymbol.com\/shop\/uncategorized\/grillsymbol-wild-chef-set-46\/"},"modified":"2024-11-07T10:44:39","modified_gmt":"2024-11-07T10:44:39","slug":"outlet-grillsymbol-feuerpfanne-auf-beinen-wild-chef-%e2%88%85-46-cm","status":"publish","type":"product","link":"https:\/\/www.grillsymbol.com\/de\/shop\/outlet-de\/outlet-grillsymbol-feuerpfanne-auf-beinen-wild-chef-%e2%88%85-46-cm\/","title":{"rendered":"OUTLET GrillSymbol Feuerpfanne auf Beinen Wild Chef, \u2205 46 cm"},"content":{"rendered":"<p>&nbsp;<\/p>\n<ul>\n<li>Material: 3 mm Stahl<\/li>\n<li>Material des Grillrosts\/ Kochfeldes: 8 mm Stahl<\/li>\n<li>Durchmesser: 46 cm<\/li>\n<li>H\u00f6he der Pfannenseite: 5 cm<\/li>\n<li>Kapazit\u00e4t: 4-8 Portionen<\/li>\n<li>Gewicht: 7 kg<\/li>\n<li>3 Beine, H\u00f6he vom Boden ca. 20 cm, stark, stabil, befestigt mit M10 Gewindeschrauben<\/li>\n<li>Kompatibel mit Weber Kohlengrill 47<\/li>\n<\/ul>\n","protected":false},"excerpt":{"rendered":"<p><strong>Wild Chef Pfanne auf Beinen\u00a0<\/strong>ist etwas mehr als eine gew\u00f6hnlichen Pfanne.<\/p>\n<p>Diese Pfanne ist multifunktional, gro\u00df und mit guten Backeigenschaften, darauf kann man Essen gleichzeitig braten, kochen und grillen. Die Pfanne eignet sich zum Braten von Fleisch, Fisch und Gem\u00fcse, man kann darauf verschiedene Reisgerichte zubereiten oder Pfannkuchen machen. In der Mitte der Pfanne ist eine \u00d6ffnung (Diameter 10 cm), die mit einem Grillrost bedeckt ist \u2013 diesen kann man als Kochfeld benutzen oder darauf ein St\u00fcck Fleisch legen und am offenen Feuer grillen. Dank ihrem hohen Rand ist die Kapazit\u00e4t der Pfanne bis 4 l Fl\u00fcssigkeit, so k\u00f6nnen Sie auf dem Grill oder am offenen Feuer auch Eint\u00f6pfe kochen.<\/p>\n","protected":false},"featured_media":6831,"comment_status":"open","ping_status":"closed","template":"","meta":{"footnotes":""},"class_list":["post-6839","product","type-product","status-publish","has-post-thumbnail","hentry","product_cat-outlet-de"],"_links":{"self":[{"href":"https:\/\/www.grillsymbol.com\/de\/wp-json\/wp\/v2\/product\/6839","targetHints":{"allow":["GET"]}}],"collection":[{"href":"https:\/\/www.grillsymbol.com\/de\/wp-json\/wp\/v2\/product"}],"about":[{"href":"https:\/\/www.grillsymbol.com\/de\/wp-json\/wp\/v2\/types\/product"}],"replies":[{"embeddable":true,"href":"https:\/\/www.grillsymbol.com\/de\/wp-json\/wp\/v2\/comments?post=6839"}],"version-history":[{"count":0,"href":"https:\/\/www.grillsymbol.com\/de\/wp-json\/wp\/v2\/product\/6839\/revisions"}],"wp:featuredmedia":[{"embeddable":true,"href":"https:\/\/www.grillsymbol.com\/de\/wp-json\/wp\/v2\/media\/6831"}],"wp:attachment":[{"href":"https:\/\/www.grillsymbol.com\/de\/wp-json\/wp\/v2\/media?parent=6839"}],"curies":[{"name":"wp","href":"https:\/\/api.w.org\/{rel}","templated":true}]}}