{"id":6923,"date":"2017-04-11T06:36:05","date_gmt":"2017-04-11T06:36:05","guid":{"rendered":"https:\/\/www.grillsymbol.com\/shop\/uncategorized\/grillsymbol-paella-gas-burner-65-kw\/"},"modified":"2026-01-13T14:58:18","modified_gmt":"2026-01-13T14:58:18","slug":"grillsymbol-paella-brenner-fuer-au%ce%b2enbetrieb-b300","status":"publish","type":"product","link":"https:\/\/www.grillsymbol.com\/de\/shop\/paella-brenner\/grillsymbol-paella-brenner-fuer-au%ce%b2enbetrieb-b300\/","title":{"rendered":"GrillSymbol Paella Brenner f\u00fcr Au\u03b2enbetrieb B300"},"content":{"rendered":"<ul>\n<li>Brenner: 6,5 kW, Durchmesser 30 cm<\/li>\n<li>Gasverbrauch: bei Vollleistung 0,6 kg \/ h, bei Normbedingungen 0,2-0,4 kg \/ h<\/li>\n<\/ul>\n","protected":false},"excerpt":{"rendered":"<p>Der\u00a0<strong>Gasbrenner mit Durchmesser 30 cm<\/strong> kann Paellapfannen mit einem Bodendurchmesser 30 cm aufnehmen. Ideal f\u00fcr Au\u00dfenk\u00fcche.<\/p>\n","protected":false},"featured_media":18057,"comment_status":"open","ping_status":"closed","template":"","meta":{"footnotes":""},"class_list":["post-6923","product","type-product","status-publish","has-post-thumbnail","hentry","product_cat-paella-brenner"],"_links":{"self":[{"href":"https:\/\/www.grillsymbol.com\/de\/wp-json\/wp\/v2\/product\/6923","targetHints":{"allow":["GET"]}}],"collection":[{"href":"https:\/\/www.grillsymbol.com\/de\/wp-json\/wp\/v2\/product"}],"about":[{"href":"https:\/\/www.grillsymbol.com\/de\/wp-json\/wp\/v2\/types\/product"}],"replies":[{"embeddable":true,"href":"https:\/\/www.grillsymbol.com\/de\/wp-json\/wp\/v2\/comments?post=6923"}],"version-history":[{"count":0,"href":"https:\/\/www.grillsymbol.com\/de\/wp-json\/wp\/v2\/product\/6923\/revisions"}],"wp:featuredmedia":[{"embeddable":true,"href":"https:\/\/www.grillsymbol.com\/de\/wp-json\/wp\/v2\/media\/18057"}],"wp:attachment":[{"href":"https:\/\/www.grillsymbol.com\/de\/wp-json\/wp\/v2\/media?parent=6923"}],"curies":[{"name":"wp","href":"https:\/\/api.w.org\/{rel}","templated":true}]}}