{"id":6924,"date":"2017-04-11T06:35:53","date_gmt":"2017-04-11T06:35:53","guid":{"rendered":"https:\/\/www.grillsymbol.com\/shop\/uncategorized\/grillsymbol-paella-gas-burner-114-kw\/"},"modified":"2026-04-22T11:51:31","modified_gmt":"2026-04-22T11:51:31","slug":"grillsymbol-paella-brenner-fuer-au%ce%b2enbetrieb-b400","status":"publish","type":"product","link":"https:\/\/www.grillsymbol.com\/de\/shop\/paella-brenner\/grillsymbol-paella-brenner-fuer-au%ce%b2enbetrieb-b400\/","title":{"rendered":"GrillSymbol Paella Brenner f\u00fcr Au\u03b2enbetrieb B400"},"content":{"rendered":"<p>&nbsp;<\/p>\n<ul>\n<li>Brenner: 11,4 kW, Durchmesser 40 cm<\/li>\n<li>Gasverbrauch: bei Vollleistung 1 kg \/ h, bei Normbedingungen 0,3-0,6 kg \/ h<\/li>\n<li>Die zwei Ringe des Brenners k\u00f6nnen getrennt reguliert werden<\/li>\n<\/ul>\n","protected":false},"excerpt":{"rendered":"<p>Der <strong>Gasbrenner mit Durchmesser 40 cm<\/strong> und 2 Ringen kann Paellapfannen mit einem Bodendurchmesser ab 40 cm aufnehmen. Jeder Ring wird \u00fcber einen eigenen Knopf gesteuert, sodass Sie die W\u00e4rme einstellen k\u00f6nnen, wo und wann sie ben\u00f6tigt wird. Ideal f\u00fcr Au\u00dfenk\u00fcche.<\/p>\n","protected":false},"featured_media":18072,"comment_status":"open","ping_status":"closed","template":"","meta":{"footnotes":""},"class_list":["post-6924","product","type-product","status-publish","has-post-thumbnail","hentry","product_cat-paella-brenner"],"_links":{"self":[{"href":"https:\/\/www.grillsymbol.com\/de\/wp-json\/wp\/v2\/product\/6924","targetHints":{"allow":["GET"]}}],"collection":[{"href":"https:\/\/www.grillsymbol.com\/de\/wp-json\/wp\/v2\/product"}],"about":[{"href":"https:\/\/www.grillsymbol.com\/de\/wp-json\/wp\/v2\/types\/product"}],"replies":[{"embeddable":true,"href":"https:\/\/www.grillsymbol.com\/de\/wp-json\/wp\/v2\/comments?post=6924"}],"version-history":[{"count":0,"href":"https:\/\/www.grillsymbol.com\/de\/wp-json\/wp\/v2\/product\/6924\/revisions"}],"wp:featuredmedia":[{"embeddable":true,"href":"https:\/\/www.grillsymbol.com\/de\/wp-json\/wp\/v2\/media\/18072"}],"wp:attachment":[{"href":"https:\/\/www.grillsymbol.com\/de\/wp-json\/wp\/v2\/media?parent=6924"}],"curies":[{"name":"wp","href":"https:\/\/api.w.org\/{rel}","templated":true}]}}