{"id":6925,"date":"2017-04-11T06:35:14","date_gmt":"2017-04-11T06:35:14","guid":{"rendered":"https:\/\/www.grillsymbol.com\/shop\/uncategorized\/grillsymbol-paella-gas-burner-21-kw\/"},"modified":"2026-01-13T15:18:43","modified_gmt":"2026-01-13T15:18:43","slug":"grillsymbol-paella-brenner-fuer-au%ce%b2enbetrieb-b600","status":"publish","type":"product","link":"https:\/\/www.grillsymbol.com\/de\/shop\/paella-brenner\/grillsymbol-paella-brenner-fuer-au%ce%b2enbetrieb-b600\/","title":{"rendered":"GrillSymbol Paella Brenner f\u00fcr Au\u03b2enbetrieb B600"},"content":{"rendered":"<ul>\n<li>Brenner: 21 kW, Durchmesser 60 cm<\/li>\n<li>Gasverbrauch: bei Vollleistung 1,5 kg \/ h, bei Normbedingungen 0,5-1 kg \/ h<\/li>\n<li>Die drei Ringe des Brenners k\u00f6nnen getrennt reguliert werden<\/li>\n<\/ul>\n","protected":false},"excerpt":{"rendered":"<p>Der\u00a0<strong>klassische Paella-Gasbrenner mit Durchmesser 60 cm<\/strong>\u00a0und 3 Ringen kann Paellapfannen mit einem Durchmesser von bis zu 80 cm aufnehmen. Jeder Ring wird \u00fcber einen eigenen Knopf gesteuert, sodass Sie die W\u00e4rme einstellen k\u00f6nnen, wo und wann sie ben\u00f6tigt wird. Ideal f\u00fcr Au\u00dfenk\u00fcche.<\/p>\n","protected":false},"featured_media":18107,"comment_status":"open","ping_status":"closed","template":"","meta":{"footnotes":""},"class_list":["post-6925","product","type-product","status-publish","has-post-thumbnail","hentry","product_cat-paella-brenner"],"_links":{"self":[{"href":"https:\/\/www.grillsymbol.com\/de\/wp-json\/wp\/v2\/product\/6925","targetHints":{"allow":["GET"]}}],"collection":[{"href":"https:\/\/www.grillsymbol.com\/de\/wp-json\/wp\/v2\/product"}],"about":[{"href":"https:\/\/www.grillsymbol.com\/de\/wp-json\/wp\/v2\/types\/product"}],"replies":[{"embeddable":true,"href":"https:\/\/www.grillsymbol.com\/de\/wp-json\/wp\/v2\/comments?post=6925"}],"version-history":[{"count":0,"href":"https:\/\/www.grillsymbol.com\/de\/wp-json\/wp\/v2\/product\/6925\/revisions"}],"wp:featuredmedia":[{"embeddable":true,"href":"https:\/\/www.grillsymbol.com\/de\/wp-json\/wp\/v2\/media\/18107"}],"wp:attachment":[{"href":"https:\/\/www.grillsymbol.com\/de\/wp-json\/wp\/v2\/media?parent=6925"}],"curies":[{"name":"wp","href":"https:\/\/api.w.org\/{rel}","templated":true}]}}