{"id":6975,"date":"2019-04-24T05:00:29","date_gmt":"2019-04-24T09:38:38","guid":{"rendered":"https:\/\/www.grillsymbol.com\/shop\/uncategorized\/grillsymbol-chef-charcoal-bbq\/"},"modified":"2026-04-29T05:58:42","modified_gmt":"2026-04-29T05:58:42","slug":"grillsymbol-holzkohlegrill-chef","status":"publish","type":"product","link":"https:\/\/www.grillsymbol.com\/de\/shop\/smoker-holzkohlegrills-und-holzkohlegrills\/grillsymbol-holzkohlegrill-chef\/","title":{"rendered":"GrillSymbol Holzkohlegrill Chef"},"content":{"rendered":"<p>&nbsp;<\/p>\n<ul>\n<li>Ma\u00dfe: 128 x 35 x 95 cm (Breite* Tiefe* H\u00f6he)<\/li>\n<li>Gewicht: 46 kg<\/li>\n<li>Kochbereich: 85 x 34 cm<\/li>\n<li>H\u00f6he: Ebene des Grillrosts 80 cm, mit Deckel 95 cm<\/li>\n<li>Ma\u00dfe des Grillrosts 50 x 33 cm (Zur Auswahl sind folgende Grillroste: ZZG, CG-1, VG, MG oder FTG. <strong>Beim Bestellen schreibe Deine Pr\u00e4ferenz in das Feld der zus\u00e4tzlichen Information<\/strong>)<\/li>\n<li>Kapazit\u00e4t des Grillrosts: 1,5-2,5 kg Fleisch oder Grillw\u00fcrstchen<\/li>\n<li>Zum Grillen Holzkohle, Briketts oder machen Sie die Holzkohle selbst<\/li>\n<li>F\u00fcr Holzkohle hat der Grill 2 Holzkohleschalen aus <strong>Edelstahl<\/strong> \u2013 es vereinfacht das Entleeren<\/li>\n<li>An den Seiten des Grills sind Bel\u00fcftungs\u00f6ffnungen, die f\u00fcr den guten Luftaustausch sorgen<\/li>\n<li>Der Grillk\u00f6rper hat Kerben, die an allen vier Seiten die Grillspiesse fixieren helfen<\/li>\n<li>Der Deckel hat eine Bel\u00fcftungsklappe, mit der Luftaustausch reguliert werden kann<\/li>\n<li>Der Grillofen hat ein \u00e4u\u00dferes Thermometer mit Skala von 0 bis 300\u00b0C<\/li>\n<li>Der Deckel, die Seitenablage und das untere Regalsind aus Edelstahl<\/li>\n<\/ul>\n<p>&nbsp;<\/p>\n<p><strong>Achtung!<\/strong><\/p>\n<ul>\n<li>Unter dem Einfluss von Hitze wird beim Grillen das Cortengeh\u00e4use etwas dunkler als das Produktfoto zeigt.<\/li>\n<li>W\u00e4hrend heftigen Regen kann durch den kleinen Spalt zwischen den Deckel und dem Grillgeh\u00e4use etwas Wasser in den Grill rein fliessen. Das ist aber kein Problem &#8211; durch die L\u00fcftungsl\u00f6cher am Boden fliesst das Wasser raus und das Material wird nicht besch\u00e4digt, da CorTen-Stahl best\u00e4ndig ist.<\/li>\n<li>Die Produkte aus Corten Stahl werden unbehandelt geliefert und sind somit grau wie gew\u00f6hnlicher warmgewalzter Stahl. Anleitung zu Alterungsprozesses von Corten Stahl findest Du auf unserer Webseite oder kannst es direkt von dem Produkt Scannen.<br \/>\n<h5><\/h5>\n<h5><a href=\"https:\/\/www.grillsymbol.com\/de\/ueber-die-materialien-und-bodenformen-der-pfannen\/corten-alterungsprozess\/\" target=\"_blank\" rel=\"noopener\">Siehe hier: Alterungsleitfaden f\u00fcr Cor-Ten-Produkte<\/a><\/h5>\n<\/li>\n<\/ul>\n","protected":false},"excerpt":{"rendered":"<p><strong>Chef Holzkohlegrill<\/strong> ist eine Kombination von alter Klassik und modernen Materialien. Alte klassische Form, praktische Details und moderne Materialien, Handarbeit.\u00a0<strong>Im Jahre 2024 haben wir ein neues Modell herausgebracht, welches funktioneller ist und 20% mehr Kapazit\u00e4t hat als der Vorg\u00e4nger.<\/strong> \u00a0Dank gr\u00f6\u00dferer Grillfl\u00e4che kann man gleichzeitig das Grillrost und die Wokpfanne oder Plancha benutzt werden<\/p>\n<p>Der Materialeinsatz ist wie in alten guten Zeiten, keine Materialeinsparungen! Das Geh\u00e4use ist aus 3 mm Cortenstahl, dieses Material h\u00e4lt beim Grillen die Temperatur stabil. Nicht weniger wichtig ist der aus 5 mm Stahl angefertigte Grillrost. Mit diesem Rost sind beste Geschmackerlebnisse garantiert!<\/p>\n<p>Die Beine des Grills und kleinere Details sind so gestaltet, dass diese aus den Materialresten anderer Produkte produziert werden k\u00f6nnen und somit die Umwelt geschont wird.<\/p>\n<p>Die rotbraune Farbe des Grills wird mit den Details aus Edelstahl kombiniert und so ist es hier nicht nur ein sehr gutes Grillger\u00e4t, sondern auch ein Accessoire, welches mit seinem beeindruckenden Aussehen unter den Andern ganz sicher heraussticht.<\/p>\n<p>Corten- und Edelstahl sind als Materialien sehr wetterfest \u2013 der Chef Grill wartet auf dich unter freiem Himmel und bei jedem Wetter 365 Tage im Jahr.<\/p>\n<p>&nbsp;<\/p>\n<p>&nbsp;<\/p>\n","protected":false},"featured_media":24052,"comment_status":"open","ping_status":"closed","template":"","meta":{"footnotes":""},"class_list":["post-6975","product","type-product","status-publish","has-post-thumbnail","hentry","product_cat-smoker-holzkohlegrills-und-holzkohlegrills"],"_links":{"self":[{"href":"https:\/\/www.grillsymbol.com\/de\/wp-json\/wp\/v2\/product\/6975","targetHints":{"allow":["GET"]}}],"collection":[{"href":"https:\/\/www.grillsymbol.com\/de\/wp-json\/wp\/v2\/product"}],"about":[{"href":"https:\/\/www.grillsymbol.com\/de\/wp-json\/wp\/v2\/types\/product"}],"replies":[{"embeddable":true,"href":"https:\/\/www.grillsymbol.com\/de\/wp-json\/wp\/v2\/comments?post=6975"}],"version-history":[{"count":1,"href":"https:\/\/www.grillsymbol.com\/de\/wp-json\/wp\/v2\/product\/6975\/revisions"}],"predecessor-version":[{"id":35827,"href":"https:\/\/www.grillsymbol.com\/de\/wp-json\/wp\/v2\/product\/6975\/revisions\/35827"}],"wp:featuredmedia":[{"embeddable":true,"href":"https:\/\/www.grillsymbol.com\/de\/wp-json\/wp\/v2\/media\/24052"}],"wp:attachment":[{"href":"https:\/\/www.grillsymbol.com\/de\/wp-json\/wp\/v2\/media?parent=6975"}],"curies":[{"name":"wp","href":"https:\/\/api.w.org\/{rel}","templated":true}]}}